{"id":5680,"date":"2025-10-13T08:51:46","date_gmt":"2025-10-13T06:51:46","guid":{"rendered":"http:\/\/torzokom.com\/?post_type=product&#038;p=5680"},"modified":"2025-10-26T00:35:02","modified_gmt":"2025-10-25T22:35:02","slug":"blaser-lovacka-baterijska-lampa-edl-2000","status":"publish","type":"product","link":"https:\/\/torzokom.com\/en\/product\/blaser-lovacka-baterijska-lampa-edl-2000\/","title":{"rendered":"Blaser Lampa EDL 2000"},"content":{"rendered":"<p>Blaser lova\u010dka baterijska lampa EDL 2000<\/p>\n<p>Lako rukovanje \u2013 sna\u017ene performanse<\/p>\n<p>Blaser lova\u010dka baterijska lampa EDL 2000 je posebno otporna na vremenske uslove zahvaljuju\u0107i svom kompaktnom ku\u0107i\u0161tu du\u017eine 18 cm od aluminijuma T6 \u2013 i stoga uvek uz vas. EDL ozna\u010dava \u201esvakodnevno svijetlo\u201c \u2013 asortiman baterijskih lampi koji je razvijen posebno za svakodnevnu upotrebu.<\/p>\n<p>Lampa sa tipi\u010dnim Blaser dizajnom isti\u010de se sa 2 000 lumena na maksimalnom nivou, maksimalnim dometom od pribl. 350 m i \u010detiri razli\u010dita re\u017eima belog svijetla. Bilo da vam treba sna\u017eno svijetlo da vidite dalje ili meko osvjetljenje u blizini \u2013 ova baterijska lampa ispunjava sve va\u0161e zahtjeve.<\/p>\n<p>Lako rukovanje: Pored dugmeta za uklju\u010divanje\/isklju\u010divanje, lampa ima jo\u0161 jedno, centralno postavljeno dugme za prebacivanje re\u017eima osvjetljenja i ozna\u010davanje koji je od \u010detiri re\u017eima trenutno aktivan. Sa prakti\u010dnim indikatorom punjenja. Radi na baterije ili se mo\u017ee puniti preko USB-C porta. Ako se lampa zagrije, funkcija automatske regulacije svetlosnog fluksa obezbje\u0111uje da maksimalna temperatura lampe ne pre\u0111e 60 \u00b0C.<\/p>\n<p>Njegovo intuitivno rukovanje i velika snaga \u010dine EDL2000 savr\u0161enom svakodnevnom baterijskom lampom!<\/p>\n","protected":false},"excerpt":{"rendered":"<p>Blaser lova\u010dka baterijska lampa EDL 2000 Lako rukovanje \u2013 sna\u017ene performanse Blaser lova\u010dka baterijska lampa EDL 2000 je posebno otporna na vremenske uslove zahvaljuju\u0107i svom kompaktnom ku\u0107i\u0161tu du\u017eine 18 cm od aluminijuma T6 \u2013 i stoga uvek uz vas. EDL ozna\u010dava \u201esvakodnevno svijetlo\u201c \u2013 asortiman baterijskih lampi koji je razvijen posebno za svakodnevnu upotrebu. Lampa [&hellip;]<\/p>\n","protected":false},"featured_media":5681,"template":"","meta":[],"product_cat":[198,182,83],"product_tag":[],"class_list":{"0":"post-5680","1":"product","2":"type-product","3":"status-publish","4":"has-post-thumbnail","6":"product_brand-blaser","7":"product_cat-lampe","8":"product_cat-baterijske-lampe","9":"product_cat-dodatna-oprema","11":"first","12":"instock","13":"taxable","14":"shipping-taxable","15":"purchasable","16":"product-type-simple"},"_links":{"self":[{"href":"https:\/\/torzokom.com\/en\/wp-json\/wp\/v2\/product\/5680","targetHints":{"allow":["GET"]}}],"collection":[{"href":"https:\/\/torzokom.com\/en\/wp-json\/wp\/v2\/product"}],"about":[{"href":"https:\/\/torzokom.com\/en\/wp-json\/wp\/v2\/types\/product"}],"version-history":[{"count":0,"href":"https:\/\/torzokom.com\/en\/wp-json\/wp\/v2\/product\/5680\/revisions"}],"wp:featuredmedia":[{"embeddable":true,"href":"https:\/\/torzokom.com\/en\/wp-json\/wp\/v2\/media\/5681"}],"wp:attachment":[{"href":"https:\/\/torzokom.com\/en\/wp-json\/wp\/v2\/media?parent=5680"}],"wp:term":[{"taxonomy":"product_cat","embeddable":true,"href":"https:\/\/torzokom.com\/en\/wp-json\/wp\/v2\/product_cat?post=5680"},{"taxonomy":"product_tag","embeddable":true,"href":"https:\/\/torzokom.com\/en\/wp-json\/wp\/v2\/product_tag?post=5680"}],"curies":[{"name":"wp","href":"https:\/\/api.w.org\/{rel}","templated":true}]}}