{"id":5691,"date":"2025-10-13T11:26:52","date_gmt":"2025-10-13T09:26:52","guid":{"rendered":"http:\/\/torzokom.com\/?post_type=product&#038;p=5691"},"modified":"2025-10-26T23:06:24","modified_gmt":"2025-10-26T22:06:24","slug":"blaser-noz-preklopni-profesional","status":"publish","type":"product","link":"https:\/\/torzokom.com\/en\/product\/blaser-noz-preklopni-profesional\/","title":{"rendered":"Blaser No\u017e Preklopni Profesional"},"content":{"rendered":"<p>80416068 Blaser Professional Folding Switch Sword<\/p>\n<p>U svijetu lova i aktivnosti na otvorenom, pouzdan no\u017e je neophodan. Sklopivi no\u017e Blaser Professional u crnoj boji kombinuje funkcionalnost sa elegantnim dizajnom, \u0161to ga \u010dini nezaobilaznim pratiocem za zahtjevne avanturiste.<br \/>\nSje\u010divo: O\u0161tro i izdr\u017eljivo sje\u010divo je idealno za precizno sije\u010denje i ostaje pouzdano \u010dak i pri intenzivnoj upotrebi.<\/p>\n<p>Ru\u010dka: Ergonomski dizajnirana crna ru\u010dka obezbje\u0111uje bezbjedno i udobno rukovanje, \u010dak i u te\u0161kim uslovima.<br \/>\nBezbjednosni mehanizam: Pouzdan mehanizam za zaklju\u010davanje osigurava da je jse\u010divo bezbedno zaklju\u010dano tokom upotrebe i sprje\u010dava slu\u010dajno savijanje.<br \/>\nNajlonska torbica: Zahvaljuju\u0107i prilo\u017eenoj najlonskoj torbici, no\u017e se mo\u017ee udobno nositi na kai\u0161u ili u futroli.<\/p>\n<p>Oblasti primjene:<br \/>\nBilo da se radi o lovu, kampovanju ili drugim aktivnostima na otvorenom \u2013 Blaser Professional sklopivi no\u017e impresionira svojom svestrano\u0161\u0107u i robusno\u0161\u0107u. To je neophodan alat za svakoga ko ceni kvalitet i funkcionalnost.<\/p>\n","protected":false},"excerpt":{"rendered":"<p>80416068 Blaser Professional Folding Switch Sword U svijetu lova i aktivnosti na otvorenom, pouzdan no\u017e je neophodan. Sklopivi no\u017e Blaser Professional u crnoj boji kombinuje funkcionalnost sa elegantnim dizajnom, \u0161to ga \u010dini nezaobilaznim pratiocem za zahtjevne avanturiste. Sje\u010divo: O\u0161tro i izdr\u017eljivo sje\u010divo je idealno za precizno sije\u010denje i ostaje pouzdano \u010dak i pri intenzivnoj upotrebi. [&hellip;]<\/p>\n","protected":false},"featured_media":0,"template":"","meta":[],"product_cat":[47,83],"product_tag":[],"class_list":{"0":"post-5691","1":"product","2":"type-product","3":"status-publish","5":"product_brand-blaser","6":"product_cat-nozevi","7":"product_cat-dodatna-oprema","9":"first","10":"instock","11":"taxable","12":"shipping-taxable","13":"purchasable","14":"product-type-simple"},"_links":{"self":[{"href":"https:\/\/torzokom.com\/en\/wp-json\/wp\/v2\/product\/5691","targetHints":{"allow":["GET"]}}],"collection":[{"href":"https:\/\/torzokom.com\/en\/wp-json\/wp\/v2\/product"}],"about":[{"href":"https:\/\/torzokom.com\/en\/wp-json\/wp\/v2\/types\/product"}],"version-history":[{"count":0,"href":"https:\/\/torzokom.com\/en\/wp-json\/wp\/v2\/product\/5691\/revisions"}],"wp:attachment":[{"href":"https:\/\/torzokom.com\/en\/wp-json\/wp\/v2\/media?parent=5691"}],"wp:term":[{"taxonomy":"product_cat","embeddable":true,"href":"https:\/\/torzokom.com\/en\/wp-json\/wp\/v2\/product_cat?post=5691"},{"taxonomy":"product_tag","embeddable":true,"href":"https:\/\/torzokom.com\/en\/wp-json\/wp\/v2\/product_tag?post=5691"}],"curies":[{"name":"wp","href":"https:\/\/api.w.org\/{rel}","templated":true}]}}