{"id":5695,"date":"2025-10-13T11:36:26","date_gmt":"2025-10-13T09:36:26","guid":{"rendered":"http:\/\/torzokom.com\/?post_type=product&#038;p=5695"},"modified":"2025-10-23T01:20:25","modified_gmt":"2025-10-22T23:20:25","slug":"gpo-spectra-8x-2-16x44i-2","status":"publish","type":"product","link":"https:\/\/torzokom.com\/en\/product\/gpo-spectra-8x-2-16x44i-2\/","title":{"rendered":"GPO Spectra 8x 2-16x44i"},"content":{"rendered":"<h2>Optika GPO Spectra 8x 2-16x44i<\/h2>\n<p>Impresionira svojim kompaktnim dizajnom, kupolama koje se mogu podesiti bez alata, polugom za koja je uklju\u010dena, velikim otpu\u0161tanjem oka i sredi\u0161njom cevi od 30 mm sa opsegom pode\u0161avanja od 291 cm na 100 metara. Za kon\u010danicu, kon\u010danica lova\u010dka G4i opti\u010dke mre\u017ee sa veoma finom i svetlom osvetljenom ta\u010dkom. Ovde je integrisana i iControl tehnologija koja automatski isklju\u010duje crvenu ta\u010dku nakon 3 sata i pokazuje kada treba promeniti bateriju.<br \/>\nKao i svi na\u0161i kvaliteti, GPObright\u2122 vi\u0161eslojni premazi obezbe\u0111uju vrhunski prenos svetlosti i rezoluciju&#8230;naro\u010dito tokom tih kriti\u010dnih poslednjih trenutaka svetlosti. Sve u svemu, svestrani ni\u0161an najvi\u0161eg kvaliteta sa svim potrebnim karakteristikama po vi\u0161e nego po\u0161tenoj ceni.<br \/>\nGPObright\u2122 vi\u0161eslojni premazi obezbe\u0111uju vrhunski prenos svetlosti i rezoluciju&#8230;naro\u010dito tokom tih kriti\u010dnih poslednjih trenutaka svetlosti.<\/p>\n","protected":false},"excerpt":{"rendered":"<p>2-16k44i u drugoj \u017ei\u017enoj ravni je idealan ni\u0161an za srednje udaljenosti i lov na pokrete.<\/p>\n","protected":false},"featured_media":5696,"template":"","meta":[],"product_cat":[105,106],"product_tag":[],"class_list":{"0":"post-5695","1":"product","2":"type-product","3":"status-publish","4":"has-post-thumbnail","6":"product_brand-gpo","7":"product_cat-optika","8":"product_cat-opticki-nisani","10":"first","11":"instock","12":"taxable","13":"shipping-taxable","14":"purchasable","15":"product-type-simple"},"_links":{"self":[{"href":"https:\/\/torzokom.com\/en\/wp-json\/wp\/v2\/product\/5695","targetHints":{"allow":["GET"]}}],"collection":[{"href":"https:\/\/torzokom.com\/en\/wp-json\/wp\/v2\/product"}],"about":[{"href":"https:\/\/torzokom.com\/en\/wp-json\/wp\/v2\/types\/product"}],"version-history":[{"count":0,"href":"https:\/\/torzokom.com\/en\/wp-json\/wp\/v2\/product\/5695\/revisions"}],"wp:featuredmedia":[{"embeddable":true,"href":"https:\/\/torzokom.com\/en\/wp-json\/wp\/v2\/media\/5696"}],"wp:attachment":[{"href":"https:\/\/torzokom.com\/en\/wp-json\/wp\/v2\/media?parent=5695"}],"wp:term":[{"taxonomy":"product_cat","embeddable":true,"href":"https:\/\/torzokom.com\/en\/wp-json\/wp\/v2\/product_cat?post=5695"},{"taxonomy":"product_tag","embeddable":true,"href":"https:\/\/torzokom.com\/en\/wp-json\/wp\/v2\/product_tag?post=5695"}],"curies":[{"name":"wp","href":"https:\/\/api.w.org\/{rel}","templated":true}]}}