{"id":5713,"date":"2025-10-13T12:59:49","date_gmt":"2025-10-13T10:59:49","guid":{"rendered":"http:\/\/torzokom.com\/?post_type=product&#038;p=5713"},"modified":"2025-12-09T17:01:09","modified_gmt":"2025-12-09T16:01:09","slug":"ekol-dicle-fume-9mm-pak-signalni-pistolj","status":"publish","type":"product","link":"https:\/\/torzokom.com\/en\/product\/ekol-dicle-fume-9mm-pak-signalni-pistolj\/","title":{"rendered":"Signalni pi\u0161tolj EKOL Dicle Fume 9mm PAK"},"content":{"rendered":"<h2>EKOL Dicle Fume 9mm PAK signalni pi\u0161tolj<\/h2>\n<p>Signal pi\u0161tolj pla\u0161ljivac<\/p>\n<p>Pla\u0161ljivac koristi municiju punjenu malodimnim barutom 9mm Pak i u \u0161an\u017eer staje 17+1 metaka. Te\u017eina i veli\u010dina stra\u0161ljivaca je ista kao i prava SIG SAUER P226 po kojoj je ovaj stra\u0161ljivac i napravljen. Stra\u0161ljivac dolazi upakovan u plasti\u010dni kofer i uz njega dolazi nastavak za ispaljivanje svjetle\u0107ih raketica.<\/p>\n","protected":false},"excerpt":{"rendered":"<ul>\n<li>Model: Ekol DICLE Fume<\/li>\n<li>Cal: 9mm PAK<\/li>\n<\/ul>\n","protected":false},"featured_media":0,"template":"","meta":[],"product_cat":[46,179],"product_tag":[],"class_list":{"0":"post-5713","1":"product","2":"type-product","3":"status-publish","5":"product_brand-ekol","6":"product_cat-oruzje","7":"product_cat-signalni-startni-pistolji","9":"first","10":"instock","11":"taxable","12":"shipping-taxable","13":"purchasable","14":"product-type-simple"},"_links":{"self":[{"href":"https:\/\/torzokom.com\/en\/wp-json\/wp\/v2\/product\/5713","targetHints":{"allow":["GET"]}}],"collection":[{"href":"https:\/\/torzokom.com\/en\/wp-json\/wp\/v2\/product"}],"about":[{"href":"https:\/\/torzokom.com\/en\/wp-json\/wp\/v2\/types\/product"}],"version-history":[{"count":0,"href":"https:\/\/torzokom.com\/en\/wp-json\/wp\/v2\/product\/5713\/revisions"}],"wp:attachment":[{"href":"https:\/\/torzokom.com\/en\/wp-json\/wp\/v2\/media?parent=5713"}],"wp:term":[{"taxonomy":"product_cat","embeddable":true,"href":"https:\/\/torzokom.com\/en\/wp-json\/wp\/v2\/product_cat?post=5713"},{"taxonomy":"product_tag","embeddable":true,"href":"https:\/\/torzokom.com\/en\/wp-json\/wp\/v2\/product_tag?post=5713"}],"curies":[{"name":"wp","href":"https:\/\/api.w.org\/{rel}","templated":true}]}}