{"id":5715,"date":"2025-10-13T13:03:04","date_gmt":"2025-10-13T11:03:04","guid":{"rendered":"http:\/\/torzokom.com\/?post_type=product&#038;p=5715"},"modified":"2025-10-26T22:48:09","modified_gmt":"2025-10-26T21:48:09","slug":"blaser-set-nozeva-za-obradu","status":"publish","type":"product","link":"https:\/\/torzokom.com\/en\/product\/blaser-set-nozeva-za-obradu\/","title":{"rendered":"Blaser set no\u017eeva za obradu"},"content":{"rendered":"<ul>\n<li>Blaser set no\u017eeva za obradu<\/li>\n<li>O\u0161tra\u010d no\u017eeva<\/li>\n<li>Izdr\u017eljiva torba za skladi\u0161tenje<\/li>\n<\/ul>\n<p>Bilo da otvarate, gulite ko\u017eu, vadite, secirajte ili rastavljate \u2013 ovaj komplet ima sve \u0161to vam je potrebno. Komplet sadr\u017ei no\u017e za otko\u0161tavanje, sredstvo za \u010di\u0161\u0107enje ko\u017ee, kapar, testeru za kosti i o\u0161trenje no\u017eeva. Sa svojom udicom za kidanje, skinner je savr\u0161en za skidanje ko\u017ee sa divlja\u010di bez o\u0161te\u0107enja unutra\u0161njih organa. No\u017e za otko\u0161tavanje sa o\u0161tricom od 12,1 cm i kapara sa se\u010divom od 9 cm idealni su za se\u010denje mesa. Komplet tako\u0111e uklju\u010duje o\u0161trenje no\u017eeva za vra\u0107anje o\u0161trine se\u010diva kada je to potrebno.<br \/>\nIsporu\u010dena vre\u0107a se mo\u017ee isprati i o\u010distiti. Se\u010diva su napravljena od ner\u0111aju\u0107eg \u010delika, nude\u0107i karakteristi\u010dne prednosti otpornosti na koroziju i lako\u0107u upotrebe. Ru\u010dke sa logotipom argalija u jarko narand\u017eastoj boji ne samo da upadaju u o\u010di, ve\u0107 ih je lako prona\u0107i kada ste napolju, \u010dak i pri slabom osvetljenju.<br \/>\nBlaser Professional Opening Kit \u2013 kompletno re\u0161enje za obradu!<\/p>\n","protected":false},"excerpt":{"rendered":"<p>Blaser Professional Opening Kit je kompletno re\u0161enje za obradu vani ili prostoru.<\/p>\n","protected":false},"featured_media":5716,"template":"","meta":[],"product_cat":[83,47],"product_tag":[],"class_list":{"0":"post-5715","1":"product","2":"type-product","3":"status-publish","4":"has-post-thumbnail","6":"product_brand-blaser","7":"product_cat-dodatna-oprema","8":"product_cat-nozevi","10":"first","11":"instock","12":"taxable","13":"shipping-taxable","14":"purchasable","15":"product-type-simple"},"_links":{"self":[{"href":"https:\/\/torzokom.com\/en\/wp-json\/wp\/v2\/product\/5715","targetHints":{"allow":["GET"]}}],"collection":[{"href":"https:\/\/torzokom.com\/en\/wp-json\/wp\/v2\/product"}],"about":[{"href":"https:\/\/torzokom.com\/en\/wp-json\/wp\/v2\/types\/product"}],"version-history":[{"count":0,"href":"https:\/\/torzokom.com\/en\/wp-json\/wp\/v2\/product\/5715\/revisions"}],"wp:featuredmedia":[{"embeddable":true,"href":"https:\/\/torzokom.com\/en\/wp-json\/wp\/v2\/media\/5716"}],"wp:attachment":[{"href":"https:\/\/torzokom.com\/en\/wp-json\/wp\/v2\/media?parent=5715"}],"wp:term":[{"taxonomy":"product_cat","embeddable":true,"href":"https:\/\/torzokom.com\/en\/wp-json\/wp\/v2\/product_cat?post=5715"},{"taxonomy":"product_tag","embeddable":true,"href":"https:\/\/torzokom.com\/en\/wp-json\/wp\/v2\/product_tag?post=5715"}],"curies":[{"name":"wp","href":"https:\/\/api.w.org\/{rel}","templated":true}]}}