{"id":5732,"date":"2025-10-13T15:49:41","date_gmt":"2025-10-13T13:49:41","guid":{"rendered":"http:\/\/torzokom.com\/?post_type=product&#038;p=5732"},"modified":"2025-10-26T22:47:46","modified_gmt":"2025-10-26T21:47:46","slug":"sauer-lovacki-noz-generation-hunter","status":"publish","type":"product","link":"https:\/\/torzokom.com\/en\/product\/sauer-lovacki-noz-generation-hunter\/","title":{"rendered":"Sauer No\u017e &#8220;Generation Hunter&#8221;"},"content":{"rendered":"<h2>Sauer Lova\u010dki No\u017e &#8220;Generation Hunter&#8221;<\/h2>\n<div class=\"ad-description\">\n<p>Sauer Lova\u010dki No\u017e\u00a0 Generation Hunter \u2013 bilo da sije\u010dete i obra\u0111ujete divlja\u010d ili u razli\u010ditim svakodnevnim situacijama, Sauer Generation Hunter Knife je pouzdan alat. 10,4 cm duga\u010dko sje\u010divo napravljeno od robusnog \u010delika D2 karakteri\u0161e njegova svestranost i impresionira dobrim zadr\u017eavanjem ivica i dobrim mogu\u0107nostima o\u0161trenja.\u00a0No\u017e dolazi sa elegantnim ko\u017enim omota\u010dem za bezbjedno skladi\u0161tenje i transport no\u017ea.\u00a0Ovaj klasi\u010dni lova\u010dki no\u017e sa dr\u0161kom od tamnog oraha i Sauer reljefom je savr\u0161en izbor za svakoga ko tra\u017ei lova\u010dki no\u017e visokog kvaliteta. Elegantan pratilac za lov i svaki dan!<\/p>\n<\/div>\n","protected":false},"excerpt":{"rendered":"<p>Sauer Lova\u010dki No\u017e &#8220;Generation Hunter&#8221; Sauer Lova\u010dki No\u017e\u00a0 Generation Hunter \u2013 bilo da sije\u010dete i obra\u0111ujete divlja\u010d ili u razli\u010ditim svakodnevnim situacijama, Sauer Generation Hunter Knife je pouzdan alat. 10,4 cm duga\u010dko sje\u010divo napravljeno od robusnog \u010delika D2 karakteri\u0161e njegova svestranost i impresionira dobrim zadr\u017eavanjem ivica i dobrim mogu\u0107nostima o\u0161trenja.\u00a0No\u017e dolazi sa elegantnim ko\u017enim omota\u010dem [&hellip;]<\/p>\n","protected":false},"featured_media":5733,"template":"","meta":[],"product_cat":[83,47],"product_tag":[],"class_list":{"0":"post-5732","1":"product","2":"type-product","3":"status-publish","4":"has-post-thumbnail","6":"product_brand-sauer","7":"product_cat-dodatna-oprema","8":"product_cat-nozevi","10":"first","11":"instock","12":"taxable","13":"shipping-taxable","14":"purchasable","15":"product-type-simple"},"_links":{"self":[{"href":"https:\/\/torzokom.com\/en\/wp-json\/wp\/v2\/product\/5732","targetHints":{"allow":["GET"]}}],"collection":[{"href":"https:\/\/torzokom.com\/en\/wp-json\/wp\/v2\/product"}],"about":[{"href":"https:\/\/torzokom.com\/en\/wp-json\/wp\/v2\/types\/product"}],"version-history":[{"count":0,"href":"https:\/\/torzokom.com\/en\/wp-json\/wp\/v2\/product\/5732\/revisions"}],"wp:featuredmedia":[{"embeddable":true,"href":"https:\/\/torzokom.com\/en\/wp-json\/wp\/v2\/media\/5733"}],"wp:attachment":[{"href":"https:\/\/torzokom.com\/en\/wp-json\/wp\/v2\/media?parent=5732"}],"wp:term":[{"taxonomy":"product_cat","embeddable":true,"href":"https:\/\/torzokom.com\/en\/wp-json\/wp\/v2\/product_cat?post=5732"},{"taxonomy":"product_tag","embeddable":true,"href":"https:\/\/torzokom.com\/en\/wp-json\/wp\/v2\/product_tag?post=5732"}],"curies":[{"name":"wp","href":"https:\/\/api.w.org\/{rel}","templated":true}]}}