{"id":5734,"date":"2025-10-14T08:04:23","date_gmt":"2025-10-14T06:04:23","guid":{"rendered":"http:\/\/torzokom.com\/?post_type=product&#038;p=5734"},"modified":"2025-10-24T16:19:56","modified_gmt":"2025-10-24T14:19:56","slug":"blaser-set-za-njegu-polimer-kundaka","status":"publish","type":"product","link":"https:\/\/torzokom.com\/en\/product\/blaser-set-za-njegu-polimer-kundaka\/","title":{"rendered":"Blaser set za njegu polimer kundaka"},"content":{"rendered":"<h2>Blaser set za njegu polimer kundaka<\/h2>\n<p>Uvijek u upotrebi, sinteti\u010dki kundak tako\u0111er zahtijeva optimalnu njegu i \u010di\u0161\u0107enje. Upravo to pru\u017ea dvostepeni set za njegu sinteti\u010dke mase: sinteti\u010dko sredstvo za \u010di\u0161\u0107enje nje\u017eno i duboko pro\u010di\u0161\u0107ava pore jer se mo\u017ee puno efektnije nanositi kao pjena s prilo\u017eenom \u010detkicom. Doziranje je toliko minimalno da je sredstvo za \u010di\u0161\u0107enje posebno djelotvorno, a odgovaraju\u0107a \u010detka besprijekorno raspore\u0111uje pjenu. Regenerator pru\u017ea dugotrajnu njegu i \u0161titi od ponovnog prljanja. Prilo\u017eena krpa od mikrovlakana dovr\u0161ava va\u0161 program njege: \u010disti bez dla\u010dica, a mo\u017ee se koristiti i za metalne dijelove.<br \/>\nS lako\u0107om se mo\u017ee koristiti na povr\u0161inama mekanim na dodir.<\/p>\n","protected":false},"excerpt":{"rendered":"<p>Prvi izbor za sve sinteti\u010dke dijelove!<\/p>\n","protected":false},"featured_media":5735,"template":"","meta":[],"product_cat":[30],"product_tag":[],"class_list":{"0":"post-5734","1":"product","2":"type-product","3":"status-publish","4":"has-post-thumbnail","6":"product_brand-blaser","7":"product_cat-ciscenje-i-odrzavanje-oruzja","9":"first","10":"instock","11":"taxable","12":"shipping-taxable","13":"purchasable","14":"product-type-simple"},"_links":{"self":[{"href":"https:\/\/torzokom.com\/en\/wp-json\/wp\/v2\/product\/5734","targetHints":{"allow":["GET"]}}],"collection":[{"href":"https:\/\/torzokom.com\/en\/wp-json\/wp\/v2\/product"}],"about":[{"href":"https:\/\/torzokom.com\/en\/wp-json\/wp\/v2\/types\/product"}],"version-history":[{"count":0,"href":"https:\/\/torzokom.com\/en\/wp-json\/wp\/v2\/product\/5734\/revisions"}],"wp:featuredmedia":[{"embeddable":true,"href":"https:\/\/torzokom.com\/en\/wp-json\/wp\/v2\/media\/5735"}],"wp:attachment":[{"href":"https:\/\/torzokom.com\/en\/wp-json\/wp\/v2\/media?parent=5734"}],"wp:term":[{"taxonomy":"product_cat","embeddable":true,"href":"https:\/\/torzokom.com\/en\/wp-json\/wp\/v2\/product_cat?post=5734"},{"taxonomy":"product_tag","embeddable":true,"href":"https:\/\/torzokom.com\/en\/wp-json\/wp\/v2\/product_tag?post=5734"}],"curies":[{"name":"wp","href":"https:\/\/api.w.org\/{rel}","templated":true}]}}