{"id":5745,"date":"2025-10-14T08:32:10","date_gmt":"2025-10-14T06:32:10","guid":{"rendered":"http:\/\/torzokom.com\/?post_type=product&#038;p=5745"},"modified":"2025-10-14T08:32:10","modified_gmt":"2025-10-14T06:32:10","slug":"dvogled-8x42-10x4-rypo","status":"publish","type":"product","link":"https:\/\/torzokom.com\/en\/product\/dvogled-8x42-10x4-rypo\/","title":{"rendered":"Dvogled 8&#215;42\/10&#215;4 Rypo"},"content":{"rendered":"<h2>Dvogled 8&#215;42\/10&#215;4 Rypo<\/h2>\n<p>RYPO Vision EDOvi dvogledi vjerojatno su najbolji odnos izme\u0111u kvalitete i cijene. Dolaze s japanskim ED le\u0107ama s vi\u0161estrukim premazom. Vi\u0161estruki premaz daje bolju jasno\u0107u, detaljnu sliku i dulje vrijeme promatranja u uvjetima sumraka.<br \/>\n\u2022Dizajn oblikovan da ergonomski pristaje u ruke, prekriven gumiranim materijalom koji ne skli\u017ee \u010dak ni kad pada ki\u0161a<\/p>\n","protected":false},"excerpt":{"rendered":"<p>Dvogled 8&#215;42\/10&#215;4 Rypo RYPO Vision EDOvi dvogledi vjerojatno su najbolji odnos izme\u0111u kvalitete i cijene. Dolaze s japanskim ED le\u0107ama s vi\u0161estrukim premazom. Vi\u0161estruki premaz daje bolju jasno\u0107u, detaljnu sliku i dulje vrijeme promatranja u uvjetima sumraka. \u2022Dizajn oblikovan da ergonomski pristaje u ruke, prekriven gumiranim materijalom koji ne skli\u017ee \u010dak ni kad pada ki\u0161a<\/p>\n","protected":false},"featured_media":5746,"template":"","meta":[],"product_cat":[105,41],"product_tag":[],"class_list":{"0":"post-5745","1":"product","2":"type-product","3":"status-publish","4":"has-post-thumbnail","6":"product_brand-rypo","7":"product_cat-optika","8":"product_cat-dvogledi","10":"first","11":"instock","12":"taxable","13":"shipping-taxable","14":"purchasable","15":"product-type-simple"},"_links":{"self":[{"href":"https:\/\/torzokom.com\/en\/wp-json\/wp\/v2\/product\/5745","targetHints":{"allow":["GET"]}}],"collection":[{"href":"https:\/\/torzokom.com\/en\/wp-json\/wp\/v2\/product"}],"about":[{"href":"https:\/\/torzokom.com\/en\/wp-json\/wp\/v2\/types\/product"}],"version-history":[{"count":0,"href":"https:\/\/torzokom.com\/en\/wp-json\/wp\/v2\/product\/5745\/revisions"}],"wp:featuredmedia":[{"embeddable":true,"href":"https:\/\/torzokom.com\/en\/wp-json\/wp\/v2\/media\/5746"}],"wp:attachment":[{"href":"https:\/\/torzokom.com\/en\/wp-json\/wp\/v2\/media?parent=5745"}],"wp:term":[{"taxonomy":"product_cat","embeddable":true,"href":"https:\/\/torzokom.com\/en\/wp-json\/wp\/v2\/product_cat?post=5745"},{"taxonomy":"product_tag","embeddable":true,"href":"https:\/\/torzokom.com\/en\/wp-json\/wp\/v2\/product_tag?post=5745"}],"curies":[{"name":"wp","href":"https:\/\/api.w.org\/{rel}","templated":true}]}}