{"id":5753,"date":"2025-10-14T12:05:28","date_gmt":"2025-10-14T10:05:28","guid":{"rendered":"http:\/\/torzokom.com\/?post_type=product&#038;p=5753"},"modified":"2025-10-23T18:50:18","modified_gmt":"2025-10-23T16:50:18","slug":"deerhunter-sarek-knitted-jacket-5985-365","status":"publish","type":"product","link":"https:\/\/torzokom.com\/en\/product\/deerhunter-sarek-knitted-jacket-5985-365\/","title":{"rendered":"Deerhunter Sarek Jakna 5985\/365"},"content":{"rendered":"<h2>Deerhunter Sarek Jakna 5985\/365<\/h2>\n<div class=\"ad-description\">\n<p>Deerhunter Sarek Jakna 5985\/365 iz Deerhuntera izuzetno je mekana i udobna. Izra\u0111ena je od modernog, rastezljivog vanjskog materijala s punim patentnim zatvara\u010dem sprijeda. Pletena jakna ima prsni d\u017eep s patentnim zatvara\u010dem i dva velika prednja d\u017eepa s patentnim zatvara\u010dem. Pletena jakna savr\u0161ena je za vanjsku odje\u0107u u prolje\u0107e ili kao me\u0111usloj kada temperatura padne.<\/p>\n<p><strong>Dvosmjerno rastezljivo<\/strong><\/p>\n<p>Ako trebate dodatnu slobodu kretanja i dobro pristajanje, odaberite jedan od rastezljivih Deerhunterovih proizvoda.\u00a0Kori\u0161tenje materijala koji se raste\u017eu u dva smjera \u010dini lova\u010dku odje\u0107u rastezljivom, \u0161to pove\u0107ava va\u0161u slobodu kretanja.<\/p>\n<p><strong>OEKOTEX<\/strong><\/p>\n<p>Va\u0161e jamstvo certificiranog proizvoda bez \u0161tetnih tvari!\u00a0OEKO-TEX\u00ae je vode\u0107a svjetska zdravstvena potvrda za tekstilne proizvode: demokratsko udru\u017eenje s 2-3 godi\u0161nja sastanka na kojima se raspravlja o pobolj\u0161anjima metoda testiranja i standarda.\u00a0Nove inicijative temelje se na najnovijim medicinskim spoznajama o tvarima opasnim po zdravlje i okoli\u0161, zakonodavstvu o kemikalijama i razvoju tekstila.<\/p>\n<p><strong>Tiho<\/strong><\/p>\n<p>Bu\u010dna lova\u010dka odje\u0107a mo\u017ee brzo uni\u0161titi dobar izlet ili lov. Na\u0161a posebno odabrana tiha tkanina odabrana je za smanjenje buke, a dizajn je optimiziran za smanjenje trenja oko podru\u010dja ruku i nogu. Pribli\u017eite se \u017eivotinjama uz Deerhunter Sarek Jakna 5985\/365<\/p>\n<\/div>\n","protected":false},"excerpt":{"rendered":"<p>Pletena jakna ima prsni d\u017eep s patentnim zatvara\u010dem i dva velika prednja d\u017eepa s patentnim zatvara\u010dem.\u00a0Pletena jakna savr\u0161ena je za vanjsku odje\u0107u u prolje\u0107e ili kao me\u0111usloj kada temperatura padne.<\/p>\n","protected":false},"featured_media":5754,"template":"","meta":[],"product_cat":[58,98],"product_tag":[],"class_list":{"0":"post-5753","1":"product","2":"type-product","3":"status-publish","4":"has-post-thumbnail","6":"product_brand-deer-hunter","7":"product_cat-odjeca-i-obuca","8":"product_cat-jakne","9":"pa_velicina-3xl","10":"pa_velicina-l","11":"pa_velicina-m","12":"pa_velicina-s","13":"pa_velicina-xl","14":"pa_velicina-xxl","16":"first","17":"instock","18":"taxable","19":"shipping-taxable","20":"purchasable","21":"product-type-variable"},"_links":{"self":[{"href":"https:\/\/torzokom.com\/en\/wp-json\/wp\/v2\/product\/5753","targetHints":{"allow":["GET"]}}],"collection":[{"href":"https:\/\/torzokom.com\/en\/wp-json\/wp\/v2\/product"}],"about":[{"href":"https:\/\/torzokom.com\/en\/wp-json\/wp\/v2\/types\/product"}],"version-history":[{"count":0,"href":"https:\/\/torzokom.com\/en\/wp-json\/wp\/v2\/product\/5753\/revisions"}],"wp:featuredmedia":[{"embeddable":true,"href":"https:\/\/torzokom.com\/en\/wp-json\/wp\/v2\/media\/5754"}],"wp:attachment":[{"href":"https:\/\/torzokom.com\/en\/wp-json\/wp\/v2\/media?parent=5753"}],"wp:term":[{"taxonomy":"product_cat","embeddable":true,"href":"https:\/\/torzokom.com\/en\/wp-json\/wp\/v2\/product_cat?post=5753"},{"taxonomy":"product_tag","embeddable":true,"href":"https:\/\/torzokom.com\/en\/wp-json\/wp\/v2\/product_tag?post=5753"}],"curies":[{"name":"wp","href":"https:\/\/api.w.org\/{rel}","templated":true}]}}