{"id":5869,"date":"2025-10-21T15:38:33","date_gmt":"2025-10-21T13:38:33","guid":{"rendered":"http:\/\/torzokom.com\/?post_type=product&#038;p=5869"},"modified":"2025-10-22T10:15:08","modified_gmt":"2025-10-22T08:15:08","slug":"laugo-arms-remus-pistolj","status":"publish","type":"product","link":"https:\/\/torzokom.com\/en\/product\/laugo-arms-remus-pistolj\/","title":{"rendered":"Laugo Arms Remus pi\u0161tolj"},"content":{"rendered":"<p>Upoznajte Alien Remus \u2013 potpuno novu vrstu kompaktnog pi\u0161tolja dizajniranog za odbrambenono\u0161enje i isporuku beskompromisnih performansi.<\/p>\n<p>P.T.R. funkcija omogu\u0107uje nereciprociraju\u0107u optiku tijekom pucanja s mogu\u0107no\u0161\u0107u regala pi\u0161tolja putem opti\u010dkog ni\u0161ana.<br \/>\nSIGURNOST POBOLJ\u0160ANA &#8211; osmi\u0161ljen je kako bi bio nevjerovatno siguran Ru\u010dna sigurnost dodatno pove\u0107ava sigurnost.<\/p>\n<p>&nbsp;<\/p>\n","protected":false},"excerpt":{"rendered":"<p>Upoznajte Alien Remus \u2013 potpuno novu vrstu kompaktnog pi\u0161tolja dizajniranog za odbrambenono\u0161enje i isporuku beskompromisnih performansi. P.T.R. funkcija omogu\u0107uje nereciprociraju\u0107u optiku tijekom pucanja s mogu\u0107no\u0161\u0107u regala pi\u0161tolja putem opti\u010dkog ni\u0161ana. SIGURNOST POBOLJ\u0160ANA &#8211; osmi\u0161ljen je kako bi bio nevjerovatno siguran Ru\u010dna sigurnost dodatno pove\u0107ava sigurnost. &nbsp;<\/p>\n","protected":false},"featured_media":5871,"template":"","meta":[],"product_cat":[79,46],"product_tag":[],"class_list":{"0":"post-5869","1":"product","2":"type-product","3":"status-publish","4":"has-post-thumbnail","6":"product_brand-laugo-arms","7":"product_cat-pistolji-i-revolveri","8":"product_cat-oruzje","10":"first","11":"onbackorder","12":"taxable","13":"shipping-taxable","14":"purchasable","15":"product-type-simple"},"_links":{"self":[{"href":"https:\/\/torzokom.com\/en\/wp-json\/wp\/v2\/product\/5869","targetHints":{"allow":["GET"]}}],"collection":[{"href":"https:\/\/torzokom.com\/en\/wp-json\/wp\/v2\/product"}],"about":[{"href":"https:\/\/torzokom.com\/en\/wp-json\/wp\/v2\/types\/product"}],"version-history":[{"count":0,"href":"https:\/\/torzokom.com\/en\/wp-json\/wp\/v2\/product\/5869\/revisions"}],"wp:featuredmedia":[{"embeddable":true,"href":"https:\/\/torzokom.com\/en\/wp-json\/wp\/v2\/media\/5871"}],"wp:attachment":[{"href":"https:\/\/torzokom.com\/en\/wp-json\/wp\/v2\/media?parent=5869"}],"wp:term":[{"taxonomy":"product_cat","embeddable":true,"href":"https:\/\/torzokom.com\/en\/wp-json\/wp\/v2\/product_cat?post=5869"},{"taxonomy":"product_tag","embeddable":true,"href":"https:\/\/torzokom.com\/en\/wp-json\/wp\/v2\/product_tag?post=5869"}],"curies":[{"name":"wp","href":"https:\/\/api.w.org\/{rel}","templated":true}]}}