{"id":5881,"date":"2025-10-22T21:26:45","date_gmt":"2025-10-22T19:26:45","guid":{"rendered":"https:\/\/torzokom.com\/?post_type=product&#038;p=5881"},"modified":"2025-10-22T21:26:45","modified_gmt":"2025-10-22T19:26:45","slug":"optika-blaser-b2-1-6x24-ic","status":"publish","type":"product","link":"https:\/\/torzokom.com\/en\/product\/optika-blaser-b2-1-6x24-ic\/","title":{"rendered":"Optika Blaser B2 1-6X24 iC"},"content":{"rendered":"<h2>Blaser B2 1-6X24 iC<\/h2>\n<p class=\"my-2 [&amp;+p]:mt-4 [&amp;_strong:has(+br)]:inline-block [&amp;_strong:has(+br)]:pb-2\">Ako \u017eelite imati cjelokupan pregled snajperskog vidnog polja, potrebno je da oba oka budu otvorena, posebno tokom gonjene divlja\u010di. Idealno pode\u0161avanje podrazumijeva da so\u010divo prenosi istu sliku na oko kojim ciljate kao i drugo oko. Blaser 1-6&#215;24 iC nudi ovu prednost zahvaljuju\u0107i svom pravom uve\u0107anju od 1x \u2013 za optimalan pregled, brzo ciljanje i sigurno ga\u0111anje. Njegov kratak, kompaktni dizajn \u010dini B2 1-6&#215;24 iC odli\u010dnim opti\u010dkim ni\u0161anom ako \u017eelite koristiti dodatak za no\u0107ni lov.<\/p>\n<p class=\"my-2 [&amp;+p]:mt-4 [&amp;_strong:has(+br)]:inline-block [&amp;_strong:has(+br)]:pb-2\">\n","protected":false},"excerpt":{"rendered":"<p>Blaser B2 1-6X24 iC Ako \u017eelite imati cjelokupan pregled snajperskog vidnog polja, potrebno je da oba oka budu otvorena, posebno tokom gonjene divlja\u010di. Idealno pode\u0161avanje podrazumijeva da so\u010divo prenosi istu sliku na oko kojim ciljate kao i drugo oko. Blaser 1-6&#215;24 iC nudi ovu prednost zahvaljuju\u0107i svom pravom uve\u0107anju od 1x \u2013 za optimalan pregled, [&hellip;]<\/p>\n","protected":false},"featured_media":5925,"template":"","meta":[],"product_cat":[105,106],"product_tag":[],"class_list":{"0":"post-5881","1":"product","2":"type-product","3":"status-publish","4":"has-post-thumbnail","6":"product_brand-blaser","7":"product_cat-optika","8":"product_cat-opticki-nisani","10":"first","11":"instock","12":"taxable","13":"shipping-taxable","14":"purchasable","15":"product-type-simple"},"_links":{"self":[{"href":"https:\/\/torzokom.com\/en\/wp-json\/wp\/v2\/product\/5881","targetHints":{"allow":["GET"]}}],"collection":[{"href":"https:\/\/torzokom.com\/en\/wp-json\/wp\/v2\/product"}],"about":[{"href":"https:\/\/torzokom.com\/en\/wp-json\/wp\/v2\/types\/product"}],"version-history":[{"count":0,"href":"https:\/\/torzokom.com\/en\/wp-json\/wp\/v2\/product\/5881\/revisions"}],"wp:featuredmedia":[{"embeddable":true,"href":"https:\/\/torzokom.com\/en\/wp-json\/wp\/v2\/media\/5925"}],"wp:attachment":[{"href":"https:\/\/torzokom.com\/en\/wp-json\/wp\/v2\/media?parent=5881"}],"wp:term":[{"taxonomy":"product_cat","embeddable":true,"href":"https:\/\/torzokom.com\/en\/wp-json\/wp\/v2\/product_cat?post=5881"},{"taxonomy":"product_tag","embeddable":true,"href":"https:\/\/torzokom.com\/en\/wp-json\/wp\/v2\/product_tag?post=5881"}],"curies":[{"name":"wp","href":"https:\/\/api.w.org\/{rel}","templated":true}]}}