{"id":5899,"date":"2025-10-23T18:26:27","date_gmt":"2025-10-23T16:26:27","guid":{"rendered":"https:\/\/torzokom.com\/?post_type=product&#038;p=5899"},"modified":"2025-12-09T13:14:21","modified_gmt":"2025-12-09T12:14:21","slug":"blaser-sr-nosac-optike-swarovski-optika","status":"publish","type":"product","link":"https:\/\/torzokom.com\/en\/product\/blaser-sr-nosac-optike-swarovski-optika\/","title":{"rendered":"Blaser SR nosa\u010d optike (Swarovski optika)"},"content":{"rendered":"<h2>Blaser SR nosa\u010d optike (Swarovski)<\/h2>\n<p>Sam prsten za opseg je ne\u0161to posebno zbog jednostavnosti kojom se mo\u017ee koristiti. Mo\u017ee se montirati na oru\u017eje u dva brza koraka s ponovljivom lako\u0107om i bez potrebe za \u010dak i jednim alatom. Slijedom toga, ure\u0111aj za ciljanje mo\u017ee se razmjenjivati u roku od nekoliko sekundi. Opseg prsten uvjerava svoju nisku visinu gradnje i ekstremnu izdr\u017eljivost, dok istovremeno zadr\u017eava elegantan oblik.<\/p>\n","protected":false},"excerpt":{"rendered":"<p>Blaser SR nosa\u010d optike (Swarovski) Sam prsten za opseg je ne\u0161to posebno zbog jednostavnosti kojom se mo\u017ee koristiti. Mo\u017ee se montirati na oru\u017eje u dva brza koraka s ponovljivom lako\u0107om i bez potrebe za \u010dak i jednim alatom. Slijedom toga, ure\u0111aj za ciljanje mo\u017ee se razmjenjivati u roku od nekoliko sekundi. Opseg prsten uvjerava svoju [&hellip;]<\/p>\n","protected":false},"featured_media":6045,"template":"","meta":[],"product_cat":[204,105],"product_tag":[],"class_list":{"0":"post-5899","1":"product","2":"type-product","3":"status-publish","4":"has-post-thumbnail","6":"product_brand-blaser","7":"product_cat-nosaci-montaze-optika","8":"product_cat-optika","10":"first","11":"instock","12":"taxable","13":"shipping-taxable","14":"purchasable","15":"product-type-simple"},"_links":{"self":[{"href":"https:\/\/torzokom.com\/en\/wp-json\/wp\/v2\/product\/5899","targetHints":{"allow":["GET"]}}],"collection":[{"href":"https:\/\/torzokom.com\/en\/wp-json\/wp\/v2\/product"}],"about":[{"href":"https:\/\/torzokom.com\/en\/wp-json\/wp\/v2\/types\/product"}],"version-history":[{"count":0,"href":"https:\/\/torzokom.com\/en\/wp-json\/wp\/v2\/product\/5899\/revisions"}],"wp:featuredmedia":[{"embeddable":true,"href":"https:\/\/torzokom.com\/en\/wp-json\/wp\/v2\/media\/6045"}],"wp:attachment":[{"href":"https:\/\/torzokom.com\/en\/wp-json\/wp\/v2\/media?parent=5899"}],"wp:term":[{"taxonomy":"product_cat","embeddable":true,"href":"https:\/\/torzokom.com\/en\/wp-json\/wp\/v2\/product_cat?post=5899"},{"taxonomy":"product_tag","embeddable":true,"href":"https:\/\/torzokom.com\/en\/wp-json\/wp\/v2\/product_tag?post=5899"}],"curies":[{"name":"wp","href":"https:\/\/api.w.org\/{rel}","templated":true}]}}