{"id":5901,"date":"2025-10-23T18:18:11","date_gmt":"2025-10-23T16:18:11","guid":{"rendered":"https:\/\/torzokom.com\/?post_type=product&#038;p=5901"},"modified":"2025-12-09T13:13:49","modified_gmt":"2025-12-09T12:13:49","slug":"blaser-zm-nosac-optike-blaser-optika-b1b2-zeiss","status":"publish","type":"product","link":"https:\/\/torzokom.com\/en\/product\/blaser-zm-nosac-optike-blaser-optika-b1b2-zeiss\/","title":{"rendered":"Blaser ZM nosa\u010d optike (Blaser optika B1,B2, Zeiss )"},"content":{"rendered":"<h2>Blaser ZM nosa\u010d optike (Blaser optika B1,B2, Zeiss)<\/h2>\n<p>Blaserov nosa\u010d za optiku, robustan i pouzdan,mo\u017ee da izdr\u017ei trzaj svih kalibara, \u010dak i onih najja\u010dih.<br \/>\nOsnove nosa\u010da Blaser su napravljene od \u010delika, dok su prstenovi napravljeni od aluminijuma. Nosa\u010di optike Blaser su veoma kompaktni i elegantnog oblika.<br \/>\nVa\u017eno je napomenuti da kada se Blaser nosa\u010d montira na pu\u0161ku, on se ne mo\u017ee koristiti ni na jednoj drugoj Blaser pu\u0161ci jer \u0107e se ili stegnuti sa previ\u0161e sile ili \u0107e biti previ\u0161e labav (postoji mogu\u0107nost da \u0107e nosa\u010d odgovarati drugoj pu\u0161ci ali to se retko de\u0161ava).<\/p>\n","protected":false},"excerpt":{"rendered":"<p>Blaser ZM nosa\u010d optike (Blaser optika B1,B2, Zeiss) Blaserov nosa\u010d za optiku, robustan i pouzdan,mo\u017ee da izdr\u017ei trzaj svih kalibara, \u010dak i onih najja\u010dih. Osnove nosa\u010da Blaser su napravljene od \u010delika, dok su prstenovi napravljeni od aluminijuma. Nosa\u010di optike Blaser su veoma kompaktni i elegantnog oblika. Va\u017eno je napomenuti da kada se Blaser nosa\u010d montira [&hellip;]<\/p>\n","protected":false},"featured_media":6044,"template":"","meta":[],"product_cat":[204,105],"product_tag":[],"class_list":{"0":"post-5901","1":"product","2":"type-product","3":"status-publish","4":"has-post-thumbnail","6":"product_brand-blaser","7":"product_cat-nosaci-montaze-optika","8":"product_cat-optika","10":"first","11":"instock","12":"taxable","13":"shipping-taxable","14":"purchasable","15":"product-type-simple"},"_links":{"self":[{"href":"https:\/\/torzokom.com\/en\/wp-json\/wp\/v2\/product\/5901","targetHints":{"allow":["GET"]}}],"collection":[{"href":"https:\/\/torzokom.com\/en\/wp-json\/wp\/v2\/product"}],"about":[{"href":"https:\/\/torzokom.com\/en\/wp-json\/wp\/v2\/types\/product"}],"version-history":[{"count":0,"href":"https:\/\/torzokom.com\/en\/wp-json\/wp\/v2\/product\/5901\/revisions"}],"wp:featuredmedia":[{"embeddable":true,"href":"https:\/\/torzokom.com\/en\/wp-json\/wp\/v2\/media\/6044"}],"wp:attachment":[{"href":"https:\/\/torzokom.com\/en\/wp-json\/wp\/v2\/media?parent=5901"}],"wp:term":[{"taxonomy":"product_cat","embeddable":true,"href":"https:\/\/torzokom.com\/en\/wp-json\/wp\/v2\/product_cat?post=5901"},{"taxonomy":"product_tag","embeddable":true,"href":"https:\/\/torzokom.com\/en\/wp-json\/wp\/v2\/product_tag?post=5901"}],"curies":[{"name":"wp","href":"https:\/\/api.w.org\/{rel}","templated":true}]}}