{"id":5979,"date":"2025-10-23T01:02:46","date_gmt":"2025-10-22T23:02:46","guid":{"rendered":"https:\/\/torzokom.com\/?post_type=product&#038;p=5979"},"modified":"2025-10-23T15:49:04","modified_gmt":"2025-10-23T13:49:04","slug":"gpo-spectra-6x-45-27x50i-moai","status":"publish","type":"product","link":"https:\/\/torzokom.com\/en\/product\/gpo-spectra-6x-45-27x50i-moai\/","title":{"rendered":"GPO SPECTRA 6x 4,5-27x50i MOAi"},"content":{"rendered":"<p class=\"product_title entry-title fusion-responsive-typography-calculated\" data-fontsize=\"24\" data-lineheight=\"31.9167px\">Gpo Spectra 6x 4,5-27x50i MOAi<\/p>\n<p>GPO SPECTRA 6x 4,5-27x50i MOAi nudi posebne performanse za strijelce na velike udaljenosti. S pove\u0107anjem do 27x, propusno\u0161\u0107u svjetlosti od 92% i osvijetljenom MOAi kon\u010danicom, ovaj kompaktni i lagani ni\u0161an idealan je za precizni lov i sportsko ga\u0111anje. Opremljen zaklju\u010dljivim kupolama i nultim zaustavljanjem, savr\u0161en je izbor za profesionalce koji zahtijevaju najve\u0107u preciznost.<\/p>\n<p>&nbsp;<\/p>\n","protected":false},"excerpt":{"rendered":"<p>Gpo Spectra 6x 4,5-27x50i MOAi GPO SPECTRA 6x 4,5-27x50i MOAi nudi posebne performanse za strijelce na velike udaljenosti. S pove\u0107anjem do 27x, propusno\u0161\u0107u svjetlosti od 92% i osvijetljenom MOAi kon\u010danicom, ovaj kompaktni i lagani ni\u0161an idealan je za precizni lov i sportsko ga\u0111anje. Opremljen zaklju\u010dljivim kupolama i nultim zaustavljanjem, savr\u0161en je izbor za profesionalce koji [&hellip;]<\/p>\n","protected":false},"featured_media":6034,"template":"","meta":[],"product_cat":[106,105],"product_tag":[],"class_list":{"0":"post-5979","1":"product","2":"type-product","3":"status-publish","4":"has-post-thumbnail","6":"product_brand-gpo","7":"product_cat-opticki-nisani","8":"product_cat-optika","10":"first","11":"instock","12":"sale","13":"taxable","14":"shipping-taxable","15":"purchasable","16":"product-type-simple"},"_links":{"self":[{"href":"https:\/\/torzokom.com\/en\/wp-json\/wp\/v2\/product\/5979","targetHints":{"allow":["GET"]}}],"collection":[{"href":"https:\/\/torzokom.com\/en\/wp-json\/wp\/v2\/product"}],"about":[{"href":"https:\/\/torzokom.com\/en\/wp-json\/wp\/v2\/types\/product"}],"version-history":[{"count":0,"href":"https:\/\/torzokom.com\/en\/wp-json\/wp\/v2\/product\/5979\/revisions"}],"wp:featuredmedia":[{"embeddable":true,"href":"https:\/\/torzokom.com\/en\/wp-json\/wp\/v2\/media\/6034"}],"wp:attachment":[{"href":"https:\/\/torzokom.com\/en\/wp-json\/wp\/v2\/media?parent=5979"}],"wp:term":[{"taxonomy":"product_cat","embeddable":true,"href":"https:\/\/torzokom.com\/en\/wp-json\/wp\/v2\/product_cat?post=5979"},{"taxonomy":"product_tag","embeddable":true,"href":"https:\/\/torzokom.com\/en\/wp-json\/wp\/v2\/product_tag?post=5979"}],"curies":[{"name":"wp","href":"https:\/\/api.w.org\/{rel}","templated":true}]}}