{"id":6129,"date":"2025-10-23T23:44:12","date_gmt":"2025-10-23T21:44:12","guid":{"rendered":"http:\/\/torzokom.com\/?post_type=product&#038;p=6129"},"modified":"2025-10-24T13:38:45","modified_gmt":"2025-10-24T11:38:45","slug":"minox-x-lite-8x42","status":"publish","type":"product","link":"https:\/\/torzokom.com\/en\/product\/minox-x-lite-8x42\/","title":{"rendered":"MINOX X-LITE 8X42"},"content":{"rendered":"<h2>MINOX X-LITE 8X42<\/h2>\n<p>&nbsp;<\/p>\n<p>Uho\u0111enje, sjedenje, inspekcija &#8211; MINOX X-lite serije dvogledi su uvijek na va\u0161oj strani kada je sljede\u0107a avantura iza ugla. Uz njihovo pove\u0107anje od 8x ili 10x, omogu\u0107uju vam da vidite detalje \u010dak i na ve\u0107im udaljenostima kako biste pozitivno identifikovali svoju igru. Bitno za to su neutralne boje i visoki kontrasti kako bi vam pru\u017eili odli\u010dno snimanje.<\/p>\n<p>Robusni oklop odr\u017eava X-lite seriju dobro za\u0161ti\u0107enom od vanjskih uticaja. Punjenje nitrogenom sprije\u010dava zamagljivanje iznutra. Idealan uvod u MINOX lovnu optiku: s dvogledimaiz X-lite serije &#8211; sve osim skupog!<\/p>\n","protected":false},"excerpt":{"rendered":"<p>MINOX X-LITE 8X42 &nbsp; Uho\u0111enje, sjedenje, inspekcija &#8211; MINOX X-lite serije dvogledi su uvijek na va\u0161oj strani kada je sljede\u0107a avantura iza ugla. Uz njihovo pove\u0107anje od 8x ili 10x, omogu\u0107uju vam da vidite detalje \u010dak i na ve\u0107im udaljenostima kako biste pozitivno identifikovali svoju igru. Bitno za to su neutralne boje i visoki kontrasti [&hellip;]<\/p>\n","protected":false},"featured_media":6228,"template":"","meta":[],"product_cat":[105,41],"product_tag":[],"class_list":{"0":"post-6129","1":"product","2":"type-product","3":"status-publish","4":"has-post-thumbnail","6":"product_brand-minox","7":"product_cat-optika","8":"product_cat-dvogledi","10":"first","11":"instock","12":"sale","13":"taxable","14":"shipping-taxable","15":"purchasable","16":"product-type-simple"},"_links":{"self":[{"href":"https:\/\/torzokom.com\/en\/wp-json\/wp\/v2\/product\/6129","targetHints":{"allow":["GET"]}}],"collection":[{"href":"https:\/\/torzokom.com\/en\/wp-json\/wp\/v2\/product"}],"about":[{"href":"https:\/\/torzokom.com\/en\/wp-json\/wp\/v2\/types\/product"}],"version-history":[{"count":0,"href":"https:\/\/torzokom.com\/en\/wp-json\/wp\/v2\/product\/6129\/revisions"}],"wp:featuredmedia":[{"embeddable":true,"href":"https:\/\/torzokom.com\/en\/wp-json\/wp\/v2\/media\/6228"}],"wp:attachment":[{"href":"https:\/\/torzokom.com\/en\/wp-json\/wp\/v2\/media?parent=6129"}],"wp:term":[{"taxonomy":"product_cat","embeddable":true,"href":"https:\/\/torzokom.com\/en\/wp-json\/wp\/v2\/product_cat?post=6129"},{"taxonomy":"product_tag","embeddable":true,"href":"https:\/\/torzokom.com\/en\/wp-json\/wp\/v2\/product_tag?post=6129"}],"curies":[{"name":"wp","href":"https:\/\/api.w.org\/{rel}","templated":true}]}}