{"id":6130,"date":"2025-10-23T23:47:29","date_gmt":"2025-10-23T21:47:29","guid":{"rendered":"http:\/\/torzokom.com\/?post_type=product&#038;p=6130"},"modified":"2025-10-24T17:20:47","modified_gmt":"2025-10-24T15:20:47","slug":"minox-x-lite-10x34","status":"publish","type":"product","link":"https:\/\/torzokom.com\/en\/product\/minox-x-lite-10x34\/","title":{"rendered":"MINOX X-LITE 10X34"},"content":{"rendered":"<h2>MINOX X-LITE 10X34<\/h2>\n<p>Grad, selo, rijeka \u2013 najva\u017enije je biti daleko od svakodnevne rutine! <span class=\"group\/language-learning cursor-pointer\"><span class=\"group-hover\/language-learning:border-foreground border-subtle cursor-pointer hyphens-auto break-words border-b-2 border-dotted outline-none transition-colors duration-200 ease-out font-sans text-base font-medium text-foreground selection:bg-super\/50 selection:text-foreground dark:selection:bg-super\/10 dark:selection:text-super\">MINOX X-lite series binoculars<\/span><\/span> su uvijek uz vas kad je slede\u0107a avantura za ugaonom. Dok putujete, planinarite ili posmatrate \u017eivotinje i biljke \u2013 sa uve\u0107anjem 8x ili 10x, vi ste pravo u sredi\u0161tu zbivanja sa va\u0161im <span class=\"group\/language-learning cursor-pointer\"><span class=\"group-hover\/language-learning:border-foreground border-subtle cursor-pointer hyphens-auto break-words border-b-2 border-dotted outline-none transition-colors duration-200 ease-out font-sans text-base font-medium text-foreground selection:bg-super\/50 selection:text-foreground dark:selection:bg-super\/10 dark:selection:text-super\">MINOX X-lite binoculars<\/span><\/span>, i mo\u017eete vidjeti detalje s velike distance. Njihova neutralna reprodukcija boja i visok kontrast pru\u017eaju vam veoma dobru prikaznu performansu.<br \/>\nZahvaljuju\u0107i robusnom ku\u0107i\u0161tu, <span class=\"group\/language-learning cursor-pointer\"><span class=\"group-hover\/language-learning:border-foreground border-subtle cursor-pointer hyphens-auto break-words border-b-2 border-dotted outline-none transition-colors duration-200 ease-out font-sans text-base font-medium text-foreground selection:bg-super\/50 selection:text-foreground dark:selection:bg-super\/10 dark:selection:text-super\">X-lite series <\/span><\/span>je tako\u0111e dobro za\u0161ti\u0107ena od spolja\u0161njih uticaja. Ispuna azotom sprje\u010dava magljenje iznutra. Otkrijte svoj uvod u svijet <span class=\"group\/language-learning cursor-pointer\"><span class=\"group-hover\/language-learning:border-foreground border-subtle cursor-pointer hyphens-auto break-words border-b-2 border-dotted outline-none transition-colors duration-200 ease-out font-sans text-base font-medium text-foreground selection:bg-super\/50 selection:text-foreground dark:selection:bg-super\/10 dark:selection:text-super\">MINOX<\/span><\/span> \u2013 sa dvogledima iz <span class=\"group\/language-learning cursor-pointer\"><span class=\"group-hover\/language-learning:border-foreground border-subtle cursor-pointer hyphens-auto break-words border-b-2 border-dotted outline-none transition-colors duration-200 ease-out font-sans text-base font-medium text-foreground selection:bg-super\/50 selection:text-foreground dark:selection:bg-super\/10 dark:selection:text-super\">X-lite series<\/span><\/span>!<\/p>\n<p>&nbsp;<\/p>\n","protected":false},"excerpt":{"rendered":"<p>MINOX X-LITE 10X34 Grad, selo, rijeka \u2013 najva\u017enije je biti daleko od svakodnevne rutine! MINOX X-lite series binoculars su uvijek uz vas kad je slede\u0107a avantura za ugaonom. Dok putujete, planinarite ili posmatrate \u017eivotinje i biljke \u2013 sa uve\u0107anjem 8x ili 10x, vi ste pravo u sredi\u0161tu zbivanja sa va\u0161im MINOX X-lite binoculars, i mo\u017eete [&hellip;]<\/p>\n","protected":false},"featured_media":6255,"template":"","meta":[],"product_cat":[105,41],"product_tag":[],"class_list":{"0":"post-6130","1":"product","2":"type-product","3":"status-publish","4":"has-post-thumbnail","6":"product_brand-minox","7":"product_cat-optika","8":"product_cat-dvogledi","10":"first","11":"instock","12":"sale","13":"taxable","14":"shipping-taxable","15":"purchasable","16":"product-type-simple"},"_links":{"self":[{"href":"https:\/\/torzokom.com\/en\/wp-json\/wp\/v2\/product\/6130","targetHints":{"allow":["GET"]}}],"collection":[{"href":"https:\/\/torzokom.com\/en\/wp-json\/wp\/v2\/product"}],"about":[{"href":"https:\/\/torzokom.com\/en\/wp-json\/wp\/v2\/types\/product"}],"version-history":[{"count":0,"href":"https:\/\/torzokom.com\/en\/wp-json\/wp\/v2\/product\/6130\/revisions"}],"wp:featuredmedia":[{"embeddable":true,"href":"https:\/\/torzokom.com\/en\/wp-json\/wp\/v2\/media\/6255"}],"wp:attachment":[{"href":"https:\/\/torzokom.com\/en\/wp-json\/wp\/v2\/media?parent=6130"}],"wp:term":[{"taxonomy":"product_cat","embeddable":true,"href":"https:\/\/torzokom.com\/en\/wp-json\/wp\/v2\/product_cat?post=6130"},{"taxonomy":"product_tag","embeddable":true,"href":"https:\/\/torzokom.com\/en\/wp-json\/wp\/v2\/product_tag?post=6130"}],"curies":[{"name":"wp","href":"https:\/\/api.w.org\/{rel}","templated":true}]}}