{"id":6132,"date":"2025-10-24T00:00:09","date_gmt":"2025-10-23T22:00:09","guid":{"rendered":"http:\/\/torzokom.com\/?post_type=product&#038;p=6132"},"modified":"2025-10-24T13:30:54","modified_gmt":"2025-10-24T11:30:54","slug":"minox-fg-x-range-10x42","status":"publish","type":"product","link":"https:\/\/torzokom.com\/en\/product\/minox-fg-x-range-10x42\/","title":{"rendered":"MINOX FG X-RANGE 10X42 sa daljinomjerom"},"content":{"rendered":"<h2>MINOX FG X-RANGE 10X42 sa daljinomjerom<\/h2>\n<p>Mjerna preciznost &#8211; u\u010dinak u odlu\u010duju\u0107em trenutku<\/p>\n<p>Integrisani laserski centarfunder pouzdano donosi brze i ta\u010dne rezultate, \u010dak i u lo\u0161em vremenu i na velikim udaljenostima. Dodatni zaslon za korekciju ug\u010da koristan je za strme snimke u planinama. Ukratko: laserski potpomognuto mjerenje, zna ispravnu udaljenost &#8211; usmjerite desno.<br \/>\nKompaktni dizajn &#8211; usredoto\u010den na prakti\u010dnu uporabu<br \/>\nNa 15,2 cm do 13,2 cm, X-domet je posebno prakti\u010dan i \u010dak pogodan za manje ruke. Zbog svog kompaktnog dizajna, ne zauzima puno prostora u ruksaku.<\/p>\n","protected":false},"excerpt":{"rendered":"<p>MINOX FG X-RANGE 10X42 sa daljinomjerom Mjerna preciznost &#8211; u\u010dinak u odlu\u010duju\u0107em trenutku Integrisani laserski centarfunder pouzdano donosi brze i ta\u010dne rezultate, \u010dak i u lo\u0161em vremenu i na velikim udaljenostima. Dodatni zaslon za korekciju ug\u010da koristan je za strme snimke u planinama. Ukratko: laserski potpomognuto mjerenje, zna ispravnu udaljenost &#8211; usmjerite desno. Kompaktni dizajn [&hellip;]<\/p>\n","protected":false},"featured_media":6226,"template":"","meta":[],"product_cat":[105,41,107],"product_tag":[],"class_list":{"0":"post-6132","1":"product","2":"type-product","3":"status-publish","4":"has-post-thumbnail","6":"product_brand-minox","7":"product_cat-optika","8":"product_cat-dvogledi","9":"product_cat-laserski-daljinomjeri","11":"first","12":"instock","13":"sale","14":"taxable","15":"shipping-taxable","16":"purchasable","17":"product-type-simple"},"_links":{"self":[{"href":"https:\/\/torzokom.com\/en\/wp-json\/wp\/v2\/product\/6132","targetHints":{"allow":["GET"]}}],"collection":[{"href":"https:\/\/torzokom.com\/en\/wp-json\/wp\/v2\/product"}],"about":[{"href":"https:\/\/torzokom.com\/en\/wp-json\/wp\/v2\/types\/product"}],"version-history":[{"count":0,"href":"https:\/\/torzokom.com\/en\/wp-json\/wp\/v2\/product\/6132\/revisions"}],"wp:featuredmedia":[{"embeddable":true,"href":"https:\/\/torzokom.com\/en\/wp-json\/wp\/v2\/media\/6226"}],"wp:attachment":[{"href":"https:\/\/torzokom.com\/en\/wp-json\/wp\/v2\/media?parent=6132"}],"wp:term":[{"taxonomy":"product_cat","embeddable":true,"href":"https:\/\/torzokom.com\/en\/wp-json\/wp\/v2\/product_cat?post=6132"},{"taxonomy":"product_tag","embeddable":true,"href":"https:\/\/torzokom.com\/en\/wp-json\/wp\/v2\/product_tag?post=6132"}],"curies":[{"name":"wp","href":"https:\/\/api.w.org\/{rel}","templated":true}]}}