{"id":6135,"date":"2025-10-24T00:13:07","date_gmt":"2025-10-23T22:13:07","guid":{"rendered":"http:\/\/torzokom.com\/?post_type=product&#038;p=6135"},"modified":"2025-12-11T15:09:27","modified_gmt":"2025-12-11T14:09:27","slug":"nocpix-quest-h50r-termalni-dvogled-sa-daljinomjerom","status":"publish","type":"product","link":"https:\/\/torzokom.com\/en\/product\/nocpix-quest-h50r-termalni-dvogled-sa-daljinomjerom\/","title":{"rendered":"NOCPIX QUEST H50R Termalni dvogled  sa daljinomjerom"},"content":{"rendered":"<h2>NOCPIX QUEST H50R Termalni dvogled sa daljinomjerom<\/h2>\n<p><span class=\"group\/language-learning cursor-pointer\"><span class=\"group-hover\/language-learning:border-foreground border-subtle cursor-pointer hyphens-auto break-words border-b-2 border-dotted outline-none transition-colors duration-200 ease-out font-sans text-base font-medium text-foreground selection:bg-super\/50 selection:text-foreground dark:selection:bg-super\/10 dark:selection:text-super\">The QUEST<\/span><\/span> je lagan i prenosiv, sa dometom detekcije do 2600 m i ugra\u0111enim skrivenim <span class=\"group\/language-learning cursor-pointer\"><span class=\"group-hover\/language-learning:border-foreground border-subtle cursor-pointer hyphens-auto break-words border-b-2 border-dotted outline-none transition-colors duration-200 ease-out font-sans text-base font-medium text-foreground selection:bg-super\/50 selection:text-foreground dark:selection:bg-super\/10 dark:selection:text-super\">LRF<\/span><\/span> dometa 1000 m za vrhunsku preciznost i vidljivost. Njegov tradicionalni dizajn dvogleda ima potpunu gumenu za\u0161titu i <span class=\"group\/language-learning cursor-pointer\"><span class=\"group-hover\/language-learning:border-foreground border-subtle cursor-pointer hyphens-auto break-words border-b-2 border-dotted outline-none transition-colors duration-200 ease-out font-sans text-base font-medium text-foreground selection:bg-super\/50 selection:text-foreground dark:selection:bg-super\/10 dark:selection:text-super\">IP67<\/span><\/span> rejting za izdr\u017eljivost i udobnost u te\u0161kim uslovima. Opremljen visokoperformansnim senzorom 640&#215;512 (NETD \u226415mK, 60Hz), <span class=\"group\/language-learning cursor-pointer\"><span class=\"group-hover\/language-learning:border-foreground border-subtle cursor-pointer hyphens-auto break-words border-b-2 border-dotted outline-none transition-colors duration-200 ease-out font-sans text-base font-medium text-foreground selection:bg-super\/50 selection:text-foreground dark:selection:bg-super\/10 dark:selection:text-super\">The QUEST <\/span><\/span>obezbe\u0111uje izuzetnu jasno\u0107u slike, vrhunsku termi\u010dku osetljivost i besprekornu izvedbu u izazovnim okru\u017eenjima.<\/p>\n<p>&nbsp;<\/p>\n","protected":false},"excerpt":{"rendered":"<p>NOCPIX QUEST H50R Termalni dvogled sa daljinomjerom The QUEST je lagan i prenosiv, sa dometom detekcije do 2600 m i ugra\u0111enim skrivenim LRF dometa 1000 m za vrhunsku preciznost i vidljivost. Njegov tradicionalni dizajn dvogleda ima potpunu gumenu za\u0161titu i IP67 rejting za izdr\u017eljivost i udobnost u te\u0161kim uslovima. Opremljen visokoperformansnim senzorom 640&#215;512 (NETD \u226415mK, [&hellip;]<\/p>\n","protected":false},"featured_media":6257,"template":"","meta":[],"product_cat":[109,177],"product_tag":[],"class_list":{"0":"post-6135","1":"product","2":"type-product","3":"status-publish","4":"has-post-thumbnail","6":"product_brand-nocpix","7":"product_cat-monokulari","8":"product_cat-termalni-uredjaji","10":"first","11":"instock","12":"sale","13":"taxable","14":"shipping-taxable","15":"purchasable","16":"product-type-simple"},"_links":{"self":[{"href":"https:\/\/torzokom.com\/en\/wp-json\/wp\/v2\/product\/6135","targetHints":{"allow":["GET"]}}],"collection":[{"href":"https:\/\/torzokom.com\/en\/wp-json\/wp\/v2\/product"}],"about":[{"href":"https:\/\/torzokom.com\/en\/wp-json\/wp\/v2\/types\/product"}],"version-history":[{"count":0,"href":"https:\/\/torzokom.com\/en\/wp-json\/wp\/v2\/product\/6135\/revisions"}],"wp:featuredmedia":[{"embeddable":true,"href":"https:\/\/torzokom.com\/en\/wp-json\/wp\/v2\/media\/6257"}],"wp:attachment":[{"href":"https:\/\/torzokom.com\/en\/wp-json\/wp\/v2\/media?parent=6135"}],"wp:term":[{"taxonomy":"product_cat","embeddable":true,"href":"https:\/\/torzokom.com\/en\/wp-json\/wp\/v2\/product_cat?post=6135"},{"taxonomy":"product_tag","embeddable":true,"href":"https:\/\/torzokom.com\/en\/wp-json\/wp\/v2\/product_tag?post=6135"}],"curies":[{"name":"wp","href":"https:\/\/api.w.org\/{rel}","templated":true}]}}