{"id":6137,"date":"2025-10-24T00:43:26","date_gmt":"2025-10-23T22:43:26","guid":{"rendered":"http:\/\/torzokom.com\/?post_type=product&#038;p=6137"},"modified":"2026-04-17T01:41:16","modified_gmt":"2026-04-16T23:41:16","slug":"nocpix-ace-h50r","status":"publish","type":"product","link":"https:\/\/torzokom.com\/en\/product\/nocpix-ace-h50r\/","title":{"rendered":"Nocpix ACE H50R Termalni Monokular sa Daljinomjerom"},"content":{"rendered":"<h2>Nocpix ACE H50R<\/h2>\n<p>Predstavljamo <span class=\"group\/language-learning cursor-pointer\"><span class=\"group-hover\/language-learning:border-foreground border-subtle cursor-pointer hyphens-auto break-words border-b-2 border-dotted outline-none transition-colors duration-200 ease-out font-sans text-base font-medium text-foreground selection:bg-super\/50 selection:text-foreground dark:selection:bg-super\/10 dark:selection:text-super\">ACE series<\/span><\/span>, vode\u0107i termi\u010dki ni\u0161an dizajniran za sve lovne uslove. Ima samorazvijeni visokorezolutni termi\u010dki senzor, integrisani <span class=\"group\/language-learning cursor-pointer\"><span class=\"group-hover\/language-learning:border-foreground border-subtle cursor-pointer hyphens-auto break-words border-b-2 border-dotted outline-none transition-colors duration-200 ease-out font-sans text-base font-medium text-foreground selection:bg-super\/50 selection:text-foreground dark:selection:bg-super\/10 dark:selection:text-super\">LRF<\/span><\/span>, kao i napredne sisteme <span class=\"group\/language-learning cursor-pointer\"><span class=\"group-hover\/language-learning:border-foreground border-subtle cursor-pointer hyphens-auto break-words border-b-2 border-dotted outline-none transition-colors duration-200 ease-out font-sans text-base font-medium text-foreground selection:bg-super\/50 selection:text-foreground dark:selection:bg-super\/10 dark:selection:text-super\">Reality+<\/span><\/span> i <span class=\"group\/language-learning cursor-pointer\"><span class=\"group-hover\/language-learning:border-foreground border-subtle cursor-pointer hyphens-auto break-words border-b-2 border-dotted outline-none transition-colors duration-200 ease-out font-sans text-base font-medium text-foreground selection:bg-super\/50 selection:text-foreground dark:selection:bg-super\/10 dark:selection:text-super\">Vision+<\/span><\/span>. Pru\u017ea neuporediv kvalitet slike i vrhunske performanse. Opremljen <span class=\"group\/language-learning cursor-pointer\"><span class=\"group-hover\/language-learning:border-foreground border-subtle cursor-pointer hyphens-auto break-words border-b-2 border-dotted outline-none transition-colors duration-200 ease-out font-sans text-base font-medium text-foreground selection:bg-super\/50 selection:text-foreground dark:selection:bg-super\/10 dark:selection:text-super\">Gen-2 HD thermal sensor<\/span><\/span> sa rezolucijom do 1280\u00d71024 i brojem frejmova do 60Hz, <span class=\"group\/language-learning cursor-pointer\"><span class=\"group-hover\/language-learning:border-foreground border-subtle cursor-pointer hyphens-auto break-words border-b-2 border-dotted outline-none transition-colors duration-200 ease-out font-sans text-base font-medium text-foreground selection:bg-super\/50 selection:text-foreground dark:selection:bg-super\/10 dark:selection:text-super\">ACE<\/span><\/span> pru\u017ea stabilne performanse sa NETD\u226415mK. Ovo mu omogu\u0107ava da detektuje i najmanje temperaturne varijacije, pru\u017eaju\u0107i izuzetno detaljnu i glatku termi\u010dku sliku, \u010dak i prate\u0107i brzo pokretne plijenove. <span class=\"group\/language-learning cursor-pointer\"><span class=\"group-hover\/language-learning:border-foreground border-subtle cursor-pointer hyphens-auto break-words border-b-2 border-dotted outline-none transition-colors duration-200 ease-out font-sans text-base font-medium text-foreground selection:bg-super\/50 selection:text-foreground dark:selection:bg-super\/10 dark:selection:text-super\">ACE series<\/span><\/span> ima objektive od 60mm\/F1.0 ili 50mm\/F0.9. Ve\u0107i objektivni so\u010diva omogu\u0107avaju da 20% vi\u0161e svjetla dopre do senzora. U kombinaciji sa so\u010divima visokog prenosa, to stvara svjetlije i jasnije slike.<\/p>\n","protected":false},"excerpt":{"rendered":"<p>Nocpix ACE H50R Predstavljamo ACE series, vode\u0107i termi\u010dki ni\u0161an dizajniran za sve lovne uslove. Ima samorazvijeni visokorezolutni termi\u010dki senzor, integrisani LRF, kao i napredne sisteme Reality+ i Vision+. Pru\u017ea neuporediv kvalitet slike i vrhunske performanse. Opremljen Gen-2 HD thermal sensor sa rezolucijom do 1280\u00d71024 i brojem frejmova do 60Hz, ACE pru\u017ea stabilne performanse sa NETD\u226415mK. [&hellip;]<\/p>\n","protected":false},"featured_media":6259,"template":"","meta":[],"product_cat":[109,177],"product_tag":[],"class_list":{"0":"post-6137","1":"product","2":"type-product","3":"status-publish","4":"has-post-thumbnail","6":"product_brand-nocpix","7":"product_cat-monokulari","8":"product_cat-termalni-uredjaji","10":"first","11":"instock","12":"sale","13":"taxable","14":"shipping-taxable","15":"purchasable","16":"product-type-simple"},"_links":{"self":[{"href":"https:\/\/torzokom.com\/en\/wp-json\/wp\/v2\/product\/6137","targetHints":{"allow":["GET"]}}],"collection":[{"href":"https:\/\/torzokom.com\/en\/wp-json\/wp\/v2\/product"}],"about":[{"href":"https:\/\/torzokom.com\/en\/wp-json\/wp\/v2\/types\/product"}],"version-history":[{"count":1,"href":"https:\/\/torzokom.com\/en\/wp-json\/wp\/v2\/product\/6137\/revisions"}],"predecessor-version":[{"id":10214,"href":"https:\/\/torzokom.com\/en\/wp-json\/wp\/v2\/product\/6137\/revisions\/10214"}],"wp:featuredmedia":[{"embeddable":true,"href":"https:\/\/torzokom.com\/en\/wp-json\/wp\/v2\/media\/6259"}],"wp:attachment":[{"href":"https:\/\/torzokom.com\/en\/wp-json\/wp\/v2\/media?parent=6137"}],"wp:term":[{"taxonomy":"product_cat","embeddable":true,"href":"https:\/\/torzokom.com\/en\/wp-json\/wp\/v2\/product_cat?post=6137"},{"taxonomy":"product_tag","embeddable":true,"href":"https:\/\/torzokom.com\/en\/wp-json\/wp\/v2\/product_tag?post=6137"}],"curies":[{"name":"wp","href":"https:\/\/api.w.org\/{rel}","templated":true}]}}