{"id":6138,"date":"2025-10-24T00:45:04","date_gmt":"2025-10-23T22:45:04","guid":{"rendered":"http:\/\/torzokom.com\/?post_type=product&#038;p=6138"},"modified":"2026-04-17T01:37:55","modified_gmt":"2026-04-16T23:37:55","slug":"nocpix-ace-s60r","status":"publish","type":"product","link":"https:\/\/torzokom.com\/en\/product\/nocpix-ace-s60r\/","title":{"rendered":"Nocpix ACE S60R Termalni Monokular sa Daljinomjerom"},"content":{"rendered":"<h2>Nocpix ACE S60R<\/h2>\n<p>Predstavljaju\u0107i seriju ACE, dizajniran za sva lova\u010dka okru\u017eenja. Ima samorazvijeni temperaturni senzor visoke rezolucije integrisani LRF i napredne sustave Reality+ i Vision+.<br \/>\nIsporu\u010duje neusporedivu kvalitetu slike i vrhunske performanse.<\/p>\n","protected":false},"excerpt":{"rendered":"<p>Nocpix ACE S60R Predstavljaju\u0107i seriju ACE, dizajniran za sva lova\u010dka okru\u017eenja. Ima samorazvijeni temperaturni senzor visoke rezolucije integrisani LRF i napredne sustave Reality+ i Vision+. Isporu\u010duje neusporedivu kvalitetu slike i vrhunske performanse.<\/p>\n","protected":false},"featured_media":6225,"template":"","meta":[],"product_cat":[109,177],"product_tag":[],"class_list":{"0":"post-6138","1":"product","2":"type-product","3":"status-publish","4":"has-post-thumbnail","6":"product_brand-nocpix","7":"product_cat-monokulari","8":"product_cat-termalni-uredjaji","10":"first","11":"instock","12":"sale","13":"taxable","14":"shipping-taxable","15":"purchasable","16":"product-type-simple"},"_links":{"self":[{"href":"https:\/\/torzokom.com\/en\/wp-json\/wp\/v2\/product\/6138","targetHints":{"allow":["GET"]}}],"collection":[{"href":"https:\/\/torzokom.com\/en\/wp-json\/wp\/v2\/product"}],"about":[{"href":"https:\/\/torzokom.com\/en\/wp-json\/wp\/v2\/types\/product"}],"version-history":[{"count":1,"href":"https:\/\/torzokom.com\/en\/wp-json\/wp\/v2\/product\/6138\/revisions"}],"predecessor-version":[{"id":10197,"href":"https:\/\/torzokom.com\/en\/wp-json\/wp\/v2\/product\/6138\/revisions\/10197"}],"wp:featuredmedia":[{"embeddable":true,"href":"https:\/\/torzokom.com\/en\/wp-json\/wp\/v2\/media\/6225"}],"wp:attachment":[{"href":"https:\/\/torzokom.com\/en\/wp-json\/wp\/v2\/media?parent=6138"}],"wp:term":[{"taxonomy":"product_cat","embeddable":true,"href":"https:\/\/torzokom.com\/en\/wp-json\/wp\/v2\/product_cat?post=6138"},{"taxonomy":"product_tag","embeddable":true,"href":"https:\/\/torzokom.com\/en\/wp-json\/wp\/v2\/product_tag?post=6138"}],"curies":[{"name":"wp","href":"https:\/\/api.w.org\/{rel}","templated":true}]}}