{"id":6485,"date":"2025-10-26T15:24:09","date_gmt":"2025-10-26T14:24:09","guid":{"rendered":"http:\/\/torzokom.com\/?post_type=product&#038;p=6485"},"modified":"2025-10-27T17:58:41","modified_gmt":"2025-10-27T16:58:41","slug":"blaser-futrola-za-pusku-essential-119-cm-2","status":"publish","type":"product","link":"https:\/\/torzokom.com\/en\/product\/blaser-futrola-za-pusku-essential-119-cm-2\/","title":{"rendered":"Blaser Futrola Za Pusku Canvas\/Leather 119 cm"},"content":{"rendered":"<h2>Blaser Futrola Za Pusku Canvas\/Leather 119 cm<\/h2>\n<div class=\"prose dark:prose-invert inline leading-relaxed break-words min-w-0 [word-break:break-word] prose-strong:font-medium\">\n<p class=\"my-2 [&amp;+p]:mt-4 [&amp;_strong:has(+br)]:inline-block [&amp;_strong:has(+br)]:pb-2\"><span class=\"group\/language-learning cursor-pointer\"><span class=\"group-hover\/language-learning:border-foreground border-subtle cursor-pointer hyphens-auto break-words border-b-2 border-dotted outline-none transition-colors duration-200 ease-out font-sans text-base font-medium text-foreground selection:bg-super\/50 selection:text-foreground dark:selection:bg-super\/10 dark:selection:text-super\">Blaser Futteral Essential je savr\u0161en izbor za siguran i stilizovan transport va\u0161e lova\u010dke opreme. Materijal od izdr\u017eljivog i dugotrajnog poliestera pru\u017ea pouzdanu za\u0161titu. Ovaj futrolar ima prostrani glavni prostor i dodatni d\u017eep na prednjoj strani u kojem mo\u017eete optimalno smjestiti ciljnu palicu ili lova\u010dki ki\u0161obran. Tako\u0111e posjeduje zaseban mre\u017easti d\u017eep unutar prednjeg d\u017eepa. Opremljen je postavljenom podstavljenom ru\u010dkom za no\u0161enje i centralnim kai\u0161em za rame sa jastu\u010di\u0107em za maksimalnu udobnost pri no\u0161enju. Zaklju\u010divi rajsfer\u0161lusi na glavnom i prednjem d\u017eepu pru\u017eaju neophodnu sigurnost. U paketu dolaze dva kombinaciona brave. Blaser logo izvezene na prednjoj strani i jastu\u010di\u0107u dodatno daje futrolaru visokokvalitetan i elegantan izgled. Dostupan je u dve veli\u010dine: kratak (spolja\u0161nje dimenzije: 119 x 29 x 6 cm) i dug (spolja\u0161nje dimenzije: 132 x 29,5 x 8 cm). Neophodan dodatak za siguran transport va\u0161e lova\u010dke pu\u0161ke.<\/span><\/span><\/p>\n<\/div>\n<p>&nbsp;<\/p>\n","protected":false},"excerpt":{"rendered":"<p>Blaser Futrola Za Pusku Canvas\/Leather 119 cm Blaser Futteral Essential je savr\u0161en izbor za siguran i stilizovan transport va\u0161e lova\u010dke opreme. Materijal od izdr\u017eljivog i dugotrajnog poliestera pru\u017ea pouzdanu za\u0161titu. Ovaj futrolar ima prostrani glavni prostor i dodatni d\u017eep na prednjoj strani u kojem mo\u017eete optimalno smjestiti ciljnu palicu ili lova\u010dki ki\u0161obran. Tako\u0111e posjeduje zaseban [&hellip;]<\/p>\n","protected":false},"featured_media":6753,"template":"","meta":[],"product_cat":[83,212],"product_tag":[],"class_list":{"0":"post-6485","1":"product","2":"type-product","3":"status-publish","4":"has-post-thumbnail","6":"product_brand-blaser","7":"product_cat-dodatna-oprema","8":"product_cat-futrole-i-koferi","10":"first","11":"instock","12":"taxable","13":"shipping-taxable","14":"purchasable","15":"product-type-simple"},"_links":{"self":[{"href":"https:\/\/torzokom.com\/en\/wp-json\/wp\/v2\/product\/6485","targetHints":{"allow":["GET"]}}],"collection":[{"href":"https:\/\/torzokom.com\/en\/wp-json\/wp\/v2\/product"}],"about":[{"href":"https:\/\/torzokom.com\/en\/wp-json\/wp\/v2\/types\/product"}],"version-history":[{"count":0,"href":"https:\/\/torzokom.com\/en\/wp-json\/wp\/v2\/product\/6485\/revisions"}],"wp:featuredmedia":[{"embeddable":true,"href":"https:\/\/torzokom.com\/en\/wp-json\/wp\/v2\/media\/6753"}],"wp:attachment":[{"href":"https:\/\/torzokom.com\/en\/wp-json\/wp\/v2\/media?parent=6485"}],"wp:term":[{"taxonomy":"product_cat","embeddable":true,"href":"https:\/\/torzokom.com\/en\/wp-json\/wp\/v2\/product_cat?post=6485"},{"taxonomy":"product_tag","embeddable":true,"href":"https:\/\/torzokom.com\/en\/wp-json\/wp\/v2\/product_tag?post=6485"}],"curies":[{"name":"wp","href":"https:\/\/api.w.org\/{rel}","templated":true}]}}