{"id":6507,"date":"2025-10-26T18:42:21","date_gmt":"2025-10-26T17:42:21","guid":{"rendered":"http:\/\/torzokom.com\/?post_type=product&#038;p=6507"},"modified":"2025-10-27T16:27:34","modified_gmt":"2025-10-27T15:27:34","slug":"blaser-kofer-za-oruzje-r8-tip-b","status":"publish","type":"product","link":"https:\/\/torzokom.com\/en\/product\/blaser-kofer-za-oruzje-r8-tip-b\/","title":{"rendered":"Blaser Kofer za Oru\u017eje R8 Tip B"},"content":{"rendered":"<h2>Blaser Kofer za Oru\u017eje R8 Tip B<\/h2>\n<p>Blaser Kofer za Oru\u017eje R8 Tip B je siguran, udoban i diskretan kofer lagan za no\u0161enje, pogodan za automobile i avione. Izra\u0111en je s dvostrukom ABS \u0161koljkom koja pouzdano \u0161titi vatreno oru\u017eje od udaraca. Kofer ima zaobljene rubove obrubljene ko\u017eom i unutra\u0161njost od finog somota za dodatnu za\u0161titu oru\u017eja, a sigurnost osiguravaju tri kombinirane brave.<\/p>\n<p class=\"my-2 [&amp;+p]:mt-4 [&amp;_strong:has(+br)]:inline-block [&amp;_strong:has(+br)]:pb-2\">Dimenzije kofera su 80 x 35 x 9 cm, a unutra se nalaze pretinci za:<\/p>\n<ul>\n<li class=\"my-2 [&amp;+p]:mt-4 [&amp;_strong:has(+br)]:inline-block [&amp;_strong:has(+br)]:pb-2\">jednu cijev du\u017eine do 700 mm,<\/li>\n<li class=\"my-2 [&amp;+p]:mt-4 [&amp;_strong:has(+br)]:inline-block [&amp;_strong:has(+br)]:pb-2\">jedan ni\u0161an do pre\u010dnika 58 mm,<\/li>\n<li class=\"my-2 [&amp;+p]:mt-4 [&amp;_strong:has(+br)]:inline-block [&amp;_strong:has(+br)]:pb-2\">jedan integralni prigu\u0161iva\u010d (\u00d8 31 mm ISD),<\/li>\n<li class=\"my-2 [&amp;+p]:mt-4 [&amp;_strong:has(+br)]:inline-block [&amp;_strong:has(+br)]:pb-2\">dodatni prigu\u0161iva\u010d (\u00d8 50 mm x max du\u017eina 240 mm),<\/li>\n<li class=\"my-2 [&amp;+p]:mt-4 [&amp;_strong:has(+br)]:inline-block [&amp;_strong:has(+br)]:pb-2\">dodatnu monta\u017eu,<\/li>\n<li class=\"my-2 [&amp;+p]:mt-4 [&amp;_strong:has(+br)]:inline-block [&amp;_strong:has(+br)]:pb-2\">remen,<\/li>\n<li class=\"my-2 [&amp;+p]:mt-4 [&amp;_strong:has(+br)]:inline-block [&amp;_strong:has(+br)]:pb-2\">pretinac za dokumente i prostor za imbus klju\u010d u poklopcu.<\/li>\n<\/ul>\n","protected":false},"excerpt":{"rendered":"<p>Blaser Kofer za Oru\u017eje R8 Tip B Blaser Kofer za Oru\u017eje R8 Tip B je siguran, udoban i diskretan kofer lagan za no\u0161enje, pogodan za automobile i avione. Izra\u0111en je s dvostrukom ABS \u0161koljkom koja pouzdano \u0161titi vatreno oru\u017eje od udaraca. Kofer ima zaobljene rubove obrubljene ko\u017eom i unutra\u0161njost od finog somota za dodatnu za\u0161titu [&hellip;]<\/p>\n","protected":false},"featured_media":6711,"template":"","meta":[],"product_cat":[83,212],"product_tag":[],"class_list":{"0":"post-6507","1":"product","2":"type-product","3":"status-publish","4":"has-post-thumbnail","6":"product_brand-blaser","7":"product_cat-dodatna-oprema","8":"product_cat-futrole-i-koferi","10":"first","11":"instock","12":"taxable","13":"shipping-taxable","14":"purchasable","15":"product-type-simple"},"_links":{"self":[{"href":"https:\/\/torzokom.com\/en\/wp-json\/wp\/v2\/product\/6507","targetHints":{"allow":["GET"]}}],"collection":[{"href":"https:\/\/torzokom.com\/en\/wp-json\/wp\/v2\/product"}],"about":[{"href":"https:\/\/torzokom.com\/en\/wp-json\/wp\/v2\/types\/product"}],"version-history":[{"count":0,"href":"https:\/\/torzokom.com\/en\/wp-json\/wp\/v2\/product\/6507\/revisions"}],"wp:featuredmedia":[{"embeddable":true,"href":"https:\/\/torzokom.com\/en\/wp-json\/wp\/v2\/media\/6711"}],"wp:attachment":[{"href":"https:\/\/torzokom.com\/en\/wp-json\/wp\/v2\/media?parent=6507"}],"wp:term":[{"taxonomy":"product_cat","embeddable":true,"href":"https:\/\/torzokom.com\/en\/wp-json\/wp\/v2\/product_cat?post=6507"},{"taxonomy":"product_tag","embeddable":true,"href":"https:\/\/torzokom.com\/en\/wp-json\/wp\/v2\/product_tag?post=6507"}],"curies":[{"name":"wp","href":"https:\/\/api.w.org\/{rel}","templated":true}]}}