{"id":6518,"date":"2025-10-26T19:11:24","date_gmt":"2025-10-26T18:11:24","guid":{"rendered":"http:\/\/torzokom.com\/?post_type=product&#038;p=6518"},"modified":"2025-10-27T17:06:20","modified_gmt":"2025-10-27T16:06:20","slug":"blaser-remnik-zeleni","status":"publish","type":"product","link":"https:\/\/torzokom.com\/en\/product\/blaser-remnik-zeleni\/","title":{"rendered":"Blaser Remnik Zeleni"},"content":{"rendered":"<h2>Blaser Remnik Zeleni<\/h2>\n<p>Visokokvalitetni remen za pu\u0161ku u tamno zelenom neoprenskom materijalu. Neklizaju\u0107i, elasti\u010dan i podesiv po du\u017eini sa prakti\u010dnim kop\u010dama za pra\u0107enje na zadnjem dijelu kundaka. \u0160iroka, meka podloga za rame za optimalnu udobnost. Integrisana futrola za dve patrona svih konvencionalnih lova\u010dkih kalibara. Brze Blaser kop\u010de za brzo skidanje i odvojivi okretni dr\u017ea\u010di za remen. Pogodan samo za modele oru\u017eja za pronala\u017eenje divlja\u010di \/ Nachsuche.<\/p>\n","protected":false},"excerpt":{"rendered":"<p>Blaser Remnik Zeleni Visokokvalitetni remen za pu\u0161ku u tamno zelenom neoprenskom materijalu. Neklizaju\u0107i, elasti\u010dan i podesiv po du\u017eini sa prakti\u010dnim kop\u010dama za pra\u0107enje na zadnjem dijelu kundaka. \u0160iroka, meka podloga za rame za optimalnu udobnost. Integrisana futrola za dve patrona svih konvencionalnih lova\u010dkih kalibara. Brze Blaser kop\u010de za brzo skidanje i odvojivi okretni dr\u017ea\u010di za [&hellip;]<\/p>\n","protected":false},"featured_media":6721,"template":"","meta":[],"product_cat":[83,206],"product_tag":[],"class_list":{"0":"post-6518","1":"product","2":"type-product","3":"status-publish","4":"has-post-thumbnail","6":"product_brand-blaser","7":"product_cat-dodatna-oprema","8":"product_cat-remnici-za-puske","10":"first","11":"instock","12":"taxable","13":"shipping-taxable","14":"purchasable","15":"product-type-simple"},"_links":{"self":[{"href":"https:\/\/torzokom.com\/en\/wp-json\/wp\/v2\/product\/6518","targetHints":{"allow":["GET"]}}],"collection":[{"href":"https:\/\/torzokom.com\/en\/wp-json\/wp\/v2\/product"}],"about":[{"href":"https:\/\/torzokom.com\/en\/wp-json\/wp\/v2\/types\/product"}],"version-history":[{"count":0,"href":"https:\/\/torzokom.com\/en\/wp-json\/wp\/v2\/product\/6518\/revisions"}],"wp:featuredmedia":[{"embeddable":true,"href":"https:\/\/torzokom.com\/en\/wp-json\/wp\/v2\/media\/6721"}],"wp:attachment":[{"href":"https:\/\/torzokom.com\/en\/wp-json\/wp\/v2\/media?parent=6518"}],"wp:term":[{"taxonomy":"product_cat","embeddable":true,"href":"https:\/\/torzokom.com\/en\/wp-json\/wp\/v2\/product_cat?post=6518"},{"taxonomy":"product_tag","embeddable":true,"href":"https:\/\/torzokom.com\/en\/wp-json\/wp\/v2\/product_tag?post=6518"}],"curies":[{"name":"wp","href":"https:\/\/api.w.org\/{rel}","templated":true}]}}