{"id":6536,"date":"2025-10-26T19:42:49","date_gmt":"2025-10-26T18:42:49","guid":{"rendered":"http:\/\/torzokom.com\/?post_type=product&#038;p=6536"},"modified":"2025-10-27T17:48:08","modified_gmt":"2025-10-27T16:48:08","slug":"blaser-noz-sklopivi-orange","status":"publish","type":"product","link":"https:\/\/torzokom.com\/en\/product\/blaser-noz-sklopivi-orange\/","title":{"rendered":"Blaser No\u017e Preklopni Orange"},"content":{"rendered":"<h2>Blaser No\u017e Preklopni Orange<\/h2>\n<div class=\"prose dark:prose-invert inline leading-relaxed break-words min-w-0 [word-break:break-word] prose-strong:font-medium\">\n<p class=\"my-2 [&amp;+p]:mt-4 [&amp;_strong:has(+br)]:inline-block [&amp;_strong:has(+br)]:pb-2\"><span class=\"group\/language-learning cursor-pointer\"><span class=\"group-hover\/language-learning:border-foreground border-subtle cursor-pointer hyphens-auto break-words border-b-2 border-dotted outline-none transition-colors duration-200 ease-out font-sans text-base font-medium text-foreground selection:bg-super\/50 selection:text-foreground dark:selection:bg-super\/10 dark:selection:text-super\">Blaser sklopivi no\u017e je klasi\u010dni no\u017e sa izdr\u017eljivom plasti\u010dnom dr\u0161kom koja je prijatna za dr\u017eanje i laka za \u010di\u0161\u0107enje. Dr\u0161ka je otporna na vlagu i pru\u017ea stabilnost. Sje\u010divo se lako otvara pomo\u0107u \u017eljeba za nokat i sigurno se fiksira zahvaljuju\u0107i jednostavnom i prakti\u010dnom Liner Lock mehanizmu zaklju\u010davanja. Napravljen od kvalitetnog 440C \u010delika, sje\u010divo je otporno i izdr\u017eljivo. No\u017e se mo\u017ee sigurno \u010duvati u prilo\u017eenoj najlonskoj futroli. Prakti\u010dan saputnik za lov!<\/span><\/span><\/p>\n<\/div>\n","protected":false},"excerpt":{"rendered":"<p>Blaser No\u017e Preklopni Orange Blaser sklopivi no\u017e je klasi\u010dni no\u017e sa izdr\u017eljivom plasti\u010dnom dr\u0161kom koja je prijatna za dr\u017eanje i laka za \u010di\u0161\u0107enje. Dr\u0161ka je otporna na vlagu i pru\u017ea stabilnost. Sje\u010divo se lako otvara pomo\u0107u \u017eljeba za nokat i sigurno se fiksira zahvaljuju\u0107i jednostavnom i prakti\u010dnom Liner Lock mehanizmu zaklju\u010davanja. Napravljen od kvalitetnog 440C [&hellip;]<\/p>\n","protected":false},"featured_media":6745,"template":"","meta":[],"product_cat":[83,47],"product_tag":[],"class_list":{"0":"post-6536","1":"product","2":"type-product","3":"status-publish","4":"has-post-thumbnail","6":"product_brand-blaser","7":"product_cat-dodatna-oprema","8":"product_cat-nozevi","10":"first","11":"instock","12":"taxable","13":"shipping-taxable","14":"purchasable","15":"product-type-simple"},"_links":{"self":[{"href":"https:\/\/torzokom.com\/en\/wp-json\/wp\/v2\/product\/6536","targetHints":{"allow":["GET"]}}],"collection":[{"href":"https:\/\/torzokom.com\/en\/wp-json\/wp\/v2\/product"}],"about":[{"href":"https:\/\/torzokom.com\/en\/wp-json\/wp\/v2\/types\/product"}],"version-history":[{"count":0,"href":"https:\/\/torzokom.com\/en\/wp-json\/wp\/v2\/product\/6536\/revisions"}],"wp:featuredmedia":[{"embeddable":true,"href":"https:\/\/torzokom.com\/en\/wp-json\/wp\/v2\/media\/6745"}],"wp:attachment":[{"href":"https:\/\/torzokom.com\/en\/wp-json\/wp\/v2\/media?parent=6536"}],"wp:term":[{"taxonomy":"product_cat","embeddable":true,"href":"https:\/\/torzokom.com\/en\/wp-json\/wp\/v2\/product_cat?post=6536"},{"taxonomy":"product_tag","embeddable":true,"href":"https:\/\/torzokom.com\/en\/wp-json\/wp\/v2\/product_tag?post=6536"}],"curies":[{"name":"wp","href":"https:\/\/api.w.org\/{rel}","templated":true}]}}