{"id":6568,"date":"2025-10-26T23:46:45","date_gmt":"2025-10-26T22:46:45","guid":{"rendered":"http:\/\/torzokom.com\/?post_type=product&#038;p=6568"},"modified":"2025-10-27T16:15:25","modified_gmt":"2025-10-27T15:15:25","slug":"blaser-pribor-za-jelo-huntec-camo","status":"publish","type":"product","link":"https:\/\/torzokom.com\/en\/product\/blaser-pribor-za-jelo-huntec-camo\/","title":{"rendered":"Blaser Pribor za Jelo Huntec Camo"},"content":{"rendered":"<h2>Blaser Pribor za Jelo Huntec Camo<\/h2>\n<p class=\"my-2 [&amp;+p]:mt-4 [&amp;_strong:has(+br)]:inline-block [&amp;_strong:has(+br)]:pb-2\"><span class=\"group\/language-learning cursor-pointer\"><span class=\"group-hover\/language-learning:border-foreground border-subtle cursor-pointer hyphens-auto break-words border-b-2 border-dotted outline-none transition-colors duration-200 ease-out font-sans text-base font-medium text-foreground selection:bg-super\/50 selection:text-foreground dark:selection:bg-super\/10 dark:selection:text-super\">Brzo pri ruci za obrok izme\u0111u i kompaktno povezano magnetom, Blaser pribor za jelo lako stane u svaki d\u017eep. Sastoji se od ka\u0161ike, vilju\u0161ke i no\u017ea u modernom Huntec camo ili Carbon izgledu. Zbog nehr\u0111aju\u0107eg \u010delika, pribor za jelo je izuzetno dugotrajan. Jednostavan, prakti\u010dan i udoban za lov.<\/span><\/span><\/p>\n","protected":false},"excerpt":{"rendered":"<p>Blaser Pribor za Jelo Huntec Camo Brzo pri ruci za obrok izme\u0111u i kompaktno povezano magnetom, Blaser pribor za jelo lako stane u svaki d\u017eep. Sastoji se od ka\u0161ike, vilju\u0161ke i no\u017ea u modernom Huntec camo ili Carbon izgledu. Zbog nehr\u0111aju\u0107eg \u010delika, pribor za jelo je izuzetno dugotrajan. Jednostavan, prakti\u010dan i udoban za lov.<\/p>\n","protected":false},"featured_media":6707,"template":"","meta":[],"product_cat":[83,47,51],"product_tag":[],"class_list":{"0":"post-6568","1":"product","2":"type-product","3":"status-publish","4":"has-post-thumbnail","6":"product_brand-blaser","7":"product_cat-dodatna-oprema","8":"product_cat-nozevi","9":"product_cat-ostalo","11":"first","12":"instock","13":"taxable","14":"shipping-taxable","15":"purchasable","16":"product-type-simple"},"_links":{"self":[{"href":"https:\/\/torzokom.com\/en\/wp-json\/wp\/v2\/product\/6568","targetHints":{"allow":["GET"]}}],"collection":[{"href":"https:\/\/torzokom.com\/en\/wp-json\/wp\/v2\/product"}],"about":[{"href":"https:\/\/torzokom.com\/en\/wp-json\/wp\/v2\/types\/product"}],"version-history":[{"count":0,"href":"https:\/\/torzokom.com\/en\/wp-json\/wp\/v2\/product\/6568\/revisions"}],"wp:featuredmedia":[{"embeddable":true,"href":"https:\/\/torzokom.com\/en\/wp-json\/wp\/v2\/media\/6707"}],"wp:attachment":[{"href":"https:\/\/torzokom.com\/en\/wp-json\/wp\/v2\/media?parent=6568"}],"wp:term":[{"taxonomy":"product_cat","embeddable":true,"href":"https:\/\/torzokom.com\/en\/wp-json\/wp\/v2\/product_cat?post=6568"},{"taxonomy":"product_tag","embeddable":true,"href":"https:\/\/torzokom.com\/en\/wp-json\/wp\/v2\/product_tag?post=6568"}],"curies":[{"name":"wp","href":"https:\/\/api.w.org\/{rel}","templated":true}]}}