{"id":6792,"date":"2025-10-29T08:34:15","date_gmt":"2025-10-29T07:34:15","guid":{"rendered":"https:\/\/torzokom.com\/?post_type=product&#038;p=6792"},"modified":"2026-02-19T12:26:56","modified_gmt":"2026-02-19T11:26:56","slug":"pistolj-kmr-w-02-umbra-or","status":"publish","type":"product","link":"https:\/\/torzokom.com\/en\/product\/pistolj-kmr-w-02-umbra-or\/","title":{"rendered":"Pi\u0161tolj KMR W-02 UMBRA OR"},"content":{"rendered":"<h2>Pi\u0161tolj KMR W-02 UMBRA OR<\/h2>\n<p>Mali, ali mo\u0107an. Dobro ste \u010duli, govorimo o KMR W-02 UMBRA OR. S ovim kompaktnim pi\u0161toljem ne\u0107ete se izgubiti u takmi\u010denju, naprotiv, mo\u017eete iznenaditi.\u00a0Pi\u0161tolj je opremljen KMR dodacima i BRS stabilizacijom cijevi, tako da zna\u010di pogodak u metu.\u00a0Ovaj model nije samo za sportsko strelja\u0161tvo, ve\u0107 za svakog strastvenog strijelca. S ovim komadom ste uvijek SPREMNI ZA TAKMI\u010cENJE!<\/p>\n<p><strong class=\"Yjhzub\" data-complete=\"true\">KMR W-02 UMBRA OR<\/strong>\u00a0je vrhunski \u010de\u0161ki sportski pi\u0161tolj kompanije\u00a0<em class=\"eujQNb\" data-complete=\"true\">KMR Precision Arms<\/em>, dizajniran za takmi\u010darsko strelja\u0161tvo (IPSC, IDPA) i zahtevne korisnike koji tra\u017ee ekstremnu preciznost u kompaktnijem formatu. Oznaka\u00a0<strong class=\"Yjhzub\" data-complete=\"true\">OR<\/strong>\u00a0(<em class=\"eujQNb\" data-complete=\"true\">Optics Ready<\/em>) zna\u010di da je fabri\u010dki pripremljen za montiranje kolimatorskih (crvenih) ta\u010daka<\/p>\n<p>&nbsp;<\/p>\n","protected":false},"excerpt":{"rendered":"<p>Pi\u0161tolj je u potpunosti izra\u0111en od \u010delika pomo\u0107u\u00a0<strong class=\"Yjhzub\" data-complete=\"true\">CNC obrade<\/strong>\u00a0iz punog bloka metala, \u0161to mu daje izuzetnu \u010dvrstinu. Rukohvat je opremljen\u00a0<strong class=\"Yjhzub\" data-complete=\"true\">DiamondCut<\/strong>\u00a0duraluminijumskim koricama (\u010desto u crnoj ili tamno crvenoj boji kod X modela) koje pru\u017eaju agresivnu teksturu za siguran hvat. Povr\u0161ina je za\u0161ti\u0107ena\u00a0<strong class=\"Yjhzub\" data-complete=\"true\">Cerakote<\/strong>\u00a0premazom ili nitriranjem radi otpornosti na koroziju i habanje.<\/p>\n","protected":false},"featured_media":7182,"template":"","meta":[],"product_cat":[46,79],"product_tag":[],"class_list":{"0":"post-6792","1":"product","2":"type-product","3":"status-publish","4":"has-post-thumbnail","6":"product_brand-kmr","7":"product_cat-oruzje","8":"product_cat-pistolji-i-revolveri","10":"first","11":"instock","12":"taxable","13":"shipping-taxable","14":"purchasable","15":"product-type-simple"},"_links":{"self":[{"href":"https:\/\/torzokom.com\/en\/wp-json\/wp\/v2\/product\/6792","targetHints":{"allow":["GET"]}}],"collection":[{"href":"https:\/\/torzokom.com\/en\/wp-json\/wp\/v2\/product"}],"about":[{"href":"https:\/\/torzokom.com\/en\/wp-json\/wp\/v2\/types\/product"}],"version-history":[{"count":0,"href":"https:\/\/torzokom.com\/en\/wp-json\/wp\/v2\/product\/6792\/revisions"}],"wp:featuredmedia":[{"embeddable":true,"href":"https:\/\/torzokom.com\/en\/wp-json\/wp\/v2\/media\/7182"}],"wp:attachment":[{"href":"https:\/\/torzokom.com\/en\/wp-json\/wp\/v2\/media?parent=6792"}],"wp:term":[{"taxonomy":"product_cat","embeddable":true,"href":"https:\/\/torzokom.com\/en\/wp-json\/wp\/v2\/product_cat?post=6792"},{"taxonomy":"product_tag","embeddable":true,"href":"https:\/\/torzokom.com\/en\/wp-json\/wp\/v2\/product_tag?post=6792"}],"curies":[{"name":"wp","href":"https:\/\/api.w.org\/{rel}","templated":true}]}}