{"id":6940,"date":"2025-10-28T14:31:11","date_gmt":"2025-10-28T13:31:11","guid":{"rendered":"https:\/\/torzokom.com\/?post_type=product&#038;p=6940"},"modified":"2025-10-28T18:08:30","modified_gmt":"2025-10-28T17:08:30","slug":"blaser-ruksak-competition-plavi-80414797","status":"publish","type":"product","link":"https:\/\/torzokom.com\/en\/product\/blaser-ruksak-competition-plavi-80414797\/","title":{"rendered":"Blaser Ruksak Competition Plavi"},"content":{"rendered":"<h2 data-start=\"0\" data-end=\"367\">Blaser Ruksak Competition Plavi<\/h2>\n<p data-start=\"0\" data-end=\"367\">Blaser ruksak za sa\u010dmaricu sa kapacitetom od 24 litra pru\u017ea vrhunsku udobnost i organizaciju za lovce i sportske strelce. Napravljen od izdr\u017eljive poliesterske tkanine, spaja funkcionalnost, \u010dvrstinu i dugotrajnost. Podo\u0161eni sistem no\u0161enja sa podesivim prsnim trakama osigurava udobno no\u0161enje, \u010dak i tokom du\u017eih perioda. Prakti\u010dna ru\u010dka za no\u0161enje olak\u0161ava rukovanje.<\/p>\n<p data-start=\"369\" data-end=\"1256\">Gornji zipovani odjeljak sadr\u017ei organizator sa ventilatorom, d\u017eepove i kuka za klju\u010deve, za sigurno skladi\u0161tenje va\u017enih predmeta poput lova\u010dkih nao\u010dara, za\u0161tite za u\u0161i i klju\u010deva. Sredi\u0161nji zipovani odjeljak nudi prostor za osam kutija municije i ima zaklju\u010davaju\u0107i klizni otvor za sigurno skladi\u0161tenje municije. Prednji zipovani odjeljak opremljen je sa tri otvorena unutra\u0161nja d\u017eepa, zipovanom mre\u017eastom d\u017eepu i elasti\u010dnom trakom za efikasno organizovanje opreme. Prostoran zipovani d\u017eep na poklopcu sredi\u0161njeg odjeljka, ravni zipovani d\u017eep sa lijeve strane i fleksibilni mre\u017easti d\u017eep s desne strane nude dodatni prostor za va\u0161e li\u010dne stvari. Zaklju\u010davaju\u0107i patentni zatvara\u010di na glavnim, sredi\u0161njim i prednjim d\u017eepovima poma\u017eu da va\u0161a oprema bude sigurna. Otvori na vrhu i sa strane omogu\u0107avaju sigurno pakovanje i transport sa\u010dmarice izme\u0111u nosivog sistema i glavnog dijela ruksaka.<\/p>\n<p data-start=\"1258\" data-end=\"1487\" data-is-last-node=\"\" data-is-only-node=\"\">Ruksak je opremljen \u010dvrstom, predoblikovanom, vodootpornom osnovom koja osigurava dobru stabilnost i pru\u017ea dodatnu za\u0161titu. Sa ovim ruksakom za sa\u010dmaricu, va\u0161a lova\u010dka oprema je uvijek savr\u0161eno organizovana i spremna za upotrebu!<\/p>\n","protected":false},"excerpt":{"rendered":"<p>Blaser Ruksak Competition Plavi Blaser ruksak za sa\u010dmaricu sa kapacitetom od 24 litra pru\u017ea vrhunsku udobnost i organizaciju za lovce i sportske strelce. Napravljen od izdr\u017eljive poliesterske tkanine, spaja funkcionalnost, \u010dvrstinu i dugotrajnost. Podo\u0161eni sistem no\u0161enja sa podesivim prsnim trakama osigurava udobno no\u0161enje, \u010dak i tokom du\u017eih perioda. Prakti\u010dna ru\u010dka za no\u0161enje olak\u0161ava rukovanje. Gornji [&hellip;]<\/p>\n","protected":false},"featured_media":7051,"template":"","meta":[],"product_cat":[33],"product_tag":[],"class_list":{"0":"post-6940","1":"product","2":"type-product","3":"status-publish","4":"has-post-thumbnail","6":"product_brand-blaser","7":"product_cat-torbe-ruksaci","9":"first","10":"instock","11":"taxable","12":"shipping-taxable","13":"purchasable","14":"product-type-simple"},"_links":{"self":[{"href":"https:\/\/torzokom.com\/en\/wp-json\/wp\/v2\/product\/6940","targetHints":{"allow":["GET"]}}],"collection":[{"href":"https:\/\/torzokom.com\/en\/wp-json\/wp\/v2\/product"}],"about":[{"href":"https:\/\/torzokom.com\/en\/wp-json\/wp\/v2\/types\/product"}],"version-history":[{"count":0,"href":"https:\/\/torzokom.com\/en\/wp-json\/wp\/v2\/product\/6940\/revisions"}],"wp:featuredmedia":[{"embeddable":true,"href":"https:\/\/torzokom.com\/en\/wp-json\/wp\/v2\/media\/7051"}],"wp:attachment":[{"href":"https:\/\/torzokom.com\/en\/wp-json\/wp\/v2\/media?parent=6940"}],"wp:term":[{"taxonomy":"product_cat","embeddable":true,"href":"https:\/\/torzokom.com\/en\/wp-json\/wp\/v2\/product_cat?post=6940"},{"taxonomy":"product_tag","embeddable":true,"href":"https:\/\/torzokom.com\/en\/wp-json\/wp\/v2\/product_tag?post=6940"}],"curies":[{"name":"wp","href":"https:\/\/api.w.org\/{rel}","templated":true}]}}