{"id":6948,"date":"2025-10-28T14:38:23","date_gmt":"2025-10-28T13:38:23","guid":{"rendered":"https:\/\/torzokom.com\/?post_type=product&#038;p=6948"},"modified":"2025-10-28T18:25:35","modified_gmt":"2025-10-28T17:25:35","slug":"blaser-futrola-za-auto-80409749","status":"publish","type":"product","link":"https:\/\/torzokom.com\/en\/product\/blaser-futrola-za-auto-80409749\/","title":{"rendered":"Blaser Futrola za Auto 80409749"},"content":{"rendered":"<h2>Blaser Futrola za Auto<\/h2>\n<p data-start=\"0\" data-end=\"272\">Blaser Car Soft Cover odgovara svakom vozilu i lako se mo\u017ee pri\u010dvrstiti za naslone za glavu voza\u010da i suvoza\u010da pomo\u0107u dva podesiva kabla. To zna\u010di da je va\u0161a pu\u0161ka i oprema pouzdano i sigurno pohranjena, \u010dak i na neravnim putevima kroz lovi\u0161te ili u slu\u010daju naglog ko\u010denja.<\/p>\n<p data-start=\"274\" data-end=\"560\">Torba nudi veliki, zaklju\u010davaju\u0107i odjeljak za pu\u0161ku (117 x 38 cm), zaklju\u010davaju\u0107i prednji d\u017eep sa Argali logom za municiju i dva mre\u017easta d\u017eepa za ostalu opremu. Dva integrisana luka na gornjem dijelu torbe pru\u017eaju prostor za dodatno skladi\u0161tenje\/priklju\u010divanje va\u0161eg strelja\u010dkog \u0161tapa.<\/p>\n<p data-start=\"562\" data-end=\"778\">Blaser Car Soft Case je napravljen od fleksibilnog neopren materijala i ima elegantan loden izgled. Mo\u017ee se otvoriti sa obje strane i lako se rukuje. Uvu\u010dena ru\u010dka omogu\u0107ava lako no\u0161enje i transport torbe van vozila.<\/p>\n<p data-start=\"780\" data-end=\"869\" data-is-last-node=\"\" data-is-only-node=\"\">\n","protected":false},"excerpt":{"rendered":"<p>Blaser Futrola za Auto Blaser Car Soft Cover odgovara svakom vozilu i lako se mo\u017ee pri\u010dvrstiti za naslone za glavu voza\u010da i suvoza\u010da pomo\u0107u dva podesiva kabla. To zna\u010di da je va\u0161a pu\u0161ka i oprema pouzdano i sigurno pohranjena, \u010dak i na neravnim putevima kroz lovi\u0161te ili u slu\u010daju naglog ko\u010denja. Torba nudi veliki, zaklju\u010davaju\u0107i [&hellip;]<\/p>\n","protected":false},"featured_media":7066,"template":"","meta":[],"product_cat":[212,83],"product_tag":[],"class_list":{"0":"post-6948","1":"product","2":"type-product","3":"status-publish","4":"has-post-thumbnail","6":"product_brand-blaser","7":"product_cat-futrole-i-koferi","8":"product_cat-dodatna-oprema","10":"first","11":"instock","12":"taxable","13":"shipping-taxable","14":"purchasable","15":"product-type-simple"},"_links":{"self":[{"href":"https:\/\/torzokom.com\/en\/wp-json\/wp\/v2\/product\/6948","targetHints":{"allow":["GET"]}}],"collection":[{"href":"https:\/\/torzokom.com\/en\/wp-json\/wp\/v2\/product"}],"about":[{"href":"https:\/\/torzokom.com\/en\/wp-json\/wp\/v2\/types\/product"}],"version-history":[{"count":0,"href":"https:\/\/torzokom.com\/en\/wp-json\/wp\/v2\/product\/6948\/revisions"}],"wp:featuredmedia":[{"embeddable":true,"href":"https:\/\/torzokom.com\/en\/wp-json\/wp\/v2\/media\/7066"}],"wp:attachment":[{"href":"https:\/\/torzokom.com\/en\/wp-json\/wp\/v2\/media?parent=6948"}],"wp:term":[{"taxonomy":"product_cat","embeddable":true,"href":"https:\/\/torzokom.com\/en\/wp-json\/wp\/v2\/product_cat?post=6948"},{"taxonomy":"product_tag","embeddable":true,"href":"https:\/\/torzokom.com\/en\/wp-json\/wp\/v2\/product_tag?post=6948"}],"curies":[{"name":"wp","href":"https:\/\/api.w.org\/{rel}","templated":true}]}}