{"id":6950,"date":"2025-10-28T18:27:53","date_gmt":"2025-10-28T17:27:53","guid":{"rendered":"https:\/\/torzokom.com\/?post_type=product&#038;p=6950"},"modified":"2025-10-28T18:27:53","modified_gmt":"2025-10-28T17:27:53","slug":"dijabola-coal-45-basic-200-047g","status":"publish","type":"product","link":"https:\/\/torzokom.com\/en\/product\/dijabola-coal-45-basic-200-047g\/","title":{"rendered":"Dijabola Coal 4,5 Basic 200 0,47g"},"content":{"rendered":"<h2>Dijabola Coal 4,5 Basic 200 0,47g<\/h2>\n<p data-start=\"0\" data-end=\"252\">Osnovni komplet za slobodno vrijeme strelaca su 4,5 mm Basic White Pellets marke Coal. Rije\u010d je o zrnima sa ravnim vrhom i rebrastim telom od olova. Basic White Pellets su posebno pogodne za vje\u017ebe ili za po\u010detnike koji ne pucaju na velike udaljenosti.<\/p>\n<p data-start=\"254\" data-end=\"486\">Zahvaljuju\u0107i visokim proizvodnim standardima marke Coal, Basic White Pellets imaju precizne putanje leta, a zbog svoje male te\u017eine posti\u017eu visoke brzine. Diabolos projektili za vazdu\u0161ne pu\u0161ke od Coal poznati su po stalnom kvalitetu.<\/p>\n","protected":false},"excerpt":{"rendered":"<p>Dijabola Coal 4,5 Basic 200 0,47g Osnovni komplet za slobodno vrijeme strelaca su 4,5 mm Basic White Pellets marke Coal. Rije\u010d je o zrnima sa ravnim vrhom i rebrastim telom od olova. Basic White Pellets su posebno pogodne za vje\u017ebe ili za po\u010detnike koji ne pucaju na velike udaljenosti. Zahvaljuju\u0107i visokim proizvodnim standardima marke Coal, [&hellip;]<\/p>\n","protected":false},"featured_media":7071,"template":"","meta":[],"product_cat":[61,15],"product_tag":[],"class_list":{"0":"post-6950","1":"product","2":"type-product","3":"status-publish","4":"has-post-thumbnail","6":"product_brand-coal","7":"product_cat-dijabole","8":"product_cat-municija","10":"first","11":"instock","12":"taxable","13":"shipping-taxable","14":"purchasable","15":"product-type-simple"},"_links":{"self":[{"href":"https:\/\/torzokom.com\/en\/wp-json\/wp\/v2\/product\/6950","targetHints":{"allow":["GET"]}}],"collection":[{"href":"https:\/\/torzokom.com\/en\/wp-json\/wp\/v2\/product"}],"about":[{"href":"https:\/\/torzokom.com\/en\/wp-json\/wp\/v2\/types\/product"}],"version-history":[{"count":0,"href":"https:\/\/torzokom.com\/en\/wp-json\/wp\/v2\/product\/6950\/revisions"}],"wp:featuredmedia":[{"embeddable":true,"href":"https:\/\/torzokom.com\/en\/wp-json\/wp\/v2\/media\/7071"}],"wp:attachment":[{"href":"https:\/\/torzokom.com\/en\/wp-json\/wp\/v2\/media?parent=6950"}],"wp:term":[{"taxonomy":"product_cat","embeddable":true,"href":"https:\/\/torzokom.com\/en\/wp-json\/wp\/v2\/product_cat?post=6950"},{"taxonomy":"product_tag","embeddable":true,"href":"https:\/\/torzokom.com\/en\/wp-json\/wp\/v2\/product_tag?post=6950"}],"curies":[{"name":"wp","href":"https:\/\/api.w.org\/{rel}","templated":true}]}}