{"id":6961,"date":"2025-10-28T19:33:52","date_gmt":"2025-10-28T18:33:52","guid":{"rendered":"https:\/\/torzokom.com\/?post_type=product&#038;p=6961"},"modified":"2025-10-28T19:33:52","modified_gmt":"2025-10-28T18:33:52","slug":"dijabola-coal-45-ft-400-0675g","status":"publish","type":"product","link":"https:\/\/torzokom.com\/en\/product\/dijabola-coal-45-ft-400-0675g\/","title":{"rendered":"Dijabola Coal 4,5 FT 400 0,675g"},"content":{"rendered":"<h2>Dijabola Coal 4,5 FT 400 0,675g<\/h2>\n<article class=\"text-token-text-primary w-full focus:outline-none [--shadow-height:45px] has-data-writing-block:pointer-events-none has-data-writing-block:-mt-(--shadow-height) has-data-writing-block:pt-(--shadow-height) [&amp;:has([data-writing-block])&gt;*]:pointer-events-auto [content-visibility:auto] supports-[content-visibility:auto]:[contain-intrinsic-size:auto_100lvh] scroll-mt-[calc(var(--header-height)+min(200px,max(70px,20svh)))]\" dir=\"auto\" tabindex=\"-1\" data-turn-id=\"20c17516-6f9b-4e04-8797-e945b87b25ba\" data-testid=\"conversation-turn-28\" data-scroll-anchor=\"true\" data-turn=\"assistant\">\n<div class=\"text-base my-auto mx-auto pb-10 [--thread-content-margin:--spacing(4)] thread-sm:[--thread-content-margin:--spacing(6)] thread-lg:[--thread-content-margin:--spacing(16)] px-(--thread-content-margin)\">\n<div class=\"[--thread-content-max-width:40rem] thread-lg:[--thread-content-max-width:48rem] mx-auto max-w-(--thread-content-max-width) flex-1 group\/turn-messages focus-visible:outline-hidden relative flex w-full min-w-0 flex-col agent-turn\" tabindex=\"-1\">\n<div class=\"flex max-w-full flex-col grow\">\n<div class=\"min-h-8 text-message relative flex w-full flex-col items-end gap-2 text-start break-words whitespace-normal [.text-message+&amp;]:mt-1\" dir=\"auto\" data-message-author-role=\"assistant\" data-message-id=\"1b4ce879-7717-45ce-9b79-3dbd917533af\" data-message-model-slug=\"gpt-5-t-mini\">\n<div class=\"flex w-full flex-col gap-1 empty:hidden first:pt-[1px]\">\n<div class=\"markdown prose dark:prose-invert w-full break-words light markdown-new-styling\">\n<p data-start=\"0\" data-end=\"286\" data-is-last-node=\"\" data-is-only-node=\"\">Novi te\u0161ki diabolosi namijenjeni isklju\u010divo za ga\u0111anje sa zaista sna\u017enim opru\u017enim (spring\u2011operated), PCP i drugim vazdu\u0161nim pu\u0161kama. Pogodni su za srednje i duge distance, preko 50 m. Te\u0161ki, precizni diabolosi sa \u0161iljastim vrhom, te\u017eine 0,675 g (10,42 gr) po diabolu \u2014 prikladni za lov.<\/p>\n<\/div>\n<\/div>\n<\/div>\n<\/div>\n<\/div>\n<\/div>\n<\/article>\n","protected":false},"excerpt":{"rendered":"<p>Dijabola Coal 4,5 FT 400 0,675g Novi te\u0161ki diabolosi namijenjeni isklju\u010divo za ga\u0111anje sa zaista sna\u017enim opru\u017enim (spring\u2011operated), PCP i drugim vazdu\u0161nim pu\u0161kama. Pogodni su za srednje i duge distance, preko 50 m. Te\u0161ki, precizni diabolosi sa \u0161iljastim vrhom, te\u017eine 0,675 g (10,42 gr) po diabolu \u2014 prikladni za lov.<\/p>\n","protected":false},"featured_media":7092,"template":"","meta":[],"product_cat":[61,15],"product_tag":[],"class_list":{"0":"post-6961","1":"product","2":"type-product","3":"status-publish","4":"has-post-thumbnail","6":"product_brand-coal","7":"product_cat-dijabole","8":"product_cat-municija","10":"first","11":"instock","12":"taxable","13":"shipping-taxable","14":"purchasable","15":"product-type-simple"},"_links":{"self":[{"href":"https:\/\/torzokom.com\/en\/wp-json\/wp\/v2\/product\/6961","targetHints":{"allow":["GET"]}}],"collection":[{"href":"https:\/\/torzokom.com\/en\/wp-json\/wp\/v2\/product"}],"about":[{"href":"https:\/\/torzokom.com\/en\/wp-json\/wp\/v2\/types\/product"}],"version-history":[{"count":0,"href":"https:\/\/torzokom.com\/en\/wp-json\/wp\/v2\/product\/6961\/revisions"}],"wp:featuredmedia":[{"embeddable":true,"href":"https:\/\/torzokom.com\/en\/wp-json\/wp\/v2\/media\/7092"}],"wp:attachment":[{"href":"https:\/\/torzokom.com\/en\/wp-json\/wp\/v2\/media?parent=6961"}],"wp:term":[{"taxonomy":"product_cat","embeddable":true,"href":"https:\/\/torzokom.com\/en\/wp-json\/wp\/v2\/product_cat?post=6961"},{"taxonomy":"product_tag","embeddable":true,"href":"https:\/\/torzokom.com\/en\/wp-json\/wp\/v2\/product_tag?post=6961"}],"curies":[{"name":"wp","href":"https:\/\/api.w.org\/{rel}","templated":true}]}}