{"id":6972,"date":"2025-10-28T19:29:23","date_gmt":"2025-10-28T18:29:23","guid":{"rendered":"https:\/\/torzokom.com\/?post_type=product&#038;p=6972"},"modified":"2025-10-28T19:29:23","modified_gmt":"2025-10-28T18:29:23","slug":"dijabola-coal-45-pmp-150-052g","status":"publish","type":"product","link":"https:\/\/torzokom.com\/en\/product\/dijabola-coal-45-pmp-150-052g\/","title":{"rendered":"Dijabola Coal 4,5 PMP 150 0,52g"},"content":{"rendered":"<h2>Dijabola Coal 4,5 PMP 150 0,52g<\/h2>\n<p>Vrlo pogodna za distance do 50 m. Zbog metalne o\u0161trice, imaju dobar prodor. Isporu\u010duju se u prakti\u010dnoj kutiji sa navojnim poklopcem.<\/p>\n","protected":false},"excerpt":{"rendered":"<p>Dijabola Coal 4,5 PMP 150 0,52g Vrlo pogodna za distance do 50 m. Zbog metalne o\u0161trice, imaju dobar prodor. Isporu\u010duju se u prakti\u010dnoj kutiji sa navojnim poklopcem.<\/p>\n","protected":false},"featured_media":7105,"template":"","meta":[],"product_cat":[61,15],"product_tag":[],"class_list":{"0":"post-6972","1":"product","2":"type-product","3":"status-publish","4":"has-post-thumbnail","6":"product_brand-coal","7":"product_cat-dijabole","8":"product_cat-municija","10":"first","11":"instock","12":"taxable","13":"shipping-taxable","14":"purchasable","15":"product-type-simple"},"_links":{"self":[{"href":"https:\/\/torzokom.com\/en\/wp-json\/wp\/v2\/product\/6972","targetHints":{"allow":["GET"]}}],"collection":[{"href":"https:\/\/torzokom.com\/en\/wp-json\/wp\/v2\/product"}],"about":[{"href":"https:\/\/torzokom.com\/en\/wp-json\/wp\/v2\/types\/product"}],"version-history":[{"count":0,"href":"https:\/\/torzokom.com\/en\/wp-json\/wp\/v2\/product\/6972\/revisions"}],"wp:featuredmedia":[{"embeddable":true,"href":"https:\/\/torzokom.com\/en\/wp-json\/wp\/v2\/media\/7105"}],"wp:attachment":[{"href":"https:\/\/torzokom.com\/en\/wp-json\/wp\/v2\/media?parent=6972"}],"wp:term":[{"taxonomy":"product_cat","embeddable":true,"href":"https:\/\/torzokom.com\/en\/wp-json\/wp\/v2\/product_cat?post=6972"},{"taxonomy":"product_tag","embeddable":true,"href":"https:\/\/torzokom.com\/en\/wp-json\/wp\/v2\/product_tag?post=6972"}],"curies":[{"name":"wp","href":"https:\/\/api.w.org\/{rel}","templated":true}]}}