{"id":6979,"date":"2025-10-28T19:22:58","date_gmt":"2025-10-28T18:22:58","guid":{"rendered":"https:\/\/torzokom.com\/?post_type=product&#038;p=6979"},"modified":"2025-10-28T19:22:58","modified_gmt":"2025-10-28T18:22:58","slug":"dijabola-coal-45-pmx-150-058g","status":"publish","type":"product","link":"https:\/\/torzokom.com\/en\/product\/dijabola-coal-45-pmx-150-058g\/","title":{"rendered":"Dijabola Coal 4,5 PMX 150 0,58g"},"content":{"rendered":"<h2>Dijabola Coal 4,5 PMX 150 0,58g<\/h2>\n<p>Bezolovni municioni diabolosi X\u2011treme PMP marke Coal pogodni su za vazdu\u0161ne pu\u0161ke kalibra 4,5 mm. Te\u0161ki diabolosi posebno su prikladni za sna\u017ena oru\u017eja i velike udaljenosti. \u010cvrsti projektili s plasti\u010dnim omota\u010dem i \u0161picom od cinka imaju ekstreman \u0161ok\u2011efekat. Dosti\u017eu velike brzine i stoga su pogodna i za velike udaljenosti do 50 metara.<\/p>\n","protected":false},"excerpt":{"rendered":"<p>Dijabola Coal 4,5 PMX 150 0,58g Bezolovni municioni diabolosi X\u2011treme PMP marke Coal pogodni su za vazdu\u0161ne pu\u0161ke kalibra 4,5 mm. Te\u0161ki diabolosi posebno su prikladni za sna\u017ena oru\u017eja i velike udaljenosti. \u010cvrsti projektili s plasti\u010dnim omota\u010dem i \u0161picom od cinka imaju ekstreman \u0161ok\u2011efekat. Dosti\u017eu velike brzine i stoga su pogodna i za velike udaljenosti [&hellip;]<\/p>\n","protected":false},"featured_media":7103,"template":"","meta":[],"product_cat":[61,15],"product_tag":[],"class_list":{"0":"post-6979","1":"product","2":"type-product","3":"status-publish","4":"has-post-thumbnail","6":"product_brand-coal","7":"product_cat-dijabole","8":"product_cat-municija","10":"first","11":"instock","12":"taxable","13":"shipping-taxable","14":"purchasable","15":"product-type-simple"},"_links":{"self":[{"href":"https:\/\/torzokom.com\/en\/wp-json\/wp\/v2\/product\/6979","targetHints":{"allow":["GET"]}}],"collection":[{"href":"https:\/\/torzokom.com\/en\/wp-json\/wp\/v2\/product"}],"about":[{"href":"https:\/\/torzokom.com\/en\/wp-json\/wp\/v2\/types\/product"}],"version-history":[{"count":0,"href":"https:\/\/torzokom.com\/en\/wp-json\/wp\/v2\/product\/6979\/revisions"}],"wp:featuredmedia":[{"embeddable":true,"href":"https:\/\/torzokom.com\/en\/wp-json\/wp\/v2\/media\/7103"}],"wp:attachment":[{"href":"https:\/\/torzokom.com\/en\/wp-json\/wp\/v2\/media?parent=6979"}],"wp:term":[{"taxonomy":"product_cat","embeddable":true,"href":"https:\/\/torzokom.com\/en\/wp-json\/wp\/v2\/product_cat?post=6979"},{"taxonomy":"product_tag","embeddable":true,"href":"https:\/\/torzokom.com\/en\/wp-json\/wp\/v2\/product_tag?post=6979"}],"curies":[{"name":"wp","href":"https:\/\/api.w.org\/{rel}","templated":true}]}}