{"id":8148,"date":"2025-11-08T13:32:47","date_gmt":"2025-11-08T12:32:47","guid":{"rendered":"https:\/\/torzokom.com\/?post_type=product&#038;p=8148"},"modified":"2025-11-11T08:51:07","modified_gmt":"2025-11-11T07:51:07","slug":"mauser-m18-standard-mt","status":"publish","type":"product","link":"https:\/\/torzokom.com\/en\/product\/mauser-m18-standard-mt\/","title":{"rendered":"Mauser M18 Standard MT"},"content":{"rendered":"<div class=\"itemIntroText\">\n<h2>Mauser M18 Standard MT<\/h2>\n<p>Posljednjih godina, Mauser je napravio nekoliko high-end pu\u0161ka koje su mo\u017eda nedosti\u017ene za ve\u0107inu lovaca. Zato je Mauser M18 tako zanimljiv \u2013 Mauser koji \u0107e biti cjenovno dosti\u017ean svima, a pogotovo mladim lovcima. Mo\u017eda to bolje do\u010darava marketin\u0161ka izreka \u201c Volksgewehr ili The People\u2019s Rifle\u201d \u2013 narodna pu\u0161ka koju su u Mauseru pri\u0161ili ovom svom najnovijem modelu.<\/p>\n<\/div>\n<div class=\"itemFullText\">\n<p>To nije samo lovna pu\u0161ka, ve\u0107 ne\u0161to \u0161to je Mauser uvijek simbolizovao: ultimativna pu\u0161ka za sve ljude u svakom trenutku, pravi alat za prave lovce s senzacionalnim omjerom cijene i performansi.<\/p>\n<p>Kada je rije\u010d o Mauseru kao proizvo\u0111a\u010du danas, kompanija je ujedinjena s kompanijom Blaser, tako da se primjerice cijevi za Mauser proizvode u istom pogonu kao i za Blaser pu\u0161ke, daje se isti Blaser kvalitet, pa \u010dak i testovi pucanja, standardna garancija je kao i kod Blasera 10 godina.<\/p>\n<p>M18 je predstavljen gdje bi drugdje nego na IWA sajmu u Nurembergu u martu ove godine.<\/p>\n<p>Ako je neko pomislio da povoljniji model donosi gubitak u kvaliteti, naravno dato ne stoji, novi M18 potupuno je \u201c Hergestellt in Deutschland ili Made in Germany\u201c napravljen u potpunosti od \u010delika s poznatom nam njema\u010dkom pouzdano\u0161\u0107u i precizno\u0161\u0107u. Kada govorimo o preciznosti M18 dana\u0161nji standardni i za pu\u0161ke ispod 1000$ posebice na Ameri\u010dkom tr\u017ei\u0161tu gdje je konkurencija u toj klasi nesmiljena, postavljaju SUB MOA preciznost, a \u0161to je do skoro bilo rezervirano za mnogo skuplje pu\u0161ke.<\/p>\n<p><em>Kad se\u00a0<\/em>MAUSER M18\u00a0<em>uzme u ruku prvo se primje\u0107uje i njena ugodna te\u017eina, M18 nije \u201ecjepanica\u201c, u standardnim kalibrima pu\u0161ka te\u017ei 2,9 kg, a u magnum kalibrima 3,0 kg, ukupno duga 106 cm ili 112cm u magnum kalibrima, ugodna je dr\u017eanje, no\u0161enje ali \u0161to je najva\u017enije i za pucanje.<\/em><\/p>\n<\/div>\n","protected":false},"excerpt":{"rendered":"<p>Mauser M18 Standard MT Posljednjih godina, Mauser je napravio nekoliko high-end pu\u0161ka koje su mo\u017eda nedosti\u017ene za ve\u0107inu lovaca. Zato je Mauser M18 tako zanimljiv \u2013 Mauser koji \u0107e biti cjenovno dosti\u017ean svima, a pogotovo mladim lovcima. Mo\u017eda to bolje do\u010darava marketin\u0161ka izreka \u201c Volksgewehr ili The People\u2019s Rifle\u201d \u2013 narodna pu\u0161ka koju su u [&hellip;]<\/p>\n","protected":false},"featured_media":8334,"template":"","meta":[],"product_cat":[46,199],"product_tag":[],"class_list":{"0":"post-8148","1":"product","2":"type-product","3":"status-publish","4":"has-post-thumbnail","6":"product_brand-mauser","7":"product_cat-oruzje","8":"product_cat-lovacki-karabini","9":"pa_boja-antracit","10":"pa_boja-maslinasta","11":"pa_boja-siva","12":"pa_kalibar-223-rem","13":"pa_kalibar-243-win","14":"pa_kalibar-270-win","15":"pa_kalibar-30-06-spr","16":"pa_kalibar-300-win-mag","17":"pa_kalibar-308-win","18":"pa_kalibar-65-prc","19":"pa_kalibar-6-5-creedmoor","20":"pa_kalibar-6-5x55","21":"pa_kalibar-7mm-rem-mag","22":"pa_kalibar-7x64","23":"pa_kalibar-85x55-blaser","24":"pa_kalibar-8x57js","25":"pa_kalibar-93x62","27":"first","28":"instock","29":"taxable","30":"shipping-taxable","31":"purchasable","32":"product-type-variable"},"_links":{"self":[{"href":"https:\/\/torzokom.com\/en\/wp-json\/wp\/v2\/product\/8148","targetHints":{"allow":["GET"]}}],"collection":[{"href":"https:\/\/torzokom.com\/en\/wp-json\/wp\/v2\/product"}],"about":[{"href":"https:\/\/torzokom.com\/en\/wp-json\/wp\/v2\/types\/product"}],"version-history":[{"count":0,"href":"https:\/\/torzokom.com\/en\/wp-json\/wp\/v2\/product\/8148\/revisions"}],"wp:featuredmedia":[{"embeddable":true,"href":"https:\/\/torzokom.com\/en\/wp-json\/wp\/v2\/media\/8334"}],"wp:attachment":[{"href":"https:\/\/torzokom.com\/en\/wp-json\/wp\/v2\/media?parent=8148"}],"wp:term":[{"taxonomy":"product_cat","embeddable":true,"href":"https:\/\/torzokom.com\/en\/wp-json\/wp\/v2\/product_cat?post=8148"},{"taxonomy":"product_tag","embeddable":true,"href":"https:\/\/torzokom.com\/en\/wp-json\/wp\/v2\/product_tag?post=8148"}],"curies":[{"name":"wp","href":"https:\/\/api.w.org\/{rel}","templated":true}]}}