{"id":8233,"date":"2025-11-10T08:44:23","date_gmt":"2025-11-10T07:44:23","guid":{"rendered":"https:\/\/torzokom.com\/?post_type=product&#038;p=8233"},"modified":"2025-11-11T08:43:49","modified_gmt":"2025-11-11T07:43:49","slug":"mauser-18-pure","status":"publish","type":"product","link":"https:\/\/torzokom.com\/en\/product\/mauser-18-pure\/","title":{"rendered":"MAUSER 18 Pure"},"content":{"rendered":"<h2>MAUSER 18 Pure<\/h2>\n<p>Dizajn ove pu\u0161ke s repetiraju\u0107im zatvara\u010dem i klasi\u010dnim sportskim kundakom podsje\u0107a na svog prethodnika, MAUSER 98, i impresionira \u010distom funkcijom! Naj\u010distiji MAUSER od MAUSER 98!<\/p>\n<p>Ultra \u010dvrsti laminirani drveni kundak priprema MAUSER 18 Pure za te\u0161ke situacije u svim vremenskim uvjetima &#8211; izdr\u017eljiv, jednostavan za odr\u017eavanje i bez savijanja. Osim toga, njegov klasi\u010dan oblik i sportski stil \u010dine ga obaveznim za prave MAUSER lovce. Uklju\u010dene su sve vrhunske karakteristike!<\/p>\n","protected":false},"excerpt":{"rendered":"<p>MAUSER 18 Pure Dizajn ove pu\u0161ke s repetiraju\u0107im zatvara\u010dem i klasi\u010dnim sportskim kundakom podsje\u0107a na svog prethodnika, MAUSER 98, i impresionira \u010distom funkcijom! Naj\u010distiji MAUSER od MAUSER 98! Ultra \u010dvrsti laminirani drveni kundak priprema MAUSER 18 Pure za te\u0161ke situacije u svim vremenskim uvjetima &#8211; izdr\u017eljiv, jednostavan za odr\u017eavanje i bez savijanja. Osim toga, njegov [&hellip;]<\/p>\n","protected":false},"featured_media":8333,"template":"","meta":[],"product_cat":[46,199],"product_tag":[],"class_list":{"0":"post-8233","1":"product","2":"type-product","3":"status-publish","4":"has-post-thumbnail","6":"product_brand-mauser","7":"product_cat-oruzje","8":"product_cat-lovacki-karabini","9":"pa_kalibar-222-rem","10":"pa_kalibar-223-rem","11":"pa_kalibar-243-win","12":"pa_kalibar-270-win","13":"pa_kalibar-30-06-spr","14":"pa_kalibar-300-win-mag","15":"pa_kalibar-308-win","16":"pa_kalibar-65-prc","17":"pa_kalibar-6-5-creedmoor","18":"pa_kalibar-6-5x55","19":"pa_kalibar-7mm-rem-mag","20":"pa_kalibar-7x64","21":"pa_kalibar-85x55-blaser","22":"pa_kalibar-8x57js","23":"pa_kalibar-93x62","25":"first","26":"instock","27":"taxable","28":"shipping-taxable","29":"purchasable","30":"product-type-variable"},"_links":{"self":[{"href":"https:\/\/torzokom.com\/en\/wp-json\/wp\/v2\/product\/8233","targetHints":{"allow":["GET"]}}],"collection":[{"href":"https:\/\/torzokom.com\/en\/wp-json\/wp\/v2\/product"}],"about":[{"href":"https:\/\/torzokom.com\/en\/wp-json\/wp\/v2\/types\/product"}],"version-history":[{"count":0,"href":"https:\/\/torzokom.com\/en\/wp-json\/wp\/v2\/product\/8233\/revisions"}],"wp:featuredmedia":[{"embeddable":true,"href":"https:\/\/torzokom.com\/en\/wp-json\/wp\/v2\/media\/8333"}],"wp:attachment":[{"href":"https:\/\/torzokom.com\/en\/wp-json\/wp\/v2\/media?parent=8233"}],"wp:term":[{"taxonomy":"product_cat","embeddable":true,"href":"https:\/\/torzokom.com\/en\/wp-json\/wp\/v2\/product_cat?post=8233"},{"taxonomy":"product_tag","embeddable":true,"href":"https:\/\/torzokom.com\/en\/wp-json\/wp\/v2\/product_tag?post=8233"}],"curies":[{"name":"wp","href":"https:\/\/api.w.org\/{rel}","templated":true}]}}