{"id":8257,"date":"2025-11-07T13:36:58","date_gmt":"2025-11-07T12:36:58","guid":{"rendered":"https:\/\/torzokom.com\/?post_type=product&#038;p=8257"},"modified":"2025-11-11T08:54:04","modified_gmt":"2025-11-11T07:54:04","slug":"mauser-futrola-za-oruzje-80414807","status":"publish","type":"product","link":"https:\/\/torzokom.com\/en\/product\/mauser-futrola-za-oruzje-80414807\/","title":{"rendered":"Mauser Futrola za Oru\u017eje 80414807"},"content":{"rendered":"<h2>Mauser Futrola za Oru\u017eje 80414807<\/h2>\n<p>MAUSER Original Slip Bag s tipi\u010dnim MAUSER izgledom izra\u0111en je od poliestera koji se lako odr\u017eava i impresionira sa svoje tri glavne karakteristike: Robusna je, izdr\u017eljiva i prostrana. Glavni odjeljak torbe ima dovoljno prostora za va\u0161e lova\u010dko oru\u017eje i pouzdano ga \u0161titi tokom transporta. Dva d\u017eepa koja se mogu pro\u0161iriti na prednjoj strani dodatno nude prostor za organizaciju va\u0161eg pribora. Unutra\u0161nji otvoreni d\u017eep omogu\u0107ava sigurno postavljanje kundaka oru\u017eja. MAUSER Original Slip Bag ima podstavljenu ru\u010dku za no\u0161enje za jednostavan ru\u010dni transport. Centralno postavljen remen za rame s mekim jastu\u010di\u0107em za rame predvi\u0111en je za du\u017ee \u0161etnje.<\/p>\n<p>Zaklju\u010davaju\u0107i patentni zatvara\u010di na glavnom i prednjem d\u017eepu \u010duvaju va\u0161u opremu sigurnom. MOLLE petlje nalaze se na prednjim d\u017eepovima za pri\u010dvr\u0161\u0107ivanje dodatne opreme. Prostor sa \u010di\u010dak trakom nudi prostor za postavljanje zakrpa. Torba tako\u0111er ima prakti\u010dnu petlju za vje\u0161anje.<br \/>\nMAUSER Original Slip Bag &#8211; jer volite svoje lova\u010dko oru\u017eje!<\/p>\n","protected":false},"excerpt":{"rendered":"<p>Mauser Futrola za Oru\u017eje 80414807 MAUSER Original Slip Bag s tipi\u010dnim MAUSER izgledom izra\u0111en je od poliestera koji se lako odr\u017eava i impresionira sa svoje tri glavne karakteristike: Robusna je, izdr\u017eljiva i prostrana. Glavni odjeljak torbe ima dovoljno prostora za va\u0161e lova\u010dko oru\u017eje i pouzdano ga \u0161titi tokom transporta. Dva d\u017eepa koja se mogu pro\u0161iriti [&hellip;]<\/p>\n","protected":false},"featured_media":8313,"template":"","meta":[],"product_cat":[83,212],"product_tag":[],"class_list":{"0":"post-8257","1":"product","2":"type-product","3":"status-publish","4":"has-post-thumbnail","6":"product_brand-mauser","7":"product_cat-dodatna-oprema","8":"product_cat-futrole-i-koferi","10":"first","11":"instock","12":"taxable","13":"shipping-taxable","14":"purchasable","15":"product-type-simple"},"_links":{"self":[{"href":"https:\/\/torzokom.com\/en\/wp-json\/wp\/v2\/product\/8257","targetHints":{"allow":["GET"]}}],"collection":[{"href":"https:\/\/torzokom.com\/en\/wp-json\/wp\/v2\/product"}],"about":[{"href":"https:\/\/torzokom.com\/en\/wp-json\/wp\/v2\/types\/product"}],"version-history":[{"count":0,"href":"https:\/\/torzokom.com\/en\/wp-json\/wp\/v2\/product\/8257\/revisions"}],"wp:featuredmedia":[{"embeddable":true,"href":"https:\/\/torzokom.com\/en\/wp-json\/wp\/v2\/media\/8313"}],"wp:attachment":[{"href":"https:\/\/torzokom.com\/en\/wp-json\/wp\/v2\/media?parent=8257"}],"wp:term":[{"taxonomy":"product_cat","embeddable":true,"href":"https:\/\/torzokom.com\/en\/wp-json\/wp\/v2\/product_cat?post=8257"},{"taxonomy":"product_tag","embeddable":true,"href":"https:\/\/torzokom.com\/en\/wp-json\/wp\/v2\/product_tag?post=8257"}],"curies":[{"name":"wp","href":"https:\/\/api.w.org\/{rel}","templated":true}]}}