{"id":8422,"date":"2025-11-11T16:54:16","date_gmt":"2025-11-11T15:54:16","guid":{"rendered":"https:\/\/torzokom.com\/?post_type=product&#038;p=8422"},"modified":"2026-03-10T09:59:13","modified_gmt":"2026-03-10T08:59:13","slug":"browning-a-bolt3-hunter-battue-mt-precizan","status":"publish","type":"product","link":"https:\/\/torzokom.com\/en\/product\/browning-a-bolt3-hunter-battue-mt-precizan\/","title":{"rendered":"Browning A-BOLT 3+ HUNTER BATTUE MT"},"content":{"rendered":"<div role=\"heading\" aria-level=\"3\" data-animation-nesting=\"\" data-sfc-cp=\"\" data-sfc-cb=\"\" data-complete=\"true\" data-processed=\"true\" data-sae=\"\">\n<div class=\"Y3BBE\" data-sfc-cp=\"\" data-sfc-cb=\"\" data-hveid=\"CAEIBBAA\" data-complete=\"true\" data-processed=\"true\"><strong class=\"Yjhzub\" data-sfc-cb=\"\" data-complete=\"true\" data-processed=\"true\">Browning A-Bolt 3\u00a0 Hunter Battue<\/strong>\u00a0je specijalizovana lova\u010dka pu\u0161ka dizajnirana za maksimalne performanse u pogonskom lovu. Kao nasljednik legendarne serije, ovaj model donosi unapre\u0111enja koja\u00a0<strong class=\"Yjhzub\" data-sfc-cb=\"\" data-complete=\"true\" data-processed=\"true\">Browning A-Bolt 3+ Hunter Battue<\/strong> \u010dine najbr\u017eim izborom za ciljanje divlja\u010di u pokretu.<\/div>\n<div class=\"Fsg96\" data-sfc-cp=\"\" data-sfc-cb=\"\" data-complete=\"true\" data-processed=\"true\"><\/div>\n<p><strong class=\"Yjhzub\" data-sfc-cb=\"\" data-complete=\"true\">Browning A-Bolt 3+ Hunter Battue<\/strong>\u00a0postavlja nove standarde za lova\u010dke pu\u0161ke namijenjene pogonskom lovu. Zahvaljuju\u0107i specifi\u010dnom dizajnu,\u00a0<strong class=\"Yjhzub\" data-sfc-cb=\"\" data-complete=\"true\">Browning A-Bolt 3 Hunter Battue<\/strong>\u00a0omogu\u0107ava lovcu ekstremnu brzinu i preciznost pri svakom hicu.&#8221;<\/p>\n<\/div>\n<div role=\"heading\" aria-level=\"3\" data-animation-nesting=\"\" data-sfc-cp=\"\" data-sfc-cb=\"\" data-complete=\"true\" data-processed=\"true\" data-sae=\"\"><\/div>\n<div role=\"heading\" aria-level=\"3\" data-animation-nesting=\"\" data-sfc-cp=\"\" data-sfc-cb=\"\" data-complete=\"true\" data-processed=\"true\" data-sae=\"\"><strong style=\"font-family: Georgia, 'Times New Roman', 'Bitstream Charter', Times, serif;\">Browning A-Bolt 3+ Hunter Battue \u2013 Snaga i Brzina za Pogonski Lov<\/strong><\/div>\n<div role=\"heading\" aria-level=\"3\" data-animation-nesting=\"\" data-sfc-cp=\"\" data-sfc-cb=\"\" data-complete=\"true\" data-processed=\"true\" data-sae=\"\"><\/div>\n<div class=\"Y3BBE\" data-sfc-cp=\"\" data-sfc-cb=\"\" data-hveid=\"CAEIAxAA\" data-complete=\"true\" data-processed=\"true\" aria-owns=\"action-menu-parent-container\"><strong class=\"Yjhzub\" data-sfc-cb=\"\" data-complete=\"true\" data-processed=\"true\">Browning A-Bolt 3+ Hunter Battue<\/strong>\u00a0predstavlja vrhunac evolucije legendarne AB3 serije, specijalno modifikovan za potrebe lova prigonom. Ova pu\u0161ka je dizajnirana za lovce koji zahtijevaju\u00a0<strong class=\"Yjhzub\" data-sfc-cb=\"\" data-complete=\"true\" data-processed=\"true\">munjevitu reakciju<\/strong>, instinktivno ni\u0161anjenje i nepokolebljivu pouzdanost u gustim \u0161umskim terenima.<\/div>\n<div data-sfc-cp=\"\" data-sfc-cb=\"\" data-hveid=\"CAEIAxAA\" data-complete=\"true\" data-processed=\"true\" aria-owns=\"action-menu-parent-container\"><\/div>\n<div data-sfc-cp=\"\" data-sfc-cb=\"\" data-hveid=\"CAEIAxAA\" data-complete=\"true\" data-processed=\"true\" aria-owns=\"action-menu-parent-container\">\n<ul class=\"KsbFXc U6u95\" data-sfc-cb=\"\" data-complete=\"true\" data-processed=\"true\">\n<li class=\"dF3vjf\" data-sfc-cb=\"\" data-hveid=\"CAEIBBAA\" data-complete=\"true\" data-sae=\"\"><span class=\"T286Pc\" data-sfc-cp=\"\" data-sfc-cb=\"\" data-complete=\"true\"><strong class=\"Yjhzub\" data-sfc-cb=\"\" data-complete=\"true\">Battue sistem ni\u0161anjenja:<\/strong>\u00a0Opremljena je podignutom &#8220;Battue&#8221; \u0161inom i visokovidljivim fiber-opti\u010dkim ni\u0161anima. Ovaj sistem omogu\u0107ava strijelcu da dr\u017ei oba oka otvorena, pru\u017eaju\u0107i maksimalno vidno polje i trenutno poravnanje sa metom u pokretu.<\/span><\/li>\n<li class=\"dF3vjf\" data-sfc-cb=\"\" data-hveid=\"CAEIBBAB\" data-complete=\"true\" data-sae=\"\"><span class=\"T286Pc\" data-sfc-cp=\"\" data-sfc-cb=\"\" data-complete=\"true\"><strong class=\"Yjhzub\" data-sfc-cb=\"\" data-complete=\"true\">Modularnost serije 3+:<\/strong>\u00a0Nova generacija &#8220;3+&#8221; donosi vi\u0161i nivo prilago\u0111avanja. Pu\u0161ka posjeduje\u00a0<strong class=\"Yjhzub\" data-sfc-cb=\"\" data-complete=\"true\">izmjenjivu obrazinu<\/strong>\u00a0i odvojivu kuglu zatvara\u010da, \u0161to omogu\u0107ava svakom lovcu da ergonomiju prilagodi svom licu i na\u010dinu repetiranja.<\/span><\/li>\n<li class=\"dF3vjf\" data-sfc-cb=\"\" data-hveid=\"CAEIBBAC\" data-complete=\"true\" data-sae=\"\"><span class=\"T286Pc\" data-sfc-cp=\"\" data-sfc-cb=\"\" data-complete=\"true\"><strong class=\"Yjhzub\" data-sfc-cb=\"\" data-complete=\"true\">Kompaktnost i Manevrisanje:<\/strong>\u00a0Sa skra\u0107enom cijevi od\u00a0<strong class=\"Yjhzub\" data-sfc-cb=\"\" data-complete=\"true\">51 cm<\/strong>, Hunter Battue je izuzetno okretna pu\u0161ka. Idealna je za kretanje kroz gusto \u0161iblje i brzo prebacivanje vatre, bez kompromisa u preciznosti.<\/span><\/li>\n<li class=\"dF3vjf\" data-sfc-cb=\"\" data-hveid=\"CAEIBBAD\" data-complete=\"true\" data-sae=\"\"><span class=\"T286Pc\" data-sfc-cp=\"\" data-sfc-cb=\"\" data-complete=\"true\"><strong class=\"Yjhzub\" data-sfc-cb=\"\" data-complete=\"true\">Super Feather Trigger:<\/strong>\u00a0Browningov sistem okidanja nudi izuzetno \u010dist, kratak i direktan hod, \u0161to drasti\u010dno smanjuje rizik od pomjeranja pu\u0161ke prilikom kriti\u010dnog pogotka.<\/span><\/li>\n<li class=\"dF3vjf\" data-sfc-cb=\"\" data-hveid=\"CAEIBBAE\" data-complete=\"true\" data-sae=\"\"><span class=\"T286Pc\" data-sfc-cp=\"\" data-sfc-cb=\"\" data-complete=\"true\" aria-owns=\"action-menu-parent-container\"><strong class=\"Yjhzub\" data-sfc-cb=\"\" data-complete=\"true\">Maksimalna Bezbjednost:<\/strong>\u00a0Poseban taster za deblokadu zatvara\u010da omogu\u0107ava vam da izbacite metak iz le\u017ei\u0161ta dok je pu\u0161ka i dalje zako\u010dena, pru\u017eaju\u0107i dodatni nivo sigurnosti na terenu.<\/span><\/li>\n<\/ul>\n<\/div>\n<div data-sfc-cp=\"\" data-sfc-cb=\"\" data-hveid=\"CAEIAxAA\" data-complete=\"true\" data-processed=\"true\" aria-owns=\"action-menu-parent-container\"><\/div>\n","protected":false},"excerpt":{"rendered":"<p><strong class=\"Yjhzub\" data-sfc-cb=\"\" data-complete=\"true\" data-processed=\"true\">Browning A-Bolt 3+ Hunter Battue\u00a0postavlja nove standarde za lova\u010dke pu\u0161ke namijenjene pogonskom lovu. Zahvaljuju\u0107i specifi\u010dnom dizajnu,\u00a0Browning A-Bolt 3+ Hunter Battue\u00a0omogu\u0107ava lovcu ekstremnu brzinu i preciznost pri svakom hicu.&#8221;<\/strong><\/p>\n<p><strong class=\"Yjhzub\" data-sfc-cb=\"\" data-complete=\"true\" data-processed=\"true\">Browning A-Bolt 3+ Hunter Battue<\/strong>\u00a0je vrhunska repetirka specijalizovana za pogonski lov, koja spaja tradiciju orahovog drveta sa modernom modularno\u0161\u0107u. Opremljena skra\u0107enom cijevi od\u00a0<strong class=\"Yjhzub\" data-sfc-cb=\"\" data-complete=\"true\" data-processed=\"true\">51 cm<\/strong>\u00a0i prepoznatljivom\u00a0<strong class=\"Yjhzub\" data-sfc-cb=\"\" data-complete=\"true\" data-processed=\"true\">Battue \u0161inom<\/strong>\u00a0za munjevito ni\u0161anjenje, ova pu\u0161ka omogu\u0107ava maksimalnu okretnost i brzinu u najgu\u0161\u0107im terenima. Nova\u00a0<strong class=\"Yjhzub\" data-sfc-cb=\"\" data-complete=\"true\" data-processed=\"true\">3+ generacija<\/strong>\u00a0donosi personalizaciju putem izmjenjive obrazine i kugle zatvara\u010da, \u010dine\u0107i je savr\u0161enim izborom za lovce koji tra\u017ee vrhunske performanse u pokretu.<\/p>\n","protected":false},"featured_media":8490,"template":"","meta":[],"product_cat":[46,199],"product_tag":[],"class_list":{"0":"post-8422","1":"product","2":"type-product","3":"status-publish","4":"has-post-thumbnail","6":"product_brand-browning","7":"product_cat-oruzje","8":"product_cat-lovacki-karabini","9":"pa_kalibar-30-06-spr","10":"pa_kalibar-300-win-mag","11":"pa_kalibar-308-win","12":"pa_kalibar-93x62","14":"first","15":"instock","16":"taxable","17":"shipping-taxable","18":"purchasable","19":"product-type-variable"},"_links":{"self":[{"href":"https:\/\/torzokom.com\/en\/wp-json\/wp\/v2\/product\/8422","targetHints":{"allow":["GET"]}}],"collection":[{"href":"https:\/\/torzokom.com\/en\/wp-json\/wp\/v2\/product"}],"about":[{"href":"https:\/\/torzokom.com\/en\/wp-json\/wp\/v2\/types\/product"}],"version-history":[{"count":0,"href":"https:\/\/torzokom.com\/en\/wp-json\/wp\/v2\/product\/8422\/revisions"}],"wp:featuredmedia":[{"embeddable":true,"href":"https:\/\/torzokom.com\/en\/wp-json\/wp\/v2\/media\/8490"}],"wp:attachment":[{"href":"https:\/\/torzokom.com\/en\/wp-json\/wp\/v2\/media?parent=8422"}],"wp:term":[{"taxonomy":"product_cat","embeddable":true,"href":"https:\/\/torzokom.com\/en\/wp-json\/wp\/v2\/product_cat?post=8422"},{"taxonomy":"product_tag","embeddable":true,"href":"https:\/\/torzokom.com\/en\/wp-json\/wp\/v2\/product_tag?post=8422"}],"curies":[{"name":"wp","href":"https:\/\/api.w.org\/{rel}","templated":true}]}}