{"id":8448,"date":"2025-11-11T17:21:08","date_gmt":"2025-11-11T16:21:08","guid":{"rendered":"https:\/\/torzokom.com\/?post_type=product&#038;p=8448"},"modified":"2026-03-09T16:04:00","modified_gmt":"2026-03-09T15:04:00","slug":"browning-x-bolt-sf-compo-black-m14x1-bez-nis","status":"publish","type":"product","link":"https:\/\/torzokom.com\/en\/product\/browning-x-bolt-sf-compo-black-m14x1-bez-nis\/","title":{"rendered":"Browning X-BOLT SF COMPOSITE BLACK Threaded"},"content":{"rendered":"<p><strong class=\"Yjhzub\" data-sfc-cb=\"\" data-complete=\"true\" data-processed=\"true\">Browning X-BOLT SF COMPOSITE BLACK Threaded, SM, NS<\/strong>\u00a0je vrhunska repetirna lova\u010dka pu\u0161ka dizajnirana za maksimalnu preciznost i izdr\u017eljivost u najte\u017eim terenskim uvjetima. Zahvaljuju\u0107i\u00a0<strong class=\"Yjhzub\" data-sfc-cb=\"\" data-complete=\"true\" data-processed=\"true\">Super Feather (SF)<\/strong>\u00a0okida\u010du i laganom kompozitnom kundaku, ovaj model pru\u017ea besprijekoran osje\u0107aj sigurnosti i brzine pri svakom hitcu.<\/p>\n<ul class=\"KsbFXc U6u95\" data-sfc-cb=\"\" data-complete=\"true\" data-processed=\"true\">\n<li class=\"dF3vjf\" data-sfc-cb=\"\" data-hveid=\"CAEIBBAA\" data-complete=\"true\" data-sae=\"\"><span class=\"T286Pc\" data-sfc-cp=\"\" data-sfc-cb=\"\" data-complete=\"true\"><strong class=\"Yjhzub\" data-sfc-cb=\"\" data-complete=\"true\">Sistem:<\/strong>\u00a0Legendarni X-Bolt sa Super Feather (SF) preciznim okida\u010dem.<\/span><\/li>\n<li class=\"dF3vjf\" data-sfc-cb=\"\" data-hveid=\"CAEIBBAB\" data-complete=\"true\" data-sae=\"\"><span class=\"T286Pc\" data-sfc-cp=\"\" data-sfc-cb=\"\" data-complete=\"true\"><strong class=\"Yjhzub\" data-sfc-cb=\"\" data-complete=\"true\">Cijev:<\/strong>\u00a0Tvorni\u010dki narezana (<strong class=\"Yjhzub\" data-sfc-cb=\"\" data-complete=\"true\">Threaded<\/strong>) za monta\u017eu kompenzatora ili prigu\u0161iva\u010da.<\/span><\/li>\n<li class=\"dF3vjf\" data-sfc-cb=\"\" data-hveid=\"CAEIBBAC\" data-complete=\"true\" data-sae=\"\"><span class=\"T286Pc\" data-sfc-cp=\"\" data-sfc-cb=\"\" data-complete=\"true\"><strong class=\"Yjhzub\" data-sfc-cb=\"\" data-complete=\"true\">Kundak:<\/strong>\u00a0Ergonomska kompozitna konstrukcija otporna na sve vremenske utjecaje.<\/span><\/li>\n<li class=\"dF3vjf\" data-sfc-cb=\"\" data-hveid=\"CAEIBBAD\" data-complete=\"true\" data-sae=\"\"><span class=\"T286Pc\" data-sfc-cp=\"\" data-sfc-cb=\"\" data-complete=\"true\"><strong class=\"Yjhzub\" data-sfc-cb=\"\" data-complete=\"true\">Sigurnost:<\/strong>\u00a0Inovativni gumb za otvaranje zatvara\u010da dok je pu\u0161ka zako\u010dena.<\/span><\/li>\n<li class=\"dF3vjf\" data-sfc-cb=\"\" data-hveid=\"CAEIBBAE\" data-complete=\"true\" data-sae=\"\"><span class=\"T286Pc\" data-sfc-cp=\"\" data-sfc-cb=\"\" data-complete=\"true\"><strong class=\"Yjhzub\" data-sfc-cb=\"\" data-complete=\"true\">Dodaci:<\/strong>\u00a0Inflex II amortizer trzaja za maksimalnu udobnost strijelca.<\/span><button class=\"rBl3me\" tabindex=\"0\" data-amic=\"true\" data-icl-uuid=\"b3683856-7aef-4513-9352-6c353819eb9b\" aria-label=\"View related links\" data-wiz-attrbind=\"disabled=MFwtfc_6s\/C5gNJc;aria-label=MFwtfc_6s\/bOjMyf;class=MFwtfc_6s\/UpSNec\" data-ved=\"2ahUKEwjYltrEhpOTAxUA2wIHHUmXBRcQye0OegYIAQgEEAU\" data-hveid=\"CAEIBBAF\"><\/button><\/li>\n<\/ul>\n<div class=\"Y3BBE\" data-sfc-cp=\"\" data-sfc-cb=\"\" data-hveid=\"CAEIBRAA\" data-complete=\"true\" data-processed=\"true\"><strong class=\"Yjhzub\" data-sfc-cb=\"\" data-complete=\"true\" data-processed=\"true\" aria-owns=\"action-menu-parent-container\">Vrhunski izbor za lovce koji tra\u017ee laganu, pouzdanu i izuzetno preciznu pu\u0161ku.<\/strong><\/div>\n","protected":false},"excerpt":{"rendered":"<div class=\"Y3BBE\" data-sfc-cp=\"\" data-sfc-cb=\"\" data-hveid=\"CAEIAxAA\" data-complete=\"true\" data-processed=\"true\"><strong class=\"Yjhzub\" data-sfc-cb=\"\" data-complete=\"true\" data-processed=\"true\">Browning X-BOLT SF COMPOSITE BLACK Threaded, SM, NS<\/strong>\u00a0je vrhunska lova\u010dka pu\u0161ka s obrtno-\u010depnim zatvara\u010dem, dizajnirana za maksimalnu preciznost i izdr\u017eljivost u svim terenskim uvjetima. Zahvaljuju\u0107i naprednom\u00a0<strong class=\"Yjhzub\" data-sfc-cb=\"\" data-complete=\"true\" data-processed=\"true\">Super Feather (SF)<\/strong>\u00a0sistemu okidanja i ergonomskom kompozitnom kundaku, ovaj model pru\u017ea besprijekornu kontrolu i pouzdanost pri svakom hitcu.<\/div>\n<ul class=\"KsbFXc U6u95\" data-sfc-cb=\"\" data-complete=\"true\" data-processed=\"true\">\n<li class=\"dF3vjf\" data-sfc-cb=\"\" data-hveid=\"CAEIBBAA\" data-complete=\"true\" data-sae=\"\"><span class=\"T286Pc\" data-sfc-cp=\"\" data-sfc-cb=\"\" data-complete=\"true\"><strong class=\"Yjhzub\" data-sfc-cb=\"\" data-complete=\"true\">Sistem:<\/strong>\u00a0X-Bolt s kratkim hodom zatvara\u010da od 60\u00b0 za brzo repetiranje.<\/span><\/li>\n<li class=\"dF3vjf\" data-sfc-cb=\"\" data-hveid=\"CAEIBBAB\" data-complete=\"true\" data-sae=\"\"><span class=\"T286Pc\" data-sfc-cp=\"\" data-sfc-cb=\"\" data-complete=\"true\"><strong class=\"Yjhzub\" data-sfc-cb=\"\" data-complete=\"true\">Okidanje:<\/strong>\u00a0Super Feather (SF) \u2013 direktan i precizan odziv bez praznog hoda.<\/span><\/li>\n<li class=\"dF3vjf\" data-sfc-cb=\"\" data-hveid=\"CAEIBBAC\" data-complete=\"true\" data-sae=\"\"><span class=\"T286Pc\" data-sfc-cp=\"\" data-sfc-cb=\"\" data-complete=\"true\"><strong class=\"Yjhzub\" data-sfc-cb=\"\" data-complete=\"true\">Cijev:<\/strong>\u00a0Fabri\u010dki narezan navoj (<strong class=\"Yjhzub\" data-sfc-cb=\"\" data-complete=\"true\">Threaded<\/strong>) M14x1 za monta\u017eu prigu\u0161iva\u010da ili kompenzatora.<\/span><\/li>\n<li class=\"dF3vjf\" data-sfc-cb=\"\" data-hveid=\"CAEIBBAD\" data-complete=\"true\" data-sae=\"\"><span class=\"T286Pc\" data-sfc-cp=\"\" data-sfc-cb=\"\" data-complete=\"true\"><strong class=\"Yjhzub\" data-sfc-cb=\"\" data-complete=\"true\">Izvedba:<\/strong>\u00a0NS (No Sights) \u2013 glatka cijev bez mehani\u010dkih ni\u0161ana, optimizirana za optiku.<\/span><\/li>\n<li class=\"dF3vjf\" data-sfc-cb=\"\" data-hveid=\"CAEIBBAE\" data-complete=\"true\" data-sae=\"\"><span class=\"T286Pc\" data-sfc-cp=\"\" data-sfc-cb=\"\" data-complete=\"true\"><strong class=\"Yjhzub\" data-sfc-cb=\"\" data-complete=\"true\">Kundak:<\/strong>\u00a0Izdr\u017eljivi crni kompozit s\u00a0<strong class=\"Yjhzub\" data-sfc-cb=\"\" data-complete=\"true\">Inflex II<\/strong>\u00a0tehnologijom ubla\u017eavanja trzaja.<\/span><\/li>\n<\/ul>\n<div class=\"Y3BBE\" data-sfc-cp=\"\" data-sfc-cb=\"\" data-hveid=\"CAEIBRAA\" data-complete=\"true\" data-processed=\"true\"><strong class=\"Yjhzub\" data-sfc-cb=\"\" data-complete=\"true\" data-processed=\"true\" aria-owns=\"action-menu-parent-container\">Savr\u0161en spoj moderne tehnologije i legendarne Browning pouzdanosti za zahtjevne lovce.<\/strong><\/div>\n","protected":false},"featured_media":8485,"template":"","meta":[],"product_cat":[46,199],"product_tag":[],"class_list":{"0":"post-8448","1":"product","2":"type-product","3":"status-publish","4":"has-post-thumbnail","6":"product_brand-browning","7":"product_cat-oruzje","8":"product_cat-lovacki-karabini","9":"pa_kalibar-243-win","10":"pa_kalibar-270-win","11":"pa_kalibar-30-06-spr","12":"pa_kalibar-300-win-mag","13":"pa_kalibar-308-win","15":"first","16":"instock","17":"taxable","18":"shipping-taxable","19":"purchasable","20":"product-type-variable"},"_links":{"self":[{"href":"https:\/\/torzokom.com\/en\/wp-json\/wp\/v2\/product\/8448","targetHints":{"allow":["GET"]}}],"collection":[{"href":"https:\/\/torzokom.com\/en\/wp-json\/wp\/v2\/product"}],"about":[{"href":"https:\/\/torzokom.com\/en\/wp-json\/wp\/v2\/types\/product"}],"version-history":[{"count":0,"href":"https:\/\/torzokom.com\/en\/wp-json\/wp\/v2\/product\/8448\/revisions"}],"wp:featuredmedia":[{"embeddable":true,"href":"https:\/\/torzokom.com\/en\/wp-json\/wp\/v2\/media\/8485"}],"wp:attachment":[{"href":"https:\/\/torzokom.com\/en\/wp-json\/wp\/v2\/media?parent=8448"}],"wp:term":[{"taxonomy":"product_cat","embeddable":true,"href":"https:\/\/torzokom.com\/en\/wp-json\/wp\/v2\/product_cat?post=8448"},{"taxonomy":"product_tag","embeddable":true,"href":"https:\/\/torzokom.com\/en\/wp-json\/wp\/v2\/product_tag?post=8448"}],"curies":[{"name":"wp","href":"https:\/\/api.w.org\/{rel}","templated":true}]}}