{"id":8539,"date":"2025-11-12T12:23:07","date_gmt":"2025-11-12T11:23:07","guid":{"rendered":"https:\/\/torzokom.com\/?post_type=product&#038;p=8539"},"modified":"2025-12-11T11:16:48","modified_gmt":"2025-12-11T10:16:48","slug":"browning-bar-4x-composite","status":"publish","type":"product","link":"https:\/\/torzokom.com\/en\/product\/browning-bar-4x-composite\/","title":{"rendered":"Browning Bar 4X Composite"},"content":{"rendered":"<h2><strong>Browning Bar 4X Composite<\/strong><\/h2>\n<p>Nova generacija BAR-a, razvili smo \u010detiri podru\u010dja koja na\u0161im kupcima pru\u017eaju novo iskustvo pucanja.<\/p>\n<p><strong>KONFIGURACIJA :\u00a0<\/strong> <a href=\"https:\/\/configurator.browning.eu\/bar\/hunter\/\" target=\"_blank\" rel=\"noopener\">https:\/\/configurator.browning.eu\/bar\/hunter\/<\/a><\/p>\n<p>Od sada mo\u017eete konfigurisati vlastitu pu\u0161ku BAR 4X odabirom gravure, ali i vrste kundaka i kvalitete drveta. Birajte izme\u0111u 4 gravure, 2 na crnom i 2 na poniklovanom okviru, te 5 referenci drvenog kundaka, pi\u0161toljskog kundaka u 2. i 3. razredu ili bavarskog kundaka u 2., 3. i 4. razredu. Proizvodi \u0107e uskoro biti pro\u0161ireni kako bi svaki lovac dobio pu\u0161ku koja zadovoljava njegov ili njen ukus.<\/p>\n<p><strong>POBOLJ\u0160ANA PRECIZNOST<br \/>\n<\/strong>BAR 4x su jo\u0161 precizniji od svojih prethodnika, a ve\u0107 su bili poznati po svojoj izvrsnosti. Ovaj podvig je omogu\u0107en navojnim sklopom cijevi. Ali to nije sve! Veza izme\u0111u prijemnika i cijevi je tako\u0111er \u010dvr\u0161\u0107a. Povr\u0161ine le\u017eaja i debljina drveta su pove\u0107ane kako bi se postigla ve\u0107a preciznost.<\/p>\n<p><strong>VRHUNSKI SISTEM RU\u010cNOG NAPINJANJA<br \/>\n<\/strong>Sistem ru\u010dnog napinjanja hoda ko\u010dnice\u00a0 je 25% manja za ve\u0107u udobnost pucanja. Ru\u010dka je tako\u0111e ve\u0107a radi lak\u0161eg rukovanja. Browningov sistem ru\u010dnog napinjanja sada dolazi standardno na svim BAR 4X modelima.<\/p>\n<p><strong>PRILAGO\u0110AVANJE ORU\u017dJA<br \/>\n<\/strong>Serija 4X razvijena je za modularnu udobnost i jednostavno prilago\u0111avanje. Proizvo\u0111a\u010di znaju da svaki modularni sistem zahtijeva zajedni\u010dku bazu. Zbog toga su sve cijevi na novom BAR 4X modelu u\u017eljebljene i navojne. Tako\u0111e smo pogledali ni\u0161ane i uklju\u010dili modularni sistem ni\u0161ana montiran na cijev koji se mo\u017ee rekonfigurirati za nekoliko sekundi. Cijev je\u00a0 prethodno izbu\u0161ena za rebro za ni\u0161an ili Kite Optics K1 Reflex crvenu ta\u010dku.<\/p>\n","protected":false},"excerpt":{"rendered":"<p>Browning Bar 4X Composite Nova generacija BAR-a, razvili smo \u010detiri podru\u010dja koja na\u0161im kupcima pru\u017eaju novo iskustvo pucanja. KONFIGURACIJA :\u00a0 https:\/\/configurator.browning.eu\/bar\/hunter\/ Od sada mo\u017eete konfigurisati vlastitu pu\u0161ku BAR 4X odabirom gravure, ali i vrste kundaka i kvalitete drveta. Birajte izme\u0111u 4 gravure, 2 na crnom i 2 na poniklovanom okviru, te 5 referenci drvenog kundaka, [&hellip;]<\/p>\n","protected":false},"featured_media":9263,"template":"","meta":[],"product_cat":[46,199],"product_tag":[],"class_list":{"0":"post-8539","1":"product","2":"type-product","3":"status-publish","4":"has-post-thumbnail","6":"product_brand-browning","7":"product_cat-oruzje","8":"product_cat-lovacki-karabini","9":"pa_boja-crno-crno","10":"pa_boja-crno-oranz","11":"pa_boja-crno-smedja","12":"pa_kalibar-30-06-spr","13":"pa_kalibar-300-win-mag","14":"pa_kalibar-308-win","15":"pa_kalibar-93x62","17":"first","18":"instock","19":"taxable","20":"shipping-taxable","21":"purchasable","22":"product-type-variable"},"_links":{"self":[{"href":"https:\/\/torzokom.com\/en\/wp-json\/wp\/v2\/product\/8539","targetHints":{"allow":["GET"]}}],"collection":[{"href":"https:\/\/torzokom.com\/en\/wp-json\/wp\/v2\/product"}],"about":[{"href":"https:\/\/torzokom.com\/en\/wp-json\/wp\/v2\/types\/product"}],"version-history":[{"count":0,"href":"https:\/\/torzokom.com\/en\/wp-json\/wp\/v2\/product\/8539\/revisions"}],"wp:featuredmedia":[{"embeddable":true,"href":"https:\/\/torzokom.com\/en\/wp-json\/wp\/v2\/media\/9263"}],"wp:attachment":[{"href":"https:\/\/torzokom.com\/en\/wp-json\/wp\/v2\/media?parent=8539"}],"wp:term":[{"taxonomy":"product_cat","embeddable":true,"href":"https:\/\/torzokom.com\/en\/wp-json\/wp\/v2\/product_cat?post=8539"},{"taxonomy":"product_tag","embeddable":true,"href":"https:\/\/torzokom.com\/en\/wp-json\/wp\/v2\/product_tag?post=8539"}],"curies":[{"name":"wp","href":"https:\/\/api.w.org\/{rel}","templated":true}]}}