{"id":8589,"date":"2025-11-17T08:27:46","date_gmt":"2025-11-17T07:27:46","guid":{"rendered":"https:\/\/torzokom.com\/?post_type=product&#038;p=8589"},"modified":"2025-12-11T09:55:40","modified_gmt":"2025-12-11T08:55:40","slug":"browning-b525-sporter","status":"publish","type":"product","link":"https:\/\/torzokom.com\/en\/product\/browning-b525-sporter\/","title":{"rendered":"Browning B525 Sporter"},"content":{"rendered":"<h2>Browning B525 Sporter<\/h2>\n<p>B525 Sporter 1 12M \u0107e vam pomo\u0107i da se pribli\u017eite vrhu. Razdvojene cijevi\u00a0 \u0107e vam pomo\u0107i da prirodno pogodite metu kao \u0161to je to slu\u010daj s kundakom, zahvaljuju\u0107i Inflex II jastu\u010di\u0107u od 12 mm. 4 Invector+ \u010doka \u0107e vam pomo\u0107i da izvu\u010dete maksimum iz svoje pu\u0161ke.<\/p>\n","protected":false},"excerpt":{"rendered":"<p>Browning B525 Sporter B525 Sporter 1 12M \u0107e vam pomo\u0107i da se pribli\u017eite vrhu. Razdvojene cijevi\u00a0 \u0107e vam pomo\u0107i da prirodno pogodite metu kao \u0161to je to slu\u010daj s kundakom, zahvaljuju\u0107i Inflex II jastu\u010di\u0107u od 12 mm. 4 Invector+ \u010doka \u0107e vam pomo\u0107i da izvu\u010dete maksimum iz svoje pu\u0161ke.<\/p>\n","protected":false},"featured_media":8625,"template":"","meta":[],"product_cat":[46,202,78],"product_tag":[],"class_list":{"0":"post-8589","1":"product","2":"type-product","3":"status-publish","4":"has-post-thumbnail","6":"product_brand-browning","7":"product_cat-oruzje","8":"product_cat-bokerice","9":"product_cat-lovacke-puske","10":"pa_kalibar-12-76","11":"pa_kalibar-20-76","13":"first","14":"instock","15":"taxable","16":"shipping-taxable","17":"purchasable","18":"product-type-variable"},"_links":{"self":[{"href":"https:\/\/torzokom.com\/en\/wp-json\/wp\/v2\/product\/8589","targetHints":{"allow":["GET"]}}],"collection":[{"href":"https:\/\/torzokom.com\/en\/wp-json\/wp\/v2\/product"}],"about":[{"href":"https:\/\/torzokom.com\/en\/wp-json\/wp\/v2\/types\/product"}],"version-history":[{"count":0,"href":"https:\/\/torzokom.com\/en\/wp-json\/wp\/v2\/product\/8589\/revisions"}],"wp:featuredmedia":[{"embeddable":true,"href":"https:\/\/torzokom.com\/en\/wp-json\/wp\/v2\/media\/8625"}],"wp:attachment":[{"href":"https:\/\/torzokom.com\/en\/wp-json\/wp\/v2\/media?parent=8589"}],"wp:term":[{"taxonomy":"product_cat","embeddable":true,"href":"https:\/\/torzokom.com\/en\/wp-json\/wp\/v2\/product_cat?post=8589"},{"taxonomy":"product_tag","embeddable":true,"href":"https:\/\/torzokom.com\/en\/wp-json\/wp\/v2\/product_tag?post=8589"}],"curies":[{"name":"wp","href":"https:\/\/api.w.org\/{rel}","templated":true}]}}