{"id":8595,"date":"2025-11-17T08:24:49","date_gmt":"2025-11-17T07:24:49","guid":{"rendered":"https:\/\/torzokom.com\/?post_type=product&#038;p=8595"},"modified":"2025-11-17T08:26:30","modified_gmt":"2025-11-17T07:26:30","slug":"browning-maxus-2-black-gold-composit","status":"publish","type":"product","link":"https:\/\/torzokom.com\/en\/product\/browning-maxus-2-black-gold-composit\/","title":{"rendered":"Browning Maxus 2 Black Gold Composit"},"content":{"rendered":"<h2>Browning Maxus 2 Black Gold Composit<\/h2>\n<p>Maxus II Composite Black Gold je simbioza crne i zlatne boje. Zlatne patke prisutne na crnom trupu imaju koristi od kontrasta koji ih o\u017eivljava. Skroman, a opet elegantan, ovaj Maxus II \u0107e zadovoljiti svakog esteta koji tra\u017ei pu\u0161ku koja mo\u017ee podnijeti napore jednodnevnog lova.<\/p>\n<ul>\n<li><strong>Brzo punjenje<\/strong><br \/>\nNa\u0161 patentirani sistem Speed \u200b\u200bLoad Plus ubacuje prvi metak direktno iz okvira i brzo se prazni bez potrebe za pomicanjem zatvara\u010da do ubacivanja svake \u010dahure.<\/li>\n<li><strong>Prekida\u010d okvira<\/strong><br \/>\nSve na\u0161e Maxus pu\u0161ke, s izuzetkom sportskih modela, opremljene su prekida\u010dem okvira za pra\u017enjenje i zamjenu \u010dahure novom bez potrebe za izvla\u010denjem nove \u010dahure iz okvira.<\/li>\n<li><strong>Sistem za gas Power Drive<\/strong>Sistem za gas Power Drive koristi ve\u0107e ventile za br\u017ee uklanjanje gasa pri velikim optere\u0107enjima. Potpuno novi patentirani dizajn integrisanog ventila zadr\u017eava ostatke izvan mehanizma za \u010distiji rad. Pove\u0107anje hoda klipa od 20% \u010dini ga jo\u0161 pouzdanijim pri malim punjenjima. Sistem radi sa optere\u0107enjima od 24g do 64g.<\/li>\n<li><strong>Cijev s povratnim gasovima<\/strong><br \/>\n3 prednosti cijevi s povratnim gasovima\u2122 su: pove\u0107anje brzine i prodiranja, pobolj\u0161anje oblikovanja \u010dahure i manji trzaj.<\/li>\n<\/ul>\n","protected":false},"excerpt":{"rendered":"<p>Browning Maxus 2 Black Gold Composit Maxus II Composite Black Gold je simbioza crne i zlatne boje. Zlatne patke prisutne na crnom trupu imaju koristi od kontrasta koji ih o\u017eivljava. Skroman, a opet elegantan, ovaj Maxus II \u0107e zadovoljiti svakog esteta koji tra\u017ei pu\u0161ku koja mo\u017ee podnijeti napore jednodnevnog lova. Brzo punjenje Na\u0161 patentirani sistem [&hellip;]<\/p>\n","protected":false},"featured_media":8627,"template":"","meta":[],"product_cat":[46,78,192],"product_tag":[],"class_list":{"0":"post-8595","1":"product","2":"type-product","3":"status-publish","4":"has-post-thumbnail","6":"product_brand-browning","7":"product_cat-oruzje","8":"product_cat-lovacke-puske","9":"product_cat-poluautomatske-sacmarice","10":"pa_kalibar-12-76","11":"pa_kalibar-20-76","13":"first","14":"instock","15":"taxable","16":"shipping-taxable","17":"purchasable","18":"product-type-variable"},"_links":{"self":[{"href":"https:\/\/torzokom.com\/en\/wp-json\/wp\/v2\/product\/8595","targetHints":{"allow":["GET"]}}],"collection":[{"href":"https:\/\/torzokom.com\/en\/wp-json\/wp\/v2\/product"}],"about":[{"href":"https:\/\/torzokom.com\/en\/wp-json\/wp\/v2\/types\/product"}],"version-history":[{"count":0,"href":"https:\/\/torzokom.com\/en\/wp-json\/wp\/v2\/product\/8595\/revisions"}],"wp:featuredmedia":[{"embeddable":true,"href":"https:\/\/torzokom.com\/en\/wp-json\/wp\/v2\/media\/8627"}],"wp:attachment":[{"href":"https:\/\/torzokom.com\/en\/wp-json\/wp\/v2\/media?parent=8595"}],"wp:term":[{"taxonomy":"product_cat","embeddable":true,"href":"https:\/\/torzokom.com\/en\/wp-json\/wp\/v2\/product_cat?post=8595"},{"taxonomy":"product_tag","embeddable":true,"href":"https:\/\/torzokom.com\/en\/wp-json\/wp\/v2\/product_tag?post=8595"}],"curies":[{"name":"wp","href":"https:\/\/api.w.org\/{rel}","templated":true}]}}