{"id":8641,"date":"2025-11-18T09:48:10","date_gmt":"2025-11-18T08:48:10","guid":{"rendered":"https:\/\/torzokom.com\/?post_type=product&#038;p=8641"},"modified":"2026-03-06T11:21:46","modified_gmt":"2026-03-06T10:21:46","slug":"browning-b525-trap","status":"publish","type":"product","link":"https:\/\/torzokom.com\/en\/product\/browning-b525-trap\/","title":{"rendered":"Browning B525 Trap"},"content":{"rendered":"<p>Vode\u0107i princip modela B525 Trap 1 je da efikasnost u\u010dini dostupnom svima. Kundak i prednji dio su oblikovani tako da u potpunosti zadovolje specifi\u010dne zahtjeve ga\u0111anja glinenih golubova. Ovaj model &#8211; s natpisom &#8216;Trap&#8217; ponosno ugraviranim na okviru mehanizma &#8211; tako\u0111er dolazi s \u010detiri Invector-Plus \u010doka.<\/p>\n<p>&nbsp;<\/p>\n<p>Izaberite iz kompletnog asortimana su\u017eenja \u010doka kalibra 12 koji se uklapaju u ravninu. Du\u017ee cijevi s boljim dizajnom konusa, vrhunskim uzorcima i kvalitetom originalne opreme \u010dine Invector-Plus jednim od najpopularnijih sistema \u010dokova svih vremena.<\/p>\n<p>Kundak je opcionalno spreman za protute\u017eu. Dodatna masa pobolj\u0161ava ravnote\u017eu pu\u0161ke i smanjuje trzaj.<\/p>\n<p>Zavr\u0161na obrada cijevi je matirana postupkom pjeskarenja kako bi se ograni\u010dili odsjaji sunca prilikom pucanja<\/p>\n<div class=\"n4sEPd\">\n<div class=\"FFpbKc\">\n<div class=\"xMmqsf\">\n<div class=\"nidPne\">\n<div id=\"ow15\" data-show-delay-ms=\"250\" data-append-to-body=\"true\" data-propagate-tooltip-mouseover-events=\"true\" data-anchor-corner=\"bottom-left\" data-enable-skip-handler=\"true\" data-popup-corner=\"top-left\">\n<div class=\"dig2sb\">\n<div class=\"scLCMd\">\n<div id=\"itamenu\"><\/div>\n<\/div>\n<\/div>\n<\/div>\n<\/div>\n<\/div>\n<\/div>\n<\/div>\n<div class=\"QcsUad BDJ8fb BLojaf sMVRZe hCXDsb wneUed\">\n<div class=\"usGWQd\">\n<div class=\"KkbLmb\">\n<div class=\"lRu31\" dir=\"ltr\"><span class=\"HwtZe\" lang=\"bs\"><span class=\"jCAhz ChMk0b\"><span class=\"ryNqvb\">Podesivi sistem okida\u010da omogu\u0107ava vam da napravite sitna pode\u0161avanja polo\u017eaja va\u0161eg prsta na okida\u010du.<\/span><\/span><\/span><\/div>\n<\/div>\n<\/div>\n<\/div>\n","protected":false},"excerpt":{"rendered":"<p>Vode\u0107i princip modela B525 Trap 1 je da efikasnost u\u010dini dostupnom svima. Kundak i prednji dio su oblikovani tako da u potpunosti zadovolje specifi\u010dne zahtjeve ga\u0111anja glinenih golubova. Ovaj model &#8211; s natpisom &#8216;Trap&#8217; ponosno ugraviranim na okviru mehanizma &#8211; tako\u0111er dolazi s \u010detiri Invector-Plus \u010doka. &nbsp; Izaberite iz kompletnog asortimana su\u017eenja \u010doka kalibra 12 [&hellip;]<\/p>\n","protected":false},"featured_media":8700,"template":"","meta":[],"product_cat":[46,202,78],"product_tag":[],"class_list":{"0":"post-8641","1":"product","2":"type-product","3":"status-publish","4":"has-post-thumbnail","6":"product_brand-browning","7":"product_cat-oruzje","8":"product_cat-bokerice","9":"product_cat-lovacke-puske","10":"pa_kalibar-12-76","11":"pa_kalibar-20-76","13":"first","14":"outofstock","15":"taxable","16":"shipping-taxable","17":"purchasable","18":"product-type-variable"},"_links":{"self":[{"href":"https:\/\/torzokom.com\/en\/wp-json\/wp\/v2\/product\/8641","targetHints":{"allow":["GET"]}}],"collection":[{"href":"https:\/\/torzokom.com\/en\/wp-json\/wp\/v2\/product"}],"about":[{"href":"https:\/\/torzokom.com\/en\/wp-json\/wp\/v2\/types\/product"}],"version-history":[{"count":0,"href":"https:\/\/torzokom.com\/en\/wp-json\/wp\/v2\/product\/8641\/revisions"}],"wp:featuredmedia":[{"embeddable":true,"href":"https:\/\/torzokom.com\/en\/wp-json\/wp\/v2\/media\/8700"}],"wp:attachment":[{"href":"https:\/\/torzokom.com\/en\/wp-json\/wp\/v2\/media?parent=8641"}],"wp:term":[{"taxonomy":"product_cat","embeddable":true,"href":"https:\/\/torzokom.com\/en\/wp-json\/wp\/v2\/product_cat?post=8641"},{"taxonomy":"product_tag","embeddable":true,"href":"https:\/\/torzokom.com\/en\/wp-json\/wp\/v2\/product_tag?post=8641"}],"curies":[{"name":"wp","href":"https:\/\/api.w.org\/{rel}","templated":true}]}}