{"id":8646,"date":"2025-11-18T09:47:39","date_gmt":"2025-11-18T08:47:39","guid":{"rendered":"https:\/\/torzokom.com\/?post_type=product&#038;p=8646"},"modified":"2026-03-10T13:50:44","modified_gmt":"2026-03-10T12:50:44","slug":"winchester-sx4-stealth","status":"publish","type":"product","link":"https:\/\/torzokom.com\/en\/product\/winchester-sx4-stealth\/","title":{"rendered":"Winchester SX4 Stelealth"},"content":{"rendered":"<div class=\"otQkpb\" role=\"heading\" aria-level=\"3\" data-animation-nesting=\"\" data-sfc-cp=\"\" data-sfc-cb=\"\" data-complete=\"true\" data-processed=\"true\" data-sae=\"\">W<strong>inchester SX4 Stealth \u2013 Diskretna Snaga i Vrhunska Brzina<\/strong><\/div>\n<div class=\"Y3BBE\" data-sfc-cp=\"\" data-sfc-cb=\"\" data-hveid=\"CAEIBRAA\" data-complete=\"true\" data-processed=\"true\"><strong class=\"Yjhzub\" data-sfc-cb=\"\" data-complete=\"true\" data-processed=\"true\">Winchester SX4 Stealth<\/strong>\u00a0je poluautomatska sa\u010dmarica dizajnirana za lovce koji tra\u017ee maksimalnu diskreciju i vrhunske performanse u najte\u017eim uslovima. Prepoznatljiva po svom specifi\u010dnom &#8220;Stealth&#8221; zelenom fini\u0161u (Hunter Green),\u00a0<strong class=\"Yjhzub\" data-sfc-cb=\"\" data-complete=\"true\" data-processed=\"true\">Winchester SX4 <\/strong>\u00a0nudi savr\u0161en spoj modernog dizajna i legendarne brzine SX4 serije, \u010dine\u0107i je neprimjetnom u prirodi, a ubojitom na terenu.<\/div>\n<div class=\"Fsg96\" data-sfc-cp=\"\" data-sfc-cb=\"\" data-complete=\"true\" data-processed=\"true\"><\/div>\n<div class=\"otQkpb\" role=\"heading\" aria-level=\"3\" data-animation-nesting=\"\" data-sfc-cp=\"\" data-sfc-cb=\"\" data-complete=\"true\" data-processed=\"true\" data-sae=\"\"><strong>Za\u0161to je Winchester SX4 Stealth prvi izbor profesionalaca?<\/strong><\/div>\n<div class=\"Y3BBE\" data-sfc-cp=\"\" data-sfc-cb=\"\" data-hveid=\"CAEIBxAA\" data-complete=\"true\" data-processed=\"true\">Glavna prednost koju donosi ovaj model je njegova nevjerovatna radna brzina.\u00a0<strong class=\"Yjhzub\" data-sfc-cb=\"\" data-complete=\"true\" data-processed=\"true\">Winchester SX4 <\/strong>koristi napredni\u00a0<strong class=\"Yjhzub\" data-sfc-cb=\"\" data-complete=\"true\" data-processed=\"true\">Active Valve gasni sistem<\/strong>, koji automatski reguli\u0161e protok gasova kako bi osigurao besprijekorno funkcionisanje sa svim vrstama municije. Bilo da koristite lak\u0161a sportska punjenja ili te\u0161ke magnum patrone, ovaj poluautomat garantuje pouzdanost i drasti\u010dno smanjen trzaj.<\/div>\n<div class=\"Fsg96\" data-sfc-cp=\"\" data-sfc-cb=\"\" data-complete=\"true\" data-processed=\"true\"><\/div>\n<div class=\"otQkpb\" role=\"heading\" aria-level=\"3\" data-animation-nesting=\"\" data-sfc-cp=\"\" data-sfc-cb=\"\" data-complete=\"true\" data-processed=\"true\" data-sae=\"\">Klju\u010dne prednosti i karakteristike:<\/div>\n<ul class=\"KsbFXc U6u95\" data-sfc-cb=\"\" data-complete=\"true\" data-processed=\"true\">\n<li class=\"dF3vjf\" data-sfc-cb=\"\" data-hveid=\"CAEICRAA\" data-complete=\"true\" data-sae=\"\"><span class=\"T286Pc\" data-sfc-cp=\"\" data-sfc-cb=\"\" data-complete=\"true\"><strong class=\"Yjhzub\" data-sfc-cb=\"\" data-complete=\"true\">Stealth Hunter Green Fini\u0161:<\/strong>\u00a0Posebna zelena boja kundaka i potkundaka omogu\u0107ava\u00a0<strong class=\"Yjhzub\" data-sfc-cb=\"\" data-complete=\"true\">Winchester SX4 <\/strong>\u00a0modelu da se savr\u0161eno stopi sa \u0161umskim okru\u017eenjem.<\/span><\/li>\n<li class=\"dF3vjf\" data-sfc-cb=\"\" data-hveid=\"CAEICRAB\" data-complete=\"true\" data-sae=\"\"><span class=\"T286Pc\" data-sfc-cp=\"\" data-sfc-cb=\"\" data-complete=\"true\"><strong class=\"Yjhzub\" data-sfc-cb=\"\" data-complete=\"true\">Vrhunska Ergonomija:<\/strong>\u00a0Tanji profil rukohvata i balansirana te\u017eina \u010dine pu\u0161ku izuzetno okretnom i lakom za brzo ni\u0161anjenje.<\/span><\/li>\n<li class=\"dF3vjf\" data-sfc-cb=\"\" data-hveid=\"CAEICRAC\" data-complete=\"true\" data-sae=\"\"><span class=\"T286Pc\" data-sfc-cp=\"\" data-sfc-cb=\"\" data-complete=\"true\"><strong class=\"Yjhzub\" data-sfc-cb=\"\" data-complete=\"true\">Inflex II Tehnologija:<\/strong>\u00a0Napredni amortizer na kundaku usmjerava energiju trzaja nadole, \u010duvaju\u0107i rame lovca i omogu\u0107avaju\u0107i br\u017ei povratak na metu.<\/span><\/li>\n<li class=\"dF3vjf\" data-sfc-cb=\"\" data-hveid=\"CAEICRAD\" data-complete=\"true\" data-sae=\"\"><span class=\"T286Pc\" data-sfc-cp=\"\" data-sfc-cb=\"\" data-complete=\"true\"><strong class=\"Yjhzub\" data-sfc-cb=\"\" data-complete=\"true\">Pove\u0107ane Kontrole:<\/strong>\u00a0Uve\u0107ana ru\u010dica zatvara\u010da i dugme ko\u010dnice omogu\u0107avaju lako rukovanje \u010dak i sa debelim lova\u010dkim rukavicama.<\/span><\/li>\n<li class=\"dF3vjf\" data-sfc-cb=\"\" data-hveid=\"CAEICRAE\" data-complete=\"true\" data-sae=\"\"><span class=\"T286Pc\" data-sfc-cp=\"\" data-sfc-cb=\"\" data-complete=\"true\"><strong class=\"Yjhzub\" data-sfc-cb=\"\" data-complete=\"true\">Back-Bored Tehnologija:<\/strong> Specijalno bu\u0161ena cijev osigurava superiorne balisti\u010dke performanse i konzistentniji posip sa\u010dme.<\/span><\/li>\n<\/ul>\n<div class=\"Fsg96\" data-sfc-cp=\"\" data-sfc-cb=\"\" data-complete=\"true\" data-processed=\"true\"><\/div>\n<div class=\"otQkpb\" role=\"heading\" aria-level=\"3\" data-animation-nesting=\"\" data-sfc-cp=\"\" data-sfc-cb=\"\" data-complete=\"true\" data-processed=\"true\" data-sae=\"\">Izdr\u017eljivost u svim uslovima<\/div>\n<div class=\"Y3BBE\" data-sfc-cp=\"\" data-sfc-cb=\"\" data-hveid=\"CAEICxAA\" data-complete=\"true\" data-processed=\"true\">Cijev i le\u017ei\u0161te metka kod\u00a0<strong class=\"Yjhzub\" data-sfc-cb=\"\" data-complete=\"true\" data-processed=\"true\">Winchester SX4 Stealth<\/strong> modela su potpuno hromirani, \u0161to pru\u017ea maksimalnu za\u0161titu od korozije i habanja. Bez obzira na vlagu ili ki\u0161u, ova sa\u010dmarica ostaje pouzdan partner u svakom lovu na vodenu ili sitnu divlja\u010d.<\/div>\n","protected":false},"excerpt":{"rendered":"<div class=\"Y3BBE\" data-sfc-cp=\"\" data-sfc-cb=\"\" data-hveid=\"CAEIBxAA\" data-complete=\"true\" data-processed=\"true\"><strong class=\"Yjhzub\" data-sfc-cb=\"\" data-complete=\"true\" data-processed=\"true\">Winchester SX4 Stealth<\/strong> postavlja standarde za lovce koji tra\u017ee maksimalnu diskreciju u prirodi. Zahvaljuju\u0107i specifi\u010dnoj maslinasto-zelenoj boji kundaka, ova pu\u0161ka se savr\u0161eno stapa sa okolinom, dok njena unutra\u0161njost krije najmoderniju tehnologiju poluautomatskog oru\u017eja.<\/div>\n","protected":false},"featured_media":8699,"template":"","meta":[],"product_cat":[46,78,192],"product_tag":[],"class_list":{"0":"post-8646","1":"product","2":"type-product","3":"status-publish","4":"has-post-thumbnail","6":"product_brand-winchester","7":"product_cat-oruzje","8":"product_cat-lovacke-puske","9":"product_cat-poluautomatske-sacmarice","10":"pa_kalibar-12-76","11":"pa_kalibar-20-76","13":"first","14":"instock","15":"taxable","16":"shipping-taxable","17":"purchasable","18":"product-type-variable"},"_links":{"self":[{"href":"https:\/\/torzokom.com\/en\/wp-json\/wp\/v2\/product\/8646","targetHints":{"allow":["GET"]}}],"collection":[{"href":"https:\/\/torzokom.com\/en\/wp-json\/wp\/v2\/product"}],"about":[{"href":"https:\/\/torzokom.com\/en\/wp-json\/wp\/v2\/types\/product"}],"version-history":[{"count":0,"href":"https:\/\/torzokom.com\/en\/wp-json\/wp\/v2\/product\/8646\/revisions"}],"wp:featuredmedia":[{"embeddable":true,"href":"https:\/\/torzokom.com\/en\/wp-json\/wp\/v2\/media\/8699"}],"wp:attachment":[{"href":"https:\/\/torzokom.com\/en\/wp-json\/wp\/v2\/media?parent=8646"}],"wp:term":[{"taxonomy":"product_cat","embeddable":true,"href":"https:\/\/torzokom.com\/en\/wp-json\/wp\/v2\/product_cat?post=8646"},{"taxonomy":"product_tag","embeddable":true,"href":"https:\/\/torzokom.com\/en\/wp-json\/wp\/v2\/product_tag?post=8646"}],"curies":[{"name":"wp","href":"https:\/\/api.w.org\/{rel}","templated":true}]}}