{"id":8655,"date":"2025-11-18T09:45:10","date_gmt":"2025-11-18T08:45:10","guid":{"rendered":"https:\/\/torzokom.com\/?post_type=product&#038;p=8655"},"modified":"2025-12-11T09:44:37","modified_gmt":"2025-12-11T08:44:37","slug":"browning-a5-one","status":"publish","type":"product","link":"https:\/\/torzokom.com\/en\/product\/browning-a5-one\/","title":{"rendered":"Browning A5 One"},"content":{"rendered":"<h2>Browning A5 One<\/h2>\n<p>A5 je dizajniran da ponudi neusporedivu pouzdanost, brzinu i osje\u0107aj niskog trzaja u poluautomatskoj inercijskoj sa\u010dmarici.<\/p>\n<p>Sistem akumulira energiju trzaja i pretvara je u mehani\u010dko kretanje za aktiviranje pokretnih dijelova. Ljepota sistema &#8220;Kinematic Drive&#8221; le\u017ei u jednostavnosti dizajna, \u0161to mu omogu\u0107ava da radi na pravilan i pouzdan na\u010din, sa bilo kojom vrstom optere\u0107enja i pod svim ekstremnim uslovima vremena, temperature, vlage ili ne\u010disto\u0107a.<br \/>\nNa\u0161e povjerenje u novi A5 je takvo da nudimo garanciju od 100.000 hitaca ili 7 godina s njim.<br \/>\nNa\u0161 patentirani sistem Speed \u200b\u200bLoad Plus ubacuje prvi metak direktno iz okvira i brzo se prazni bez potrebe za provla\u010denjem zatvara\u010da do ubacivanja svake \u010dahure.<br \/>\n3 prednosti cijevi Back-bored\u2122 su: pove\u0107anje brzine i prodiranja, pobolj\u0161anje oblikovanja zrna i manji trzaj.<\/p>\n","protected":false},"excerpt":{"rendered":"<p>Browning A5 One A5 je dizajniran da ponudi neusporedivu pouzdanost, brzinu i osje\u0107aj niskog trzaja u poluautomatskoj inercijskoj sa\u010dmarici. Sistem akumulira energiju trzaja i pretvara je u mehani\u010dko kretanje za aktiviranje pokretnih dijelova. Ljepota sistema &#8220;Kinematic Drive&#8221; le\u017ei u jednostavnosti dizajna, \u0161to mu omogu\u0107ava da radi na pravilan i pouzdan na\u010din, sa bilo kojom vrstom [&hellip;]<\/p>\n","protected":false},"featured_media":8697,"template":"","meta":[],"product_cat":[46,78,192],"product_tag":[],"class_list":{"0":"post-8655","1":"product","2":"type-product","3":"status-publish","4":"has-post-thumbnail","6":"product_brand-browning","7":"product_cat-oruzje","8":"product_cat-lovacke-puske","9":"product_cat-poluautomatske-sacmarice","10":"pa_kalibar-12-76","11":"pa_kalibar-20-76","13":"first","14":"instock","15":"taxable","16":"shipping-taxable","17":"purchasable","18":"product-type-variable"},"_links":{"self":[{"href":"https:\/\/torzokom.com\/en\/wp-json\/wp\/v2\/product\/8655","targetHints":{"allow":["GET"]}}],"collection":[{"href":"https:\/\/torzokom.com\/en\/wp-json\/wp\/v2\/product"}],"about":[{"href":"https:\/\/torzokom.com\/en\/wp-json\/wp\/v2\/types\/product"}],"version-history":[{"count":0,"href":"https:\/\/torzokom.com\/en\/wp-json\/wp\/v2\/product\/8655\/revisions"}],"wp:featuredmedia":[{"embeddable":true,"href":"https:\/\/torzokom.com\/en\/wp-json\/wp\/v2\/media\/8697"}],"wp:attachment":[{"href":"https:\/\/torzokom.com\/en\/wp-json\/wp\/v2\/media?parent=8655"}],"wp:term":[{"taxonomy":"product_cat","embeddable":true,"href":"https:\/\/torzokom.com\/en\/wp-json\/wp\/v2\/product_cat?post=8655"},{"taxonomy":"product_tag","embeddable":true,"href":"https:\/\/torzokom.com\/en\/wp-json\/wp\/v2\/product_tag?post=8655"}],"curies":[{"name":"wp","href":"https:\/\/api.w.org\/{rel}","templated":true}]}}