{"id":8659,"date":"2025-11-18T09:44:16","date_gmt":"2025-11-18T08:44:16","guid":{"rendered":"https:\/\/torzokom.com\/?post_type=product&#038;p=8659"},"modified":"2025-11-20T01:21:40","modified_gmt":"2025-11-20T00:21:40","slug":"sauer-ergo-rest-neopren-remnik","status":"publish","type":"product","link":"https:\/\/torzokom.com\/en\/product\/sauer-ergo-rest-neopren-remnik\/","title":{"rendered":"Sauer Ergo Rest neopren remnik"},"content":{"rendered":"<p>Maksimalna udobnost i stabilnost pri pucanju: Sauer Ergo Rest Gun Sling je na\u0161 vrhunski remen za pu\u0161ku i odgovara svim Sauer pu\u0161kama. Proizveden u Njema\u010dkoj, neoprenski remen ima \u0161iroki naslon za rame i mekani dvostruko oblo\u017eeni naslon za prednji kraj. Ovo omogu\u0107ava ne samo neumorno no\u0161enje va\u0161e Sauer pu\u0161ke, ve\u0107 i neklizaju\u0107u i super stabilnu potporu za siguran pucanj, kao i najbolju mogu\u0107u za\u0161titu prednjeg dijela va\u0161e Sauer pu\u0161ke.<\/p>\n<p>Remen je dostupan u sme\u0111oj, zelenoj, crnoj i narand\u017eastoj boji.<\/p>\n","protected":false},"excerpt":{"rendered":"<p>Maksimalna udobnost i stabilnost pri pucanju: Sauer Ergo Rest Gun Sling je na\u0161 vrhunski remen za pu\u0161ku i odgovara svim Sauer pu\u0161kama. Proizveden u Njema\u010dkoj, neoprenski remen ima \u0161iroki naslon za rame i mekani dvostruko oblo\u017eeni naslon za prednji kraj. Ovo omogu\u0107ava ne samo neumorno no\u0161enje va\u0161e Sauer pu\u0161ke, ve\u0107 i neklizaju\u0107u i super stabilnu [&hellip;]<\/p>\n","protected":false},"featured_media":8696,"template":"","meta":[],"product_cat":[83,206],"product_tag":[],"class_list":{"0":"post-8659","1":"product","2":"type-product","3":"status-publish","4":"has-post-thumbnail","6":"product_brand-sauer","7":"product_cat-dodatna-oprema","8":"product_cat-remnici-za-puske","9":"pa_boja-antracit","10":"pa_boja-narandzasta","11":"pa_boja-smeda","12":"pa_boja-zelena","14":"first","15":"instock","16":"taxable","17":"shipping-taxable","18":"purchasable","19":"product-type-variable"},"_links":{"self":[{"href":"https:\/\/torzokom.com\/en\/wp-json\/wp\/v2\/product\/8659","targetHints":{"allow":["GET"]}}],"collection":[{"href":"https:\/\/torzokom.com\/en\/wp-json\/wp\/v2\/product"}],"about":[{"href":"https:\/\/torzokom.com\/en\/wp-json\/wp\/v2\/types\/product"}],"version-history":[{"count":0,"href":"https:\/\/torzokom.com\/en\/wp-json\/wp\/v2\/product\/8659\/revisions"}],"wp:featuredmedia":[{"embeddable":true,"href":"https:\/\/torzokom.com\/en\/wp-json\/wp\/v2\/media\/8696"}],"wp:attachment":[{"href":"https:\/\/torzokom.com\/en\/wp-json\/wp\/v2\/media?parent=8659"}],"wp:term":[{"taxonomy":"product_cat","embeddable":true,"href":"https:\/\/torzokom.com\/en\/wp-json\/wp\/v2\/product_cat?post=8659"},{"taxonomy":"product_tag","embeddable":true,"href":"https:\/\/torzokom.com\/en\/wp-json\/wp\/v2\/product_tag?post=8659"}],"curies":[{"name":"wp","href":"https:\/\/api.w.org\/{rel}","templated":true}]}}