{"id":8675,"date":"2025-11-18T09:43:19","date_gmt":"2025-11-18T08:43:19","guid":{"rendered":"https:\/\/torzokom.com\/?post_type=product&#038;p=8675"},"modified":"2025-11-18T09:43:19","modified_gmt":"2025-11-18T08:43:19","slug":"sauer-canvas-futrola","status":"publish","type":"product","link":"https:\/\/torzokom.com\/en\/product\/sauer-canvas-futrola\/","title":{"rendered":"Sauer Canvas Futrola"},"content":{"rendered":"<p>Nova Sauer platnena torba za no\u0161enje kombinira kvalitet i bezvremenski stil. Funkcije su dobro osmi\u0161ljene do najsitnijih detalja i zadovoljavaju zahtjeve ambicioznih i zahtjevnih lovaca: Ova torba za no\u0161enje izra\u0111ena je od izdr\u017eljivog pamu\u010dnog platna kako bi pru\u017eila najbolju mogu\u0107u za\u0161titu za va\u0161e vatreno oru\u017eje. Glavni odjeljak nudi prostor za va\u0161u pu\u0161ku i ni\u0161an. Glavni odjeljak ima atraktivan pro\u0161iveni dijamantski uzorak koji ne samo da izgleda elegantno, ve\u0107 nudi i dodatno punjenje. Dodatni veliki d\u017eep na prednjoj strani nudi dodatni prostor za pohranu, dok je unutarnji mre\u017easti d\u017eep savr\u0161eno rje\u0161enje za organiziranje va\u0161eg lova\u010dkog alata.<br \/>\nZaklju\u010davaju\u0107i patentni zatvara\u010d na glavnom odjeljku i prednjem d\u017eepu osigurava sigurnost va\u0161e pu\u0161ke. Podstavljena ru\u010dka za no\u0161enje i centralno postavljen remen za rame s mekim jastu\u010di\u0107em za rame osiguravaju udobno no\u0161enje. Sauer logo na prednjoj strani i jastu\u010di\u0107i za rame dodaju posebne detalje.<br \/>\nSauer platnena torba za no\u0161enje dostupna je u dvije veli\u010dine: ukupna du\u017eina 132 cm ili 119 cm.<br \/>\nElegantna torba za no\u0161enje koja \u0107e upotpuniti va\u0161 Sauer lova\u010dki izgled!<\/p>\n","protected":false},"excerpt":{"rendered":"<p>Nova Sauer platnena torba za no\u0161enje kombinira kvalitet i bezvremenski stil. Funkcije su dobro osmi\u0161ljene do najsitnijih detalja i zadovoljavaju zahtjeve ambicioznih i zahtjevnih lovaca: Ova torba za no\u0161enje izra\u0111ena je od izdr\u017eljivog pamu\u010dnog platna kako bi pru\u017eila najbolju mogu\u0107u za\u0161titu za va\u0161e vatreno oru\u017eje. Glavni odjeljak nudi prostor za va\u0161u pu\u0161ku i ni\u0161an. Glavni [&hellip;]<\/p>\n","protected":false},"featured_media":8694,"template":"","meta":[],"product_cat":[83,212],"product_tag":[],"class_list":{"0":"post-8675","1":"product","2":"type-product","3":"status-publish","4":"has-post-thumbnail","6":"product_brand-sauer","7":"product_cat-dodatna-oprema","8":"product_cat-futrole-i-koferi","9":"pa_duzina-119cm","10":"pa_duzina-132cm","12":"first","13":"instock","14":"taxable","15":"shipping-taxable","16":"purchasable","17":"product-type-variable"},"_links":{"self":[{"href":"https:\/\/torzokom.com\/en\/wp-json\/wp\/v2\/product\/8675","targetHints":{"allow":["GET"]}}],"collection":[{"href":"https:\/\/torzokom.com\/en\/wp-json\/wp\/v2\/product"}],"about":[{"href":"https:\/\/torzokom.com\/en\/wp-json\/wp\/v2\/types\/product"}],"version-history":[{"count":0,"href":"https:\/\/torzokom.com\/en\/wp-json\/wp\/v2\/product\/8675\/revisions"}],"wp:featuredmedia":[{"embeddable":true,"href":"https:\/\/torzokom.com\/en\/wp-json\/wp\/v2\/media\/8694"}],"wp:attachment":[{"href":"https:\/\/torzokom.com\/en\/wp-json\/wp\/v2\/media?parent=8675"}],"wp:term":[{"taxonomy":"product_cat","embeddable":true,"href":"https:\/\/torzokom.com\/en\/wp-json\/wp\/v2\/product_cat?post=8675"},{"taxonomy":"product_tag","embeddable":true,"href":"https:\/\/torzokom.com\/en\/wp-json\/wp\/v2\/product_tag?post=8675"}],"curies":[{"name":"wp","href":"https:\/\/api.w.org\/{rel}","templated":true}]}}