{"id":8682,"date":"2025-11-18T09:42:47","date_gmt":"2025-11-18T08:42:47","guid":{"rendered":"https:\/\/torzokom.com\/?post_type=product&#038;p=8682"},"modified":"2025-11-20T01:22:45","modified_gmt":"2025-11-20T00:22:45","slug":"sauer-remnik-kozni-pleteni","status":"publish","type":"product","link":"https:\/\/torzokom.com\/en\/product\/sauer-remnik-kozni-pleteni\/","title":{"rendered":"Sauer Remnik Kozni Pleteni"},"content":{"rendered":"<p>Liniju ko\u017enih dodataka Sauer upotpunjuje pleteni remen za pu\u0161ku izra\u0111en od fine nubuk ko\u017ee. Remen upotpunjuje plemeniti izgled pu\u0161aka s visokokvalitetnim drvenim kundacima. Bez obzira lovite li sami ili u dru\u0161tvu, Sauer ko\u017eni remen podcrtava ljepotu va\u0161eg oru\u017eja u svakoj situaciji. Na gornjem kraju remena nalazi se &#8220;om\u010da za kai\u0161&#8221;, a na donjem kraju mo\u017eete podesiti du\u017einu remena kao i obi\u010dno.<\/p>\n<p>Dimenzije<br \/>\nDu\u017eina: 103 cm<br \/>\n\u0160irina: 3 cm<br \/>\nTe\u017eina: 110 grama<\/p>\n","protected":false},"excerpt":{"rendered":"<p>Liniju ko\u017enih dodataka Sauer upotpunjuje pleteni remen za pu\u0161ku izra\u0111en od fine nubuk ko\u017ee. Remen upotpunjuje plemeniti izgled pu\u0161aka s visokokvalitetnim drvenim kundacima. Bez obzira lovite li sami ili u dru\u0161tvu, Sauer ko\u017eni remen podcrtava ljepotu va\u0161eg oru\u017eja u svakoj situaciji. Na gornjem kraju remena nalazi se &#8220;om\u010da za kai\u0161&#8221;, a na donjem kraju mo\u017eete [&hellip;]<\/p>\n","protected":false},"featured_media":8693,"template":"","meta":[],"product_cat":[83,206],"product_tag":[],"class_list":{"0":"post-8682","1":"product","2":"type-product","3":"status-publish","4":"has-post-thumbnail","6":"product_brand-sauer","7":"product_cat-dodatna-oprema","8":"product_cat-remnici-za-puske","10":"first","11":"instock","12":"taxable","13":"shipping-taxable","14":"purchasable","15":"product-type-simple"},"_links":{"self":[{"href":"https:\/\/torzokom.com\/en\/wp-json\/wp\/v2\/product\/8682","targetHints":{"allow":["GET"]}}],"collection":[{"href":"https:\/\/torzokom.com\/en\/wp-json\/wp\/v2\/product"}],"about":[{"href":"https:\/\/torzokom.com\/en\/wp-json\/wp\/v2\/types\/product"}],"version-history":[{"count":0,"href":"https:\/\/torzokom.com\/en\/wp-json\/wp\/v2\/product\/8682\/revisions"}],"wp:featuredmedia":[{"embeddable":true,"href":"https:\/\/torzokom.com\/en\/wp-json\/wp\/v2\/media\/8693"}],"wp:attachment":[{"href":"https:\/\/torzokom.com\/en\/wp-json\/wp\/v2\/media?parent=8682"}],"wp:term":[{"taxonomy":"product_cat","embeddable":true,"href":"https:\/\/torzokom.com\/en\/wp-json\/wp\/v2\/product_cat?post=8682"},{"taxonomy":"product_tag","embeddable":true,"href":"https:\/\/torzokom.com\/en\/wp-json\/wp\/v2\/product_tag?post=8682"}],"curies":[{"name":"wp","href":"https:\/\/api.w.org\/{rel}","templated":true}]}}