{"id":8686,"date":"2025-11-18T09:41:16","date_gmt":"2025-11-18T08:41:16","guid":{"rendered":"https:\/\/torzokom.com\/?post_type=product&#038;p=8686"},"modified":"2025-11-18T09:41:16","modified_gmt":"2025-11-18T08:41:16","slug":"sauer-remnik-leather","status":"publish","type":"product","link":"https:\/\/torzokom.com\/en\/product\/sauer-remnik-leather\/","title":{"rendered":"SAUER Remnik Leather"},"content":{"rendered":"<p>Plemenit izgled za premium Sauer pu\u0161ke:<\/p>\n<p>Neophodan predmet za svakog vlasnika Sauer lova\u010dke pu\u0161ke. Dinami\u010dan dizajn visokokvalitetne remenke za pu\u0161ku izra\u0111ene od izuzetno mekane, a istovremeno i robusne tele\u0107e ko\u017ee inspirisan je tankim oblikom Sauer pu\u0161aka i daje remenu za pu\u0161ku, koji je gotovo u potpunosti ru\u010dno izra\u0111en, elegantan izgled. Za maksimalnu udobnost no\u0161enja, unutra\u0161njost remena za pu\u0161ku izra\u0111ena je od neoprena koji se ne klizi.<\/p>\n","protected":false},"excerpt":{"rendered":"<p>Plemenit izgled za premium Sauer pu\u0161ke: Neophodan predmet za svakog vlasnika Sauer lova\u010dke pu\u0161ke. Dinami\u010dan dizajn visokokvalitetne remenke za pu\u0161ku izra\u0111ene od izuzetno mekane, a istovremeno i robusne tele\u0107e ko\u017ee inspirisan je tankim oblikom Sauer pu\u0161aka i daje remenu za pu\u0161ku, koji je gotovo u potpunosti ru\u010dno izra\u0111en, elegantan izgled. Za maksimalnu udobnost no\u0161enja, unutra\u0161njost [&hellip;]<\/p>\n","protected":false},"featured_media":8692,"template":"","meta":[],"product_cat":[83,206],"product_tag":[],"class_list":{"0":"post-8686","1":"product","2":"type-product","3":"status-publish","4":"has-post-thumbnail","6":"product_brand-sauer","7":"product_cat-dodatna-oprema","8":"product_cat-remnici-za-puske","10":"first","11":"instock","12":"taxable","13":"shipping-taxable","14":"purchasable","15":"product-type-simple"},"_links":{"self":[{"href":"https:\/\/torzokom.com\/en\/wp-json\/wp\/v2\/product\/8686","targetHints":{"allow":["GET"]}}],"collection":[{"href":"https:\/\/torzokom.com\/en\/wp-json\/wp\/v2\/product"}],"about":[{"href":"https:\/\/torzokom.com\/en\/wp-json\/wp\/v2\/types\/product"}],"version-history":[{"count":0,"href":"https:\/\/torzokom.com\/en\/wp-json\/wp\/v2\/product\/8686\/revisions"}],"wp:featuredmedia":[{"embeddable":true,"href":"https:\/\/torzokom.com\/en\/wp-json\/wp\/v2\/media\/8692"}],"wp:attachment":[{"href":"https:\/\/torzokom.com\/en\/wp-json\/wp\/v2\/media?parent=8686"}],"wp:term":[{"taxonomy":"product_cat","embeddable":true,"href":"https:\/\/torzokom.com\/en\/wp-json\/wp\/v2\/product_cat?post=8686"},{"taxonomy":"product_tag","embeddable":true,"href":"https:\/\/torzokom.com\/en\/wp-json\/wp\/v2\/product_tag?post=8686"}],"curies":[{"name":"wp","href":"https:\/\/api.w.org\/{rel}","templated":true}]}}