{"id":8688,"date":"2025-11-18T09:40:47","date_gmt":"2025-11-18T08:40:47","guid":{"rendered":"https:\/\/torzokom.com\/?post_type=product&#038;p=8688"},"modified":"2025-11-18T09:40:47","modified_gmt":"2025-11-18T08:40:47","slug":"sauer-set-za-ciscenje-oruzja","status":"publish","type":"product","link":"https:\/\/torzokom.com\/en\/product\/sauer-set-za-ciscenje-oruzja\/","title":{"rendered":"Sauer set za \u010di\u0161\u0107enje oru\u017eja"},"content":{"rendered":"<p>Ovaj komplet za njegu oru\u017eja, proizveden u saradnji s pouzdanim proizvo\u0111a\u010dem Fluna Tec, pru\u017ea obilnu za\u0161titu od korozije za va\u0161e lova\u010dke pu\u0161ke SAUER. Pored 100 ml odma\u0161\u0107iva\u010da za metalne povr\u0161ine, komplet sadr\u017ei 100 ml ulja za oru\u017eje, koje nudi odli\u010dna svojstva podmazivanja i pru\u017ea optimalnu za\u0161titu pokretnim dijelovima vatrenog oru\u017eja. Bo\u010dice s kapaljkom omogu\u0107avaju precizno nano\u0161enje potrebne koli\u010dine sredstva za \u010di\u0161\u0107enje.<\/p>\n<p>Uklju\u010deno je i: visokokvalitetna krpa od mikrovlakana dimenzija 30 x 30 cm.<\/p>\n","protected":false},"excerpt":{"rendered":"<p>Ovaj komplet za njegu oru\u017eja, proizveden u saradnji s pouzdanim proizvo\u0111a\u010dem Fluna Tec, pru\u017ea obilnu za\u0161titu od korozije za va\u0161e lova\u010dke pu\u0161ke SAUER. Pored 100 ml odma\u0161\u0107iva\u010da za metalne povr\u0161ine, komplet sadr\u017ei 100 ml ulja za oru\u017eje, koje nudi odli\u010dna svojstva podmazivanja i pru\u017ea optimalnu za\u0161titu pokretnim dijelovima vatrenog oru\u017eja. Bo\u010dice s kapaljkom omogu\u0107avaju precizno [&hellip;]<\/p>\n","protected":false},"featured_media":8691,"template":"","meta":[],"product_cat":[30],"product_tag":[],"class_list":{"0":"post-8688","1":"product","2":"type-product","3":"status-publish","4":"has-post-thumbnail","6":"product_brand-sauer","7":"product_cat-ciscenje-i-odrzavanje-oruzja","9":"first","10":"instock","11":"taxable","12":"shipping-taxable","13":"purchasable","14":"product-type-simple"},"_links":{"self":[{"href":"https:\/\/torzokom.com\/en\/wp-json\/wp\/v2\/product\/8688","targetHints":{"allow":["GET"]}}],"collection":[{"href":"https:\/\/torzokom.com\/en\/wp-json\/wp\/v2\/product"}],"about":[{"href":"https:\/\/torzokom.com\/en\/wp-json\/wp\/v2\/types\/product"}],"version-history":[{"count":0,"href":"https:\/\/torzokom.com\/en\/wp-json\/wp\/v2\/product\/8688\/revisions"}],"wp:featuredmedia":[{"embeddable":true,"href":"https:\/\/torzokom.com\/en\/wp-json\/wp\/v2\/media\/8691"}],"wp:attachment":[{"href":"https:\/\/torzokom.com\/en\/wp-json\/wp\/v2\/media?parent=8688"}],"wp:term":[{"taxonomy":"product_cat","embeddable":true,"href":"https:\/\/torzokom.com\/en\/wp-json\/wp\/v2\/product_cat?post=8688"},{"taxonomy":"product_tag","embeddable":true,"href":"https:\/\/torzokom.com\/en\/wp-json\/wp\/v2\/product_tag?post=8688"}],"curies":[{"name":"wp","href":"https:\/\/api.w.org\/{rel}","templated":true}]}}