{"id":8847,"date":"2025-12-10T13:14:51","date_gmt":"2025-12-10T12:14:51","guid":{"rendered":"https:\/\/torzokom.com\/?post_type=product&#038;p=8847"},"modified":"2026-02-16T10:13:47","modified_gmt":"2026-02-16T09:13:47","slug":"signalni-pistolj-p29-fume-9mm-pak","status":"publish","type":"product","link":"https:\/\/torzokom.com\/en\/product\/signalni-pistolj-p29-fume-9mm-pak\/","title":{"rendered":"Signalni Pi\u0161tolj Ekol P29 Fume"},"content":{"rendered":"<h2>Signalni Pi\u0161tolj Ekol P29 Fume<\/h2>\n<p>Pla\u0161ljivac koristi municiju punjenu malodimnim barutom 9mm Pak i u sanzer staje 8+1 metaka.<br \/>\nTe\u017eina i veli\u010dina stra\u0161ljivaca je ista kao i pravi pi\u0161tolj Browning po kojem je ovaj stra\u0161ljivac i napravljen. Stra\u0161ljivac dolazi upakovan u plasti\u010dni kofer i uz njega dolazi nastavak za ispaljivanje svjetle\u0107ih raketica.<\/p>\n","protected":false},"excerpt":{"rendered":"<p>Signalni Pi\u0161tolj Ekol P29 Fume Pla\u0161ljivac koristi municiju punjenu malodimnim barutom 9mm Pak i u sanzer staje 8+1 metaka. Te\u017eina i veli\u010dina stra\u0161ljivaca je ista kao i pravi pi\u0161tolj Browning po kojem je ovaj stra\u0161ljivac i napravljen. Stra\u0161ljivac dolazi upakovan u plasti\u010dni kofer i uz njega dolazi nastavak za ispaljivanje svjetle\u0107ih raketica.<\/p>\n","protected":false},"featured_media":9132,"template":"","meta":[],"product_cat":[46,179],"product_tag":[],"class_list":{"0":"post-8847","1":"product","2":"type-product","3":"status-publish","4":"has-post-thumbnail","6":"product_brand-ekol","7":"product_cat-oruzje","8":"product_cat-signalni-startni-pistolji","10":"first","11":"instock","12":"taxable","13":"shipping-taxable","14":"purchasable","15":"product-type-simple"},"_links":{"self":[{"href":"https:\/\/torzokom.com\/en\/wp-json\/wp\/v2\/product\/8847","targetHints":{"allow":["GET"]}}],"collection":[{"href":"https:\/\/torzokom.com\/en\/wp-json\/wp\/v2\/product"}],"about":[{"href":"https:\/\/torzokom.com\/en\/wp-json\/wp\/v2\/types\/product"}],"version-history":[{"count":0,"href":"https:\/\/torzokom.com\/en\/wp-json\/wp\/v2\/product\/8847\/revisions"}],"wp:featuredmedia":[{"embeddable":true,"href":"https:\/\/torzokom.com\/en\/wp-json\/wp\/v2\/media\/9132"}],"wp:attachment":[{"href":"https:\/\/torzokom.com\/en\/wp-json\/wp\/v2\/media?parent=8847"}],"wp:term":[{"taxonomy":"product_cat","embeddable":true,"href":"https:\/\/torzokom.com\/en\/wp-json\/wp\/v2\/product_cat?post=8847"},{"taxonomy":"product_tag","embeddable":true,"href":"https:\/\/torzokom.com\/en\/wp-json\/wp\/v2\/product_tag?post=8847"}],"curies":[{"name":"wp","href":"https:\/\/api.w.org\/{rel}","templated":true}]}}