{"id":8940,"date":"2025-12-10T10:19:44","date_gmt":"2025-12-10T09:19:44","guid":{"rendered":"https:\/\/torzokom.com\/?post_type=product&#038;p=8940"},"modified":"2026-03-09T10:35:13","modified_gmt":"2026-03-09T09:35:13","slug":"pistoljski-metak-b-nine-kalibar-9mm-luger-2","status":"publish","type":"product","link":"https:\/\/torzokom.com\/en\/product\/pistoljski-metak-b-nine-kalibar-9mm-luger-2\/","title":{"rendered":"Pi\u0161toljski metak B NINE kalibar: 9mm Luger 124 GR FMJ"},"content":{"rendered":"<p><strong class=\"Yjhzub\" data-sfc-cb=\"\" data-complete=\"true\">B NINE 9mm Luger 124 GR FMJ<\/strong>\u00a0je vrhunska pi\u0161toljska municija \u010de\u0161ke proizvodnje, specijalno dizajnirana za strijelce koji zahtijevaju maksimalnu preciznost i pouzdanost tokom IPSC takmi\u010denja ili intenzivnih treninga na streli\u0161tu. Zahvaljuju\u0107i precizno izra\u0111enom zrnu od 124 greina (8 grama), ovaj metak pru\u017ea izuzetno ponovljive rezultate i stabilan nivo pritiska pri svakom okidanju.<\/p>\n<div class=\"Y3BBE\" data-sfc-cp=\"\" data-sfc-cb=\"\" data-hveid=\"CAEIARAA\" data-complete=\"true\" data-processed=\"true\">U svijetu sportskog strelja\u0161tva,\u00a0<strong class=\"Yjhzub\" data-sfc-cb=\"\" data-complete=\"true\" data-processed=\"true\">B NINE 9mm Luger 124 GR FMJ<\/strong>\u00a0se savr\u0161eno uklapa u\u00a0<strong class=\"Yjhzub\" data-sfc-cb=\"\" data-complete=\"true\" data-processed=\"true\">IDPA<\/strong> (International Defensive Pistol Association) standarde. Dok je ovaj metak primarno razvijan uz konsultacije sa IPSC strijelcima, njegove karakteristike ga \u010dine izvrsnim izborom i za IDPA &#8220;defanzivne&#8221; scenarije.<\/div>\n<div data-sfc-cp=\"\" data-sfc-cb=\"\" data-hveid=\"CAEIARAA\" data-complete=\"true\" data-processed=\"true\"><\/div>\n<div data-sfc-cp=\"\" data-sfc-cb=\"\" data-hveid=\"CAEIARAA\" data-complete=\"true\" data-processed=\"true\">\n<div class=\"Y3BBE\" data-sfc-cp=\"\" data-sfc-cb=\"\" data-hveid=\"CAEIBBAA\" data-complete=\"true\" data-processed=\"true\">U IDPA takmi\u010denjima, minimalni faktor snage za\u00a0<strong class=\"Yjhzub\" data-sfc-cb=\"\" data-complete=\"true\" data-processed=\"true\">SSP<\/strong>\u00a0(Stock Service Pistol) i\u00a0<strong class=\"Yjhzub\" data-sfc-cb=\"\" data-complete=\"true\" data-processed=\"true\">ESP<\/strong>\u00a0(Enhanced Service Pistol) divizije je obi\u010dno\u00a0<strong class=\"Yjhzub\" data-sfc-cb=\"\" data-complete=\"true\" data-processed=\"true\">125<\/strong>.<\/div>\n<ul class=\"KsbFXc U6u95\" data-sfc-cb=\"\" data-complete=\"true\" data-processed=\"true\">\n<li class=\"dF3vjf\" data-sfc-cb=\"\" data-hveid=\"CAEIBRAA\" data-complete=\"true\" data-sae=\"\"><span class=\"T286Pc\" data-sfc-cp=\"\" data-sfc-cb=\"\" data-complete=\"true\"><strong class=\"Yjhzub\" data-sfc-cb=\"\" data-complete=\"true\">B NINE 124 GR:<\/strong>\u00a0Sa brzinom od oko 350 m\/s, ovaj metak proizvodi faktor snage od pribli\u017eno\u00a0<strong class=\"Yjhzub\" data-sfc-cb=\"\" data-complete=\"true\">140<\/strong>. To zna\u010di da ste sigurno iznad limita (tzv. &#8220;safety margin&#8221;), \u010dak i ako se mjerenje vr\u0161i na hronografu po hladnom vremenu ili iz kra\u0107e cijevi pi\u0161tolja.<\/span><\/li>\n<\/ul>\n<div class=\"Fsg96\" data-sfc-cp=\"\" data-sfc-cb=\"\" data-complete=\"true\" data-processed=\"true\"><\/div>\n<\/div>\n","protected":false},"excerpt":{"rendered":"<div class=\"Y3BBE\" data-sfc-cp=\"\" data-sfc-cb=\"\" data-hveid=\"CAEIBBAA\" data-complete=\"true\" data-processed=\"true\"><strong class=\"Yjhzub\" data-sfc-cb=\"\" data-complete=\"true\" data-processed=\"true\">B NINE 9mm Luger 124 GR FMJ<\/strong>\u00a0je premium \u010de\u0161ka municija razvijena specijalno za IPSC i PCC strijelce koji tra\u017ee maksimalnu pouzdanost i preciznost. Zahvaljuju\u0107i zrnu od\u00a0<strong class=\"Yjhzub\" data-sfc-cb=\"\" data-complete=\"true\" data-processed=\"true\">124 greina (8 grama)<\/strong>, ovaj metak pru\u017ea idealan balans izme\u0111u brzine i mekog trzaja, \u0161to omogu\u0107ava br\u017ee nizanje pogodaka na meti. Proizveden uz strogu kontrolu kvaliteta i sa nekorozivnim Boxer kapislama, osigurava vrhunske performanse uz minimalno prljanje cijevi va\u0161eg oru\u017eja.<button class=\"rBl3me\" tabindex=\"0\" data-amic=\"true\" data-icl-uuid=\"61c3685f-f3a8-4417-8d9f-179bd2b51912\" aria-label=\"View related links\" data-wiz-attrbind=\"disabled=Z3KN8d_p\/C5gNJc;aria-label=Z3KN8d_p\/bOjMyf;class=Z3KN8d_p\/UpSNec\" data-ved=\"2ahUKEwi5iMGewJKTAxVExwIHHVWDDHEQye0OegYIAQgEEAE\" data-hveid=\"CAEIBBAB\"><\/button><\/div>\n<ul class=\"KsbFXc U6u95\" data-sfc-cb=\"\" data-complete=\"true\" data-processed=\"true\">\n<li class=\"dF3vjf\" data-sfc-cb=\"\" data-hveid=\"CAEIBRAA\" data-complete=\"true\" data-sae=\"\"><span class=\"T286Pc\" data-sfc-cp=\"\" data-sfc-cb=\"\" data-complete=\"true\"><strong class=\"Yjhzub\" data-sfc-cb=\"\" data-complete=\"true\">Te\u017eina zrna:<\/strong>\u00a0124 GR (8.0 g)<\/span><\/li>\n<li class=\"dF3vjf\" data-sfc-cb=\"\" data-hveid=\"CAEIBRAB\" data-complete=\"true\" data-sae=\"\"><span class=\"T286Pc\" data-sfc-cp=\"\" data-sfc-cb=\"\" data-complete=\"true\"><strong class=\"Yjhzub\" data-sfc-cb=\"\" data-complete=\"true\">Tip:<\/strong>\u00a0FMJ (Full Metal Jacket)<\/span><\/li>\n<li class=\"dF3vjf\" data-sfc-cb=\"\" data-hveid=\"CAEIBRAC\" data-complete=\"true\" data-sae=\"\"><span class=\"T286Pc\" data-sfc-cp=\"\" data-sfc-cb=\"\" data-complete=\"true\"><strong class=\"Yjhzub\" data-sfc-cb=\"\" data-complete=\"true\">Brzina (V5):<\/strong>\u00a0350 m\/s<\/span><\/li>\n<li class=\"dF3vjf\" data-sfc-cb=\"\" data-hveid=\"CAEIBRAD\" data-complete=\"true\" data-sae=\"\"><span class=\"T286Pc\" data-sfc-cp=\"\" data-sfc-cb=\"\" data-complete=\"true\" aria-owns=\"action-menu-parent-container\"><strong class=\"Yjhzub\" data-sfc-cb=\"\" data-complete=\"true\">Namjena:<\/strong>\u00a0Sportsko strelja\u0161tvo, IPSC, trening<\/span><\/li>\n<\/ul>\n","protected":false},"featured_media":9029,"template":"","meta":[],"product_cat":[15,178],"product_tag":[],"class_list":{"0":"post-8940","1":"product","2":"type-product","3":"status-publish","4":"has-post-thumbnail","6":"product_brand-best-bullets-group-s-r-o","7":"product_cat-municija","8":"product_cat-pistoljska-municija","10":"first","11":"instock","12":"taxable","13":"shipping-taxable","14":"purchasable","15":"product-type-simple"},"_links":{"self":[{"href":"https:\/\/torzokom.com\/en\/wp-json\/wp\/v2\/product\/8940","targetHints":{"allow":["GET"]}}],"collection":[{"href":"https:\/\/torzokom.com\/en\/wp-json\/wp\/v2\/product"}],"about":[{"href":"https:\/\/torzokom.com\/en\/wp-json\/wp\/v2\/types\/product"}],"version-history":[{"count":0,"href":"https:\/\/torzokom.com\/en\/wp-json\/wp\/v2\/product\/8940\/revisions"}],"wp:featuredmedia":[{"embeddable":true,"href":"https:\/\/torzokom.com\/en\/wp-json\/wp\/v2\/media\/9029"}],"wp:attachment":[{"href":"https:\/\/torzokom.com\/en\/wp-json\/wp\/v2\/media?parent=8940"}],"wp:term":[{"taxonomy":"product_cat","embeddable":true,"href":"https:\/\/torzokom.com\/en\/wp-json\/wp\/v2\/product_cat?post=8940"},{"taxonomy":"product_tag","embeddable":true,"href":"https:\/\/torzokom.com\/en\/wp-json\/wp\/v2\/product_tag?post=8940"}],"curies":[{"name":"wp","href":"https:\/\/api.w.org\/{rel}","templated":true}]}}